{"id":41591,"date":"2024-06-09T15:56:24","date_gmt":"2024-06-09T12:56:24","guid":{"rendered":"https:\/\/agrozone.ee\/toode\/luonnonmukainen-mustikkalannoite-2l\/"},"modified":"2024-06-09T15:56:24","modified_gmt":"2024-06-09T13:56:24","slug":"luonnonmukainen-mustikkalannoite-2l","status":"publish","type":"product","link":"https:\/\/agrozone.ee\/fi\/tuote\/luonnonmukainen-mustikkalannoite-2l\/","title":{"rendered":"Luonnonmukainen mustikkalannoite 2l"},"content":{"rendered":"<p>Laadukas orgaaninen lannoite, joka sis\u00e4lt\u00e4\u00e4 hivenaineita. Lannoite on valmistettu vain luonnollisista aineista eik\u00e4 sis\u00e4ll\u00e4 kemiallisia lis\u00e4aineita. Sopii mustikoiden lannoitukseen kev\u00e4\u00e4ll\u00e4 ja kes\u00e4ll\u00e4. Orgaanisilla lannoitteilla kasvatettujen hedelmien ja vihannesten sy\u00f6minen on terveellist\u00e4 ja ymp\u00e4rist\u00f6yst\u00e4v\u00e4llist\u00e4. Lannoite parantaa kasvien kasvua ja kehityst\u00e4 sek\u00e4 lis\u00e4\u00e4 satoa. Ravinteiden puute maaper\u00e4ss\u00e4 heikent\u00e4\u00e4 marjojen muodostumista, aiheuttaa kuihtumista ja v\u00e4hent\u00e4\u00e4 satoa. Seurauksena marjat ovat pienempi\u00e4 ja mauttomampia.     <\/p>\n<p>&nbsp;<\/p>\n<h3>K\u00e4ytt\u00f6ohjeet<\/h3>\n<p>Ripottele lannoite tasaisesti kasvin ymp\u00e4rille tai sekoita multaan. Lannoituksen j\u00e4lkeen on suositeltavaa kastella kasvit.  Mustikat kasvavat happamassa maaper\u00e4ss\u00e4, jonka pH on 3,5\u20134,8. K\u00c4YTT\u00d6OHJE. Mustikkakasvit 2 l\/m\u00b2.<\/p>\n","protected":false},"excerpt":{"rendered":"<p>Laadukas orgaaninen lannoite, joka sis\u00e4lt\u00e4\u00e4 hivenaineita. Lannoite on valmistettu vain luonnollisista aineista eik\u00e4 sis\u00e4ll\u00e4 kemiallisia lis\u00e4aineita. Sopii mustikoiden lannoitukseen kev\u00e4\u00e4ll\u00e4 ja kes\u00e4ll\u00e4. Orgaanisilla lannoitteilla kasvatettujen hedelmien ja vihannesten sy\u00f6minen on terveellist\u00e4 ja ymp\u00e4rist\u00f6yst\u00e4v\u00e4llist\u00e4. Lannoite parantaa kasvien kasvua ja kehityst\u00e4 sek\u00e4 lis\u00e4\u00e4 satoa. Ravinteiden puute maaper\u00e4ss\u00e4 heikent\u00e4\u00e4 marjojen muodostumista, aiheuttaa kuihtumista ja v\u00e4hent\u00e4\u00e4 satoa. Seurauksena marjat ovat pienempi\u00e4 ja mauttomampia.     <\/p>\n<p>&nbsp;<\/p>\n","protected":false},"featured_media":57404,"template":"","meta":{"_acf_changed":false,"_seopress_robots_primary_cat":"","_seopress_titles_title":"","_seopress_titles_desc":"","_seopress_robots_index":"","_gspb_post_css":""},"product_brand":[],"product_cat":[2392,2438,2396,2460],"product_tag":[],"class_list":{"0":"post-41591","1":"product","2":"type-product","3":"status-publish","4":"has-post-thumbnail","6":"product_cat-kaikki-luokat","7":"product_cat-lannoitteet","8":"product_cat-luomuviljely","9":"product_cat-puutarhalannoitteet","11":"first","12":"instock","13":"taxable","14":"shipping-taxable","15":"purchasable","16":"product-type-simple"},"ct_brands":[],"acf":[],"_links":{"self":[{"href":"https:\/\/agrozone.ee\/fi\/wp-json\/wp\/v2\/product\/41591","targetHints":{"allow":["GET"]}}],"collection":[{"href":"https:\/\/agrozone.ee\/fi\/wp-json\/wp\/v2\/product"}],"about":[{"href":"https:\/\/agrozone.ee\/fi\/wp-json\/wp\/v2\/types\/product"}],"wp:featuredmedia":[{"embeddable":true,"href":"https:\/\/agrozone.ee\/fi\/wp-json\/wp\/v2\/media\/57404"}],"wp:attachment":[{"href":"https:\/\/agrozone.ee\/fi\/wp-json\/wp\/v2\/media?parent=41591"}],"wp:term":[{"taxonomy":"product_brand","embeddable":true,"href":"https:\/\/agrozone.ee\/fi\/wp-json\/wp\/v2\/product_brand?post=41591"},{"taxonomy":"product_cat","embeddable":true,"href":"https:\/\/agrozone.ee\/fi\/wp-json\/wp\/v2\/product_cat?post=41591"},{"taxonomy":"product_tag","embeddable":true,"href":"https:\/\/agrozone.ee\/fi\/wp-json\/wp\/v2\/product_tag?post=41591"}],"curies":[{"name":"wp","href":"https:\/\/api.w.org\/{rel}","templated":true}]}}