{"id":41595,"date":"2024-06-09T16:13:03","date_gmt":"2024-06-09T13:13:03","guid":{"rendered":"https:\/\/agrozone.ee\/toode\/huonekasvien-kasteluun-tarkoitettu-lannoite-300-g\/"},"modified":"2024-06-09T16:13:03","modified_gmt":"2024-06-09T14:13:03","slug":"huonekasvien-kasteluun-tarkoitettu-lannoite-300-g","status":"publish","type":"product","link":"https:\/\/agrozone.ee\/fi\/tuote\/huonekasvien-kasteluun-tarkoitettu-lannoite-300-g\/","title":{"rendered":"Huonekasvien kasteluun tarkoitettu lannoite 300 g"},"content":{"rendered":"<p><strong>Huonekasvien kasteluun tarkoitettu lannoite 300 g<\/strong><\/p>\n<p data-sourcepos=\"3:1-3:48\">Pid\u00e4 huonekasvisi rehevin\u00e4 ja tervein\u00e4 t\u00e4ll\u00e4 erityisesti suunnitellulla kasteluun tarkoitetulla lannoitteella! T\u00e4m\u00e4 300 g:n pakkaus varmistaa, ett\u00e4 vihre\u00e4t yst\u00e4v\u00e4si saavat kaikki tarvittavat ravinteet pitk\u00e4ksi aikaa. <\/p>\n<p data-sourcepos=\"5:1-5:13\"><strong>Ominaisuudet:<\/strong><\/p>\n<ul data-sourcepos=\"7:1-7:33\">\n<li data-sourcepos=\"7:1-7:33\"><strong>Terve kasvu:<\/strong> Antaa kasveille kaikki t\u00e4rke\u00e4t makro- ja mikroelementit, edist\u00e4\u00e4 voimakasta kasvua ja rehev\u00e4\u00e4 lehdist\u00f6\u00e4.<\/li>\n<li data-sourcepos=\"8:1-8:91\"><strong>Kaikki yhdess\u00e4 -ratkaisu:<\/strong> Ihanteellinen sek\u00e4 kukkiville ett\u00e4 lehtikasveille.<\/li>\n<li data-sourcepos=\"9:1-9:126\"><strong>Helppok\u00e4ytt\u00f6inen:<\/strong> Liukenee nopeasti veteen, mik\u00e4 tekee lannoittamisesta eritt\u00e4in helppoa. Lis\u00e4\u00e4 vain kasteluveteen ohjeiden mukaisesti. <\/li>\n<li data-sourcepos=\"10:1-10:86\"><strong>Pitk\u00e4kestoinen:<\/strong> 300 g:n pakkaus kest\u00e4\u00e4 pitk\u00e4\u00e4n ja tarjoaa kasveille jatkuvaa ravintoa.<\/li>\n<li data-sourcepos=\"11:1-11:61\"><strong>Vahvistaa kasveja:<\/strong> Auttaa kasveja vastustamaan paremmin tauteja ja tuholaisia.<\/li>\n<\/ul>\n<p data-sourcepos=\"13:1-13:21\"><strong>Sopii erinomaisesti:<\/strong><\/p>\n<ul data-sourcepos=\"15:1-17:0\">\n<li data-sourcepos=\"15:1-15:101\">Kaikille huonekasveille, mukaan lukien orkideat, mehikasvit, saniaiset ja monet muut.<\/li>\n<li data-sourcepos=\"16:1-17:0\">Sek\u00e4 aloitteleville ett\u00e4 kokeneille kasvinviljelij\u00f6ille.<\/li>\n<\/ul>\n<p data-sourcepos=\"18:1-18:68\"><strong>Her\u00e4t\u00e4 huonekasvisi eloon t\u00e4ll\u00e4 ravinteikkaalla kasteluveteen sekoitettavalla lannoitteella!<\/strong><\/p>\n<p data-sourcepos=\"20:1-20:97\"><strong>K\u00e4ytt\u00f6:<\/strong> Noudata pakkauksessa olevia ohjeita saadaksesi tarkat annostus- ja k\u00e4ytt\u00f6tiheystiedot.<\/p>\n<p data-sourcepos=\"22:1-22:65\"><strong>Huomio:<\/strong> S\u00e4ilytett\u00e4v\u00e4 lasten ja lemmikkiel\u00e4inten ulottumattomissa.<\/p>\n<p data-sourcepos=\"26:1-26:60\"><strong>Osta heti ja anna kasveillesi parasta mahdollista hoitoa!<\/strong><\/p>\n<p>Sopii sek\u00e4 kukkiville ett\u00e4 lehtikasveille:<\/p>\n<ul>\n<li>polvijalkaisten<\/li>\n<li>sulkasaniaisten<\/li>\n<li>neulak\u00f6ynn\u00f6sten<\/li>\n<li>sanikkaisten<\/li>\n<li>muratin<\/li>\n<li>ruusujen<\/li>\n<li>pelargonien<\/li>\n<li>flamingokukkien<\/li>\n<li>anopinkieli<\/li>\n<li>pasuunankukkien<\/li>\n<li>esikkojen<\/li>\n<li>kalanchoeiden<\/li>\n<li>traakkipuiden<\/li>\n<li>alppiruusujen<\/li>\n<li>jne. huonekasvien kasteluun.<\/li>\n<\/ul>\n<h4>K\u00e4ytt\u00f6ohjeet<\/h4>\n<ul>\n<li>Liuota jauhe veteen ja kastele kasveja 1 kukkurallisella mitallisella* 1 litraan vett\u00e4 valmistetulla liuoksella kasvukaudella (maaliskuusta lokakuuhun) kerran viikossa ja talvella kerran kuukaudessa.<\/li>\n<li>\u00c4mp\u00e4riss\u00e4 on mittalusikka.<\/li>\n<li>1 kukkuramitallinen lannoitetta = 2 g.<\/li>\n<li>300 g riitt\u00e4\u00e4 600 litraan vett\u00e4.<\/li>\n<\/ul>\n","protected":false},"excerpt":{"rendered":"<ul>\n<li>Nopeasti vaikuttava veteen liukeneva hivenaineita sis\u00e4lt\u00e4v\u00e4 t\u00e4yslannoite huonekasvien kasteluun.<\/li>\n<\/ul>\n<p>Sopii sek\u00e4 kukkiville ett\u00e4 lehtikasveille:<\/p>\n<ul>\n<li>polvijalkaisten<\/li>\n<li>sulkasaniaisten<\/li>\n<li>neulak\u00f6ynn\u00f6sten<\/li>\n<li>sanikkaisten<\/li>\n<li>muratin<\/li>\n<li>ruusujen<\/li>\n<li>pelargonien<\/li>\n<li>flamingokukkien<\/li>\n<li>anopinkieli<\/li>\n<li>pasuunankukkien<\/li>\n<li>esikkojen<\/li>\n<li>kalanchoeiden<\/li>\n<li>traakkipuiden<\/li>\n<li>alppiruusujen<\/li>\n<li>jne. huonekasvien kasteluun.<\/li>\n<\/ul>\n","protected":false},"featured_media":57625,"template":"","meta":{"_acf_changed":false,"_seopress_robots_primary_cat":"none","_seopress_titles_title":"","_seopress_titles_desc":"Huonekasvien kasteluun tarkoitettu lannoite - Nopeasti vaikuttava veteen liukeneva t\u00e4yslannoite huonekasvien kasteluun. Sopii sek\u00e4 kukkiville ett\u00e4 lehtikasveille. ","_seopress_robots_index":"","_gspb_post_css":""},"product_brand":[],"product_cat":[2467,2392,2461,2438],"product_tag":[],"class_list":{"0":"post-41595","1":"product","2":"type-product","3":"status-publish","4":"has-post-thumbnail","6":"product_cat-huonekasvien-lannoitteet","7":"product_cat-kaikki-luokat","8":"product_cat-kasteluun-sekoitettava-lannoite","9":"product_cat-lannoitteet","11":"first","12":"instock","13":"featured","14":"taxable","15":"shipping-taxable","16":"purchasable","17":"product-type-simple"},"ct_brands":[],"acf":[],"_links":{"self":[{"href":"https:\/\/agrozone.ee\/fi\/wp-json\/wp\/v2\/product\/41595","targetHints":{"allow":["GET"]}}],"collection":[{"href":"https:\/\/agrozone.ee\/fi\/wp-json\/wp\/v2\/product"}],"about":[{"href":"https:\/\/agrozone.ee\/fi\/wp-json\/wp\/v2\/types\/product"}],"wp:featuredmedia":[{"embeddable":true,"href":"https:\/\/agrozone.ee\/fi\/wp-json\/wp\/v2\/media\/57625"}],"wp:attachment":[{"href":"https:\/\/agrozone.ee\/fi\/wp-json\/wp\/v2\/media?parent=41595"}],"wp:term":[{"taxonomy":"product_brand","embeddable":true,"href":"https:\/\/agrozone.ee\/fi\/wp-json\/wp\/v2\/product_brand?post=41595"},{"taxonomy":"product_cat","embeddable":true,"href":"https:\/\/agrozone.ee\/fi\/wp-json\/wp\/v2\/product_cat?post=41595"},{"taxonomy":"product_tag","embeddable":true,"href":"https:\/\/agrozone.ee\/fi\/wp-json\/wp\/v2\/product_tag?post=41595"}],"curies":[{"name":"wp","href":"https:\/\/api.w.org\/{rel}","templated":true}]}}