{"id":41599,"date":"2024-06-09T15:55:18","date_gmt":"2024-06-09T13:55:18","guid":{"rendered":"https:\/\/agrozone.ee\/toode\/rakeinen-kalkki-maan-kalkitsemiseen-25-kg\/"},"modified":"2024-06-09T15:55:18","modified_gmt":"2024-06-09T13:55:18","slug":"rakeinen-kalkki-maan-kalkitsemiseen-25-kg","status":"publish","type":"product","link":"https:\/\/agrozone.ee\/fi\/tuote\/rakeinen-kalkki-maan-kalkitsemiseen-25-kg\/","title":{"rendered":"Rakeinen kalkki (maan kalkitsemiseen) 25 kg"},"content":{"rendered":"<p>Rakeistettu puutarha- ja nurmikkokalkki on nopeasti vaikuttavaa ja eritt\u00e4in aktiivista rakeistettua liitujauhetta, jota k\u00e4ytet\u00e4\u00e4n mineraalimaan ja nurmikon happamuuden v\u00e4hent\u00e4miseen sek\u00e4 kasvien kalsiumin puutteen poistamiseen. Kalkin lis\u00e4\u00e4misen seurauksena maaper\u00e4n pH nousee, ravinteiden liukoisuus paranee ja maaper\u00e4n mikro-organismien toiminta vilkastuu.  Kalkitseminen est\u00e4\u00e4 sammalen kasvua nurmikossa.<\/p>\n<p>&nbsp;<\/p>\n<h3>K\u00e4ytt\u00f6ohjeet<\/h3>\n<p>Voidaan k\u00e4ytt\u00e4\u00e4 ymp\u00e4ri vuoden. Kalkkia voi levitt\u00e4\u00e4 maan (tai nurmikon) pinnalle tai sekoittaa maahan. Viljelykasveille sopivat pH-tasot: pH 6-7: avomaankurkku, tomaatti, sipuli, herne, kaali, lanttu, papu, porkkana, punajuuri, purjo, raparperi, tulppaanit; pH 6-6,6: mansikat, marjat, hedelm\u00e4puut, koristekasvit, peruna; pH 5,5-6,5: nurmikot. K\u00e4ytt\u00f6m\u00e4\u00e4r\u00e4: Puutarhan perustamisen tai kasvien istutuksen yhteydess\u00e4 sekoitetaan maahan 25 kg\/250 m\u00b2. Vuosittain maan pinnalle 25 kg\/500 m\u00b2.    <\/p>\n","protected":false},"excerpt":{"rendered":"<p>Rakeistettu puutarha- ja nurmikkokalkki on nopeasti vaikuttavaa ja eritt\u00e4in aktiivista rakeistettua liitujauhetta, jota k\u00e4ytet\u00e4\u00e4n mineraalimaan ja nurmikon happamuuden v\u00e4hent\u00e4miseen sek\u00e4 kasvien kalsiumin puutteen poistamiseen. Kalkin lis\u00e4\u00e4misen seurauksena maaper\u00e4n pH nousee, ravinteiden liukoisuus paranee ja maaper\u00e4n mikro-organismien toiminta vilkastuu.  Kalkitseminen est\u00e4\u00e4 sammalen kasvua nurmikossa.<\/p>\n","protected":false},"featured_media":41601,"template":"","meta":{"_acf_changed":false,"_seopress_robots_primary_cat":"","_seopress_titles_title":"","_seopress_titles_desc":"","_seopress_robots_index":"","_gspb_post_css":""},"product_brand":[],"product_cat":[2465,2392,2438,2460],"product_tag":[],"class_list":{"0":"post-41599","1":"product","2":"type-product","3":"status-publish","4":"has-post-thumbnail","6":"product_cat-ammattituotteet","7":"product_cat-kaikki-luokat","8":"product_cat-lannoitteet","9":"product_cat-puutarhalannoitteet","11":"first","12":"instock","13":"taxable","14":"shipping-taxable","15":"purchasable","16":"product-type-simple"},"ct_brands":[],"acf":[],"_links":{"self":[{"href":"https:\/\/agrozone.ee\/fi\/wp-json\/wp\/v2\/product\/41599","targetHints":{"allow":["GET"]}}],"collection":[{"href":"https:\/\/agrozone.ee\/fi\/wp-json\/wp\/v2\/product"}],"about":[{"href":"https:\/\/agrozone.ee\/fi\/wp-json\/wp\/v2\/types\/product"}],"wp:featuredmedia":[{"embeddable":true,"href":"https:\/\/agrozone.ee\/fi\/wp-json\/wp\/v2\/media\/41601"}],"wp:attachment":[{"href":"https:\/\/agrozone.ee\/fi\/wp-json\/wp\/v2\/media?parent=41599"}],"wp:term":[{"taxonomy":"product_brand","embeddable":true,"href":"https:\/\/agrozone.ee\/fi\/wp-json\/wp\/v2\/product_brand?post=41599"},{"taxonomy":"product_cat","embeddable":true,"href":"https:\/\/agrozone.ee\/fi\/wp-json\/wp\/v2\/product_cat?post=41599"},{"taxonomy":"product_tag","embeddable":true,"href":"https:\/\/agrozone.ee\/fi\/wp-json\/wp\/v2\/product_tag?post=41599"}],"curies":[{"name":"wp","href":"https:\/\/api.w.org\/{rel}","templated":true}]}}