{"id":41600,"date":"2024-06-09T15:56:24","date_gmt":"2024-06-09T13:56:24","guid":{"rendered":"https:\/\/agrozone.ee\/toode\/kukkien-marjojen-ja-vihannesten-lannoite-1l\/"},"modified":"2024-06-09T15:56:24","modified_gmt":"2024-06-09T13:56:24","slug":"kukkien-marjojen-ja-vihannesten-lannoite-1l","status":"publish","type":"product","link":"https:\/\/agrozone.ee\/fi\/tuote\/kukkien-marjojen-ja-vihannesten-lannoite-1l\/","title":{"rendered":"Kukkien, marjojen ja vihannesten lannoite 1l"},"content":{"rendered":"<p>Nopeasti vaikuttava veteen liukeneva t\u00e4yslannoite, joka sis\u00e4lt\u00e4\u00e4 hivenaineita. Sopii ruusujen, mansikoiden, kes\u00e4kukkien, huone-, parveke-, amppeli-, kasvihuone- ja avomaakasvien (tomaatti, kurkku, porkkana, kaali, peruna, salaatti, yrtit), koriste- ja marjapensaiden sek\u00e4 hedelm\u00e4puiden kasteluun. Sis\u00e4lt\u00e4\u00e4 kaikkia kasvien kasvuun ja kehitykseen tarvittavia p\u00e4\u00e4ravinteita ja hivenaineita sopivassa suhteessa.  Lannoitteen k\u00e4ytt\u00f6 antaa kukille kirkkaan kukkien v\u00e4rin, rehev\u00e4t kukat, runsaan ja pitk\u00e4aikaisen kukinnan, vahvan juuriston ja intensiivisen vihre\u00e4n lehtien v\u00e4rin. Marja- ja vihannesviljelm\u00e4t tuottavat maukkaita ja runsaita satoja. Tasapainoisesti ravitut kasvit ovat vastustuskykyisempi\u00e4 tuholaisille ja sienitaudeille.<\/p>\n<h3>K\u00e4ytt\u00f6ohjeet<\/h3>\n<p>1 litrasta lannoitetta riitt\u00e4\u00e4 250 litran kasteluliuoksen valmistukseen. K\u00c4YTT\u00d6.  Kastele kasveja lannoiteliuoksella kasvukauden aikana (maaliskuusta lokakuuhun) kerran viikossa. Talvella kasveja kastellaan lannoiteliuoksella kerran kuukaudessa.<\/p>\n","protected":false},"excerpt":{"rendered":"<p>Nopeasti vaikuttava veteen liukeneva t\u00e4yslannoite, joka sis\u00e4lt\u00e4\u00e4 hivenaineita. Sopii ruusujen, mansikoiden, kes\u00e4kukkien, huone-, parveke-, amppeli-, kasvihuone- ja avomaakasvien (tomaatti, kurkku, porkkana, kaali, peruna, salaatti, yrtit), koriste- ja marjapensaiden sek\u00e4 hedelm\u00e4puiden kasteluun. Sis\u00e4lt\u00e4\u00e4 kaikkia kasvien kasvuun ja kehitykseen tarvittavia p\u00e4\u00e4ravinteita ja hivenaineita sopivassa suhteessa.  Lannoitteen k\u00e4ytt\u00f6 antaa kukille kirkkaan kukkien v\u00e4rin, rehev\u00e4t kukat, runsaan ja pitk\u00e4aikaisen kukinnan, vahvan juuriston ja intensiivisen vihre\u00e4n lehtien v\u00e4rin. Marja- ja vihannesviljelm\u00e4t tuottavat maukkaita ja runsaita satoja. Tasapainoisesti ravitut kasvit ovat vastustuskykyisempi\u00e4 tuholaisille ja sienitaudeille.<\/p>\n","protected":false},"featured_media":41602,"template":"","meta":{"_acf_changed":false,"_seopress_robots_primary_cat":"none","_seopress_titles_title":"","_seopress_titles_desc":"","_seopress_robots_index":"","_gspb_post_css":""},"product_brand":[],"product_cat":[2392,2461,2438,2468,2460],"product_tag":[],"class_list":{"0":"post-41600","1":"product","2":"type-product","3":"status-publish","4":"has-post-thumbnail","6":"product_cat-kaikki-luokat","7":"product_cat-kasteluun-sekoitettava-lannoite","8":"product_cat-lannoitteet","9":"product_cat-nestemainen-lannoite","10":"product_cat-puutarhalannoitteet","12":"first","13":"instock","14":"taxable","15":"shipping-taxable","16":"purchasable","17":"product-type-simple"},"ct_brands":[],"acf":[],"_links":{"self":[{"href":"https:\/\/agrozone.ee\/fi\/wp-json\/wp\/v2\/product\/41600","targetHints":{"allow":["GET"]}}],"collection":[{"href":"https:\/\/agrozone.ee\/fi\/wp-json\/wp\/v2\/product"}],"about":[{"href":"https:\/\/agrozone.ee\/fi\/wp-json\/wp\/v2\/types\/product"}],"wp:featuredmedia":[{"embeddable":true,"href":"https:\/\/agrozone.ee\/fi\/wp-json\/wp\/v2\/media\/41602"}],"wp:attachment":[{"href":"https:\/\/agrozone.ee\/fi\/wp-json\/wp\/v2\/media?parent=41600"}],"wp:term":[{"taxonomy":"product_brand","embeddable":true,"href":"https:\/\/agrozone.ee\/fi\/wp-json\/wp\/v2\/product_brand?post=41600"},{"taxonomy":"product_cat","embeddable":true,"href":"https:\/\/agrozone.ee\/fi\/wp-json\/wp\/v2\/product_cat?post=41600"},{"taxonomy":"product_tag","embeddable":true,"href":"https:\/\/agrozone.ee\/fi\/wp-json\/wp\/v2\/product_tag?post=41600"}],"curies":[{"name":"wp","href":"https:\/\/api.w.org\/{rel}","templated":true}]}}