{"id":41603,"date":"2024-06-09T15:50:12","date_gmt":"2024-06-09T12:50:12","guid":{"rendered":"https:\/\/agrozone.ee\/toode\/hortensialannoite-1-kg-rasia\/"},"modified":"2025-12-09T09:41:15","modified_gmt":"2025-12-09T07:41:15","slug":"hortensialannoite-1-kg-rasia","status":"publish","type":"product","link":"https:\/\/agrozone.ee\/fi\/tuote\/hortensialannoite-1-kg-rasia\/","title":{"rendered":"Hortensialannoite 1 kg rasia"},"content":{"rendered":"<p><strong>Hortensialannoite 1 kg rasia &#8211; <\/strong><strong>NPK-lannoite N-P<sub>2<\/sub>O<sub>5<\/sub>-K<sub>2<\/sub>O (Mg+S) 12-12-17 (1,2+14) hivenaineilla. <\/strong><\/p>\n<ul>\n<li>Hortensialannoite on hivenaineita sis\u00e4lt\u00e4v\u00e4 laadukas t\u00e4yslannoite, joka sopii kaikkien hortensialajien lannoitukseen.<\/li>\n<li>Typpi vahvistaa lehtien intensiivist\u00e4 vihre\u00e4\u00e4 v\u00e4ri\u00e4 ja parantaa kasvin rehev\u00e4\u00e4 kasvua.<\/li>\n<li>Lannoitteessa oleva kalium edist\u00e4\u00e4 suurten kukintojen muodostumista ja varmistaa my\u00f6s kukintojen pidemm\u00e4n kest\u00e4vyyden pensaassa.<\/li>\n<li>Fosfori lis\u00e4\u00e4 kasvien vastustuskyky\u00e4 kuivuutta, kylmyytt\u00e4 ja tauteja vastaan.<\/li>\n<\/ul>\n<h4>K\u00e4ytt\u00f6ohjeet<\/h4>\n<ul>\n<li>Lannoita hortensialannoitteella kaksi kertaa kasvukauden aikana: kev\u00e4\u00e4ll\u00e4 ja kes\u00e4ll\u00e4.<\/li>\n<li>Ripottele lannoite tasaisesti kasvin ymp\u00e4rille ja sekoita multaan, ja kastele sitten.<\/li>\n<li>Elokuusta syyskuuhun lannoita kasveja Baltic Agron syyspuutarhalannoitteella.<\/li>\n<\/ul>\n<p><strong>K\u00c4YTT\u00d6M\u00c4\u00c4R\u00c4T:<\/strong> 40-60 g\/m\u00b2 eli yksi kourallinen nuorelle kasville tai kaksi kourallista t\u00e4ysikasvuiselle kasville.<\/p>\n<ul>\n<li>40 g = noin kourallinen.<\/li>\n<li>Huom! Hortensiat ovat herkki\u00e4 liikalannoitukselle.<\/li>\n<li>\u00c4l\u00e4 ylit\u00e4 suositeltuja m\u00e4\u00e4ri\u00e4.<\/li>\n<\/ul>\n","protected":false},"excerpt":{"rendered":"<p>Hortensialannoite on hivenaineita sis\u00e4lt\u00e4v\u00e4 laadukas t\u00e4yslannoite, joka sopii kaikkien hortensialajien lannoitukseen. Typpi vahvistaa lehtien intensiivist\u00e4 vihre\u00e4\u00e4 v\u00e4ri\u00e4 ja parantaa kasvin rehev\u00e4\u00e4 kasvua. Lannoitteessa oleva kalium edist\u00e4\u00e4 suurten kukintojen muodostumista ja varmistaa my\u00f6s kukintojen pidemm\u00e4n kest\u00e4vyyden pensaassa. Fosfori lis\u00e4\u00e4 kasvien vastustuskyky\u00e4 kuivuutta, kylmyytt\u00e4 ja tauteja vastaan.   <\/p>\n","protected":false},"featured_media":41604,"template":"","meta":{"_acf_changed":false,"_seopress_robots_primary_cat":"none","_seopress_titles_title":"","_seopress_titles_desc":"Hortensialannoite 1 kg rasia on hivenaineita sis\u00e4lt\u00e4v\u00e4 laadukas t\u00e4yslannoite, joka sopii kaikkien hortensialajien lannoitukseen.","_seopress_robots_index":"","_gspb_post_css":""},"product_brand":[],"product_cat":[2392,2438,2460],"product_tag":[],"class_list":{"0":"post-41603","1":"product","2":"type-product","3":"status-publish","4":"has-post-thumbnail","6":"product_cat-kaikki-luokat","7":"product_cat-lannoitteet","8":"product_cat-puutarhalannoitteet","10":"first","11":"instock","12":"taxable","13":"shipping-taxable","14":"purchasable","15":"product-type-simple"},"ct_brands":[],"acf":[],"_links":{"self":[{"href":"https:\/\/agrozone.ee\/fi\/wp-json\/wp\/v2\/product\/41603","targetHints":{"allow":["GET"]}}],"collection":[{"href":"https:\/\/agrozone.ee\/fi\/wp-json\/wp\/v2\/product"}],"about":[{"href":"https:\/\/agrozone.ee\/fi\/wp-json\/wp\/v2\/types\/product"}],"wp:featuredmedia":[{"embeddable":true,"href":"https:\/\/agrozone.ee\/fi\/wp-json\/wp\/v2\/media\/41604"}],"wp:attachment":[{"href":"https:\/\/agrozone.ee\/fi\/wp-json\/wp\/v2\/media?parent=41603"}],"wp:term":[{"taxonomy":"product_brand","embeddable":true,"href":"https:\/\/agrozone.ee\/fi\/wp-json\/wp\/v2\/product_brand?post=41603"},{"taxonomy":"product_cat","embeddable":true,"href":"https:\/\/agrozone.ee\/fi\/wp-json\/wp\/v2\/product_cat?post=41603"},{"taxonomy":"product_tag","embeddable":true,"href":"https:\/\/agrozone.ee\/fi\/wp-json\/wp\/v2\/product_tag?post=41603"}],"curies":[{"name":"wp","href":"https:\/\/api.w.org\/{rel}","templated":true}]}}