{"id":41605,"date":"2024-06-09T15:50:12","date_gmt":"2024-06-09T12:50:12","guid":{"rendered":"https:\/\/agrozone.ee\/toode\/hortensioiden-kasteluun-tarkoitettu-lannoite-300-g\/"},"modified":"2025-12-09T09:40:57","modified_gmt":"2025-12-09T07:40:57","slug":"hortensioiden-kasteluun-tarkoitettu-lannoite-300-g","status":"publish","type":"product","link":"https:\/\/agrozone.ee\/fi\/tuote\/hortensioiden-kasteluun-tarkoitettu-lannoite-300-g\/","title":{"rendered":"Hortensioiden kasteluun tarkoitettu lannoite 300 g"},"content":{"rendered":"<p>Nopeasti vaikuttava veteen liukeneva t\u00e4yslannoite hortensioiden kasteluun. Nopeuttaa kukinnan alkamista ja edist\u00e4\u00e4 uusien kukkanuppujen muodostumista. Lannoitteessa oleva magnesium vahvistaa kasveja, varmistaa optimaalisen kasvun ja tekee kukan v\u00e4rist\u00e4 kirkkaan. Lannoitteessa oleva kalium vahvistaa kasveja, tekee kukkien tuoksun intensiivisemm\u00e4ksi ja lis\u00e4\u00e4 kasvien kylm\u00e4nkest\u00e4vyytt\u00e4 sek\u00e4 vastustuskyky\u00e4 ep\u00e4suotuisia kasvuolosuhteita ja tauteja vastaan.   <\/p>\n<p>&nbsp;<\/p>\n<h3>K\u00e4ytt\u00f6ohjeet<\/h3>\n<p>Liuota jauhe veteen ja kastele kasveja 10 kukkurallisella mitallisella* 5 litraan vett\u00e4 valmistetulla liuoksella 2-3 viikon v\u00e4lein. Lehtien kautta lannoitettaessa liuota 10 kukkurallista mitallista 5 litraan vett\u00e4 ja suihkuta liuosta lehtiin. Kastelu on erityisen t\u00e4rke\u00e4\u00e4 kasvien kukinta-aikana.   *\u00c4mp\u00e4riss\u00e4 on mittalusikallinen. 1 kukkuramitallinen lannoitetta = 2 g. 300 grammaa riitt\u00e4\u00e4 75 litraan vett\u00e4.  <\/p>\n","protected":false},"excerpt":{"rendered":"<p>Nopeasti vaikuttava veteen liukeneva t\u00e4yslannoite hortensioiden kasteluun. Nopeuttaa kukinnan alkamista ja edist\u00e4\u00e4 uusien kukkanuppujen muodostumista. Lannoitteessa oleva magnesium vahvistaa kasveja, varmistaa optimaalisen kasvun ja tekee kukan v\u00e4rist\u00e4 kirkkaan. Lannoitteessa oleva kalium vahvistaa kasveja, tekee kukkien tuoksun intensiivisemm\u00e4ksi ja lis\u00e4\u00e4 kasvien kylm\u00e4nkest\u00e4vyytt\u00e4 sek\u00e4 vastustuskyky\u00e4 ep\u00e4suotuisia kasvuolosuhteita ja tauteja vastaan.   <\/p>\n","protected":false},"featured_media":41607,"template":"","meta":{"_acf_changed":false,"_seopress_robots_primary_cat":"","_seopress_titles_title":"","_seopress_titles_desc":"","_seopress_robots_index":"","_gspb_post_css":""},"product_brand":[],"product_cat":[2392,2461,2438,2460],"product_tag":[],"class_list":{"0":"post-41605","1":"product","2":"type-product","3":"status-publish","4":"has-post-thumbnail","6":"product_cat-kaikki-luokat","7":"product_cat-kasteluun-sekoitettava-lannoite","8":"product_cat-lannoitteet","9":"product_cat-puutarhalannoitteet","11":"first","12":"instock","13":"taxable","14":"shipping-taxable","15":"purchasable","16":"product-type-simple"},"ct_brands":[],"acf":[],"_links":{"self":[{"href":"https:\/\/agrozone.ee\/fi\/wp-json\/wp\/v2\/product\/41605","targetHints":{"allow":["GET"]}}],"collection":[{"href":"https:\/\/agrozone.ee\/fi\/wp-json\/wp\/v2\/product"}],"about":[{"href":"https:\/\/agrozone.ee\/fi\/wp-json\/wp\/v2\/types\/product"}],"wp:featuredmedia":[{"embeddable":true,"href":"https:\/\/agrozone.ee\/fi\/wp-json\/wp\/v2\/media\/41607"}],"wp:attachment":[{"href":"https:\/\/agrozone.ee\/fi\/wp-json\/wp\/v2\/media?parent=41605"}],"wp:term":[{"taxonomy":"product_brand","embeddable":true,"href":"https:\/\/agrozone.ee\/fi\/wp-json\/wp\/v2\/product_brand?post=41605"},{"taxonomy":"product_cat","embeddable":true,"href":"https:\/\/agrozone.ee\/fi\/wp-json\/wp\/v2\/product_cat?post=41605"},{"taxonomy":"product_tag","embeddable":true,"href":"https:\/\/agrozone.ee\/fi\/wp-json\/wp\/v2\/product_tag?post=41605"}],"curies":[{"name":"wp","href":"https:\/\/api.w.org\/{rel}","templated":true}]}}