{"id":41609,"date":"2024-06-09T15:50:11","date_gmt":"2024-06-09T12:50:11","guid":{"rendered":"https:\/\/agrozone.ee\/toode\/pitkavaikutteinen-nurmikkolannoite-3-4-kuukautta-10-kg\/"},"modified":"2025-12-09T09:41:15","modified_gmt":"2025-12-09T07:41:15","slug":"pitkavaikutteinen-nurmikkolannoite-3-4-kuukautta-10-kg","status":"publish","type":"product","link":"https:\/\/agrozone.ee\/fi\/tuote\/pitkavaikutteinen-nurmikkolannoite-3-4-kuukautta-10-kg\/","title":{"rendered":"Pitk\u00e4vaikutteinen nurmikkolannoite 3-4 kuukautta 10 kg"},"content":{"rendered":"<ul>\n<li>Pitk\u00e4vaikutteinen rakeinen nurmikkolannoite: hitaasti liukeneva typpi hajoaa maaper\u00e4n mikro-organismien vaikutuksesta, mik\u00e4 varmistaa typen asteittaisen liukenemisen.<\/li>\n<li>Tekee nurmikasvien juuristosta vahvemman ja nurmikosta vastustuskykyisemm\u00e4n tauteja, kuivuutta ja sammaloitumista vastaan.<\/li>\n<\/ul>\n<h3>K\u00e4ytt\u00f6ohjeet<\/h3>\n<ul>\n<li>K\u00c4YTT\u00d6 maaliskuusta hein\u00e4kuuhun.<\/li>\n<li>Parasta on lannoittaa aikaisin kev\u00e4\u00e4ll\u00e4, jotta lannoite ehtii vaikuttaa 12\u201316 viikon ajan.<\/li>\n<li>Ripottele viilein\u00e4 iltoina tai pilvisin\u00e4 p\u00e4ivin\u00e4.<\/li>\n<li>K\u00e4yt\u00e4 k\u00e4sineit\u00e4, jos ripottelet lannoitetta k\u00e4sin, tai k\u00e4yt\u00e4 lannoitteenlevitint\u00e4.<\/li>\n<li>Kastele nurmikko lannoitteen levityksen j\u00e4lkeen riitt\u00e4v\u00e4sti, kunnes lannoiterakeet eiv\u00e4t ole en\u00e4\u00e4 n\u00e4kyviss\u00e4.<\/li>\n<li>Nurmikon kastelematta j\u00e4tt\u00e4minen voi polttaa nurmikasveja ja hidastaa lannoitteen ravinteiden imeytymist\u00e4 kasveihin.<\/li>\n<li>Jos aiot kylv\u00e4\u00e4 tai kunnostaa nurmikkoa, levit\u00e4 lannoite ensin, kastele, kun lannoiterakeet ovat liuenneet, ja kylv\u00e4 sitten nurmikonsiemenet.<\/li>\n<li>Jos haluat nopeammin vaikuttavaa lannoitetta, valitse Baltic Agron nurmikkolannoite tai erikoislannoitteet kev\u00e4\u00e4lle, kes\u00e4lle ja syksylle.<\/li>\n<li>K\u00e4ytt\u00f6aika maaliskuusta hein\u00e4kuuhun.<\/li>\n<li><strong>Kylv\u00f6m\u00e4\u00e4r\u00e4<\/strong> 20-30 g\/m\u00b2.<\/li>\n<li>10 kg = 500 m\u00b2.<\/li>\n<\/ul>\n","protected":false},"excerpt":{"rendered":"<p>Pitk\u00e4vaikutteinen rakeinen nurmikkolannoite: hitaasti liukeneva typpi hajoaa maaper\u00e4n mikro-organismien vaikutuksesta ja varmistaa typen tasaisen vapautumisen. Vahvistaa nurmikasvien juuristoa ja tekee nurmikosta vastustuskykyisemm\u00e4n tauteja, kuivuutta ja sammaloitumista vastaan. <\/p>\n","protected":false},"featured_media":41611,"template":"","meta":{"_acf_changed":false,"_seopress_robots_primary_cat":"none","_seopress_titles_title":"","_seopress_titles_desc":"Pitk\u00e4vaikutteinen rakeinen nurmikkolannoite: hitaasti liukeneva typpi hajoaa maaper\u00e4n mikro-organismien vaikutuksesta, mik\u00e4 varmistaa typen asteittaisen liukenemisen.","_seopress_robots_index":"","_gspb_post_css":""},"product_brand":[],"product_cat":[2392,2438,2464,2463],"product_tag":[],"class_list":{"0":"post-41609","1":"product","2":"type-product","3":"status-publish","4":"has-post-thumbnail","6":"product_cat-kaikki-luokat","7":"product_cat-lannoitteet","8":"product_cat-nopeasti-vaikuttava-lannoite","9":"product_cat-nurmikkolannoitteet","11":"first","12":"instock","13":"taxable","14":"shipping-taxable","15":"purchasable","16":"product-type-simple"},"ct_brands":[],"acf":[],"_links":{"self":[{"href":"https:\/\/agrozone.ee\/fi\/wp-json\/wp\/v2\/product\/41609","targetHints":{"allow":["GET"]}}],"collection":[{"href":"https:\/\/agrozone.ee\/fi\/wp-json\/wp\/v2\/product"}],"about":[{"href":"https:\/\/agrozone.ee\/fi\/wp-json\/wp\/v2\/types\/product"}],"wp:featuredmedia":[{"embeddable":true,"href":"https:\/\/agrozone.ee\/fi\/wp-json\/wp\/v2\/media\/41611"}],"wp:attachment":[{"href":"https:\/\/agrozone.ee\/fi\/wp-json\/wp\/v2\/media?parent=41609"}],"wp:term":[{"taxonomy":"product_brand","embeddable":true,"href":"https:\/\/agrozone.ee\/fi\/wp-json\/wp\/v2\/product_brand?post=41609"},{"taxonomy":"product_cat","embeddable":true,"href":"https:\/\/agrozone.ee\/fi\/wp-json\/wp\/v2\/product_cat?post=41609"},{"taxonomy":"product_tag","embeddable":true,"href":"https:\/\/agrozone.ee\/fi\/wp-json\/wp\/v2\/product_tag?post=41609"}],"curies":[{"name":"wp","href":"https:\/\/api.w.org\/{rel}","templated":true}]}}