{"id":41610,"date":"2024-06-09T15:50:12","date_gmt":"2024-06-09T12:50:12","guid":{"rendered":"https:\/\/agrozone.ee\/toode\/hortensioiden-nestemainen-lannoite-500-ml\/"},"modified":"2025-12-09T09:41:17","modified_gmt":"2025-12-09T07:41:17","slug":"hortensioiden-nestemainen-lannoite-500-ml","status":"publish","type":"product","link":"https:\/\/agrozone.ee\/fi\/tuote\/hortensioiden-nestemainen-lannoite-500-ml\/","title":{"rendered":"Hortensioiden nestem\u00e4inen lannoite 500 ml"},"content":{"rendered":"<p><strong>Hortensioiden nestem\u00e4inen lannoite 500 ml<\/strong><\/p>\n<ul>\n<li>Hortensioiden nestem\u00e4inen lannoite on nopeasti vaikuttava veteen liukeneva hivenaineita sis\u00e4lt\u00e4v\u00e4 t\u00e4yslannoite kaikkien hortensialajien ja -lajikkeiden, kuten puutarha-, puu-, kiipeily-, tammihortensian ja monien muiden hortensioiden lannoitukseen.<\/li>\n<li>Sopii erityisen hyvin ruukuissa kasvatettavien hortensioiden lannoitukseen.<\/li>\n<li>Hortensialannoitetta suositellaan k\u00e4ytett\u00e4v\u00e4ksi my\u00f6s muiden happamassa maaper\u00e4ss\u00e4 viihtyvien kasvien lannoittamiseen.<\/li>\n<\/ul>\n<h3>K\u00e4ytt\u00f6ohjeet<\/h3>\n<ul>\n<li>Kukinta-aikana kastele kasveja lannoiteliuoksella kerran viikossa, muuna kasvukautena kastele kasveja lannoiteliuoksella joka toinen viikko.<\/li>\n<li>Elokuusta syyskuuhun lannoita kasveja Baltic Agron syyspuutarhalannoitteella.<\/li>\n<\/ul>\n<p>K\u00c4YTT\u00d6OHJE.<\/p>\n<ul>\n<li>Yksi pullonkorkillinen nestem\u00e4ist\u00e4 lannoitetta liuotetaan 5 litraan vett\u00e4.<\/li>\n<li>1 korkillinen = 20 ml.<\/li>\n<li>0,5 litrasta riitt\u00e4\u00e4 noin 83 litran kasteluveden valmistukseen.<\/li>\n<\/ul>\n","protected":false},"excerpt":{"rendered":"<ul>\n<li>Hortensioiden nestem\u00e4inen lannoite on nopeasti vaikuttava veteen liukeneva hivenaineita sis\u00e4lt\u00e4v\u00e4 t\u00e4yslannoite kaikkien hortensialajien ja -lajikkeiden, kuten puutarha-, puu-, kiipeily-, tammihortensian ja monien muiden hortensioiden lannoitukseen.<\/li>\n<li>Sopii erityisen hyvin ruukuissa kasvatettavien hortensioiden lannoitukseen.<\/li>\n<li>Hortensialannoitetta suositellaan k\u00e4ytett\u00e4v\u00e4ksi my\u00f6s muiden happamassa maaper\u00e4ss\u00e4 viihtyvien kasvien lannoittamiseen.<\/li>\n<\/ul>\n","protected":false},"featured_media":41612,"template":"","meta":{"_acf_changed":false,"_seopress_robots_primary_cat":"","_seopress_titles_title":"","_seopress_titles_desc":"Hortensiakasvien nestem\u00e4inen lannoite on nopeasti vaikuttava hivenaineita sis\u00e4lt\u00e4v\u00e4 t\u00e4yslannoite kaikkien hortensialajien ja tammihortensioiden lannoitukseen.","_seopress_robots_index":"","_gspb_post_css":""},"product_brand":[],"product_cat":[2392,2461,2438,2468,2460],"product_tag":[],"class_list":{"0":"post-41610","1":"product","2":"type-product","3":"status-publish","4":"has-post-thumbnail","6":"product_cat-kaikki-luokat","7":"product_cat-kasteluun-sekoitettava-lannoite","8":"product_cat-lannoitteet","9":"product_cat-nestemainen-lannoite","10":"product_cat-puutarhalannoitteet","12":"first","13":"instock","14":"taxable","15":"shipping-taxable","16":"purchasable","17":"product-type-simple"},"ct_brands":[],"acf":[],"_links":{"self":[{"href":"https:\/\/agrozone.ee\/fi\/wp-json\/wp\/v2\/product\/41610","targetHints":{"allow":["GET"]}}],"collection":[{"href":"https:\/\/agrozone.ee\/fi\/wp-json\/wp\/v2\/product"}],"about":[{"href":"https:\/\/agrozone.ee\/fi\/wp-json\/wp\/v2\/types\/product"}],"wp:featuredmedia":[{"embeddable":true,"href":"https:\/\/agrozone.ee\/fi\/wp-json\/wp\/v2\/media\/41612"}],"wp:attachment":[{"href":"https:\/\/agrozone.ee\/fi\/wp-json\/wp\/v2\/media?parent=41610"}],"wp:term":[{"taxonomy":"product_brand","embeddable":true,"href":"https:\/\/agrozone.ee\/fi\/wp-json\/wp\/v2\/product_brand?post=41610"},{"taxonomy":"product_cat","embeddable":true,"href":"https:\/\/agrozone.ee\/fi\/wp-json\/wp\/v2\/product_cat?post=41610"},{"taxonomy":"product_tag","embeddable":true,"href":"https:\/\/agrozone.ee\/fi\/wp-json\/wp\/v2\/product_tag?post=41610"}],"curies":[{"name":"wp","href":"https:\/\/api.w.org\/{rel}","templated":true}]}}