{"id":41614,"date":"2024-06-09T15:50:11","date_gmt":"2024-06-09T12:50:11","guid":{"rendered":"https:\/\/agrozone.ee\/toode\/kevaan-nurmikkolannoite-4-kg\/"},"modified":"2025-12-09T09:41:13","modified_gmt":"2025-12-09T07:41:13","slug":"kevaan-nurmikkolannoite-4-kg","status":"publish","type":"product","link":"https:\/\/agrozone.ee\/fi\/tuote\/kevaan-nurmikkolannoite-4-kg\/","title":{"rendered":"Kev\u00e4\u00e4n nurmikkolannoite 4 kg"},"content":{"rendered":"<ul>\n<li>Typpipitoinen nurmikon lannoite, joka stimuloi kasvua ja tiheytt\u00e4.<\/li>\n<li>Kev\u00e4\u00e4ll\u00e4 nurmikon elvytt\u00e4miseen ja kasvun edist\u00e4miseen sopii k\u00e4ytt\u00e4\u00e4 suuremman typpipitoisuuden omaavaa nurmikon lannoitetta tai kev\u00e4\u00e4n nurmikon lannoitetta.<\/li>\n<li><span style=\"font-size: 16px;\">T\u00e4m\u00e4 erikoislannoite tekee nurmikosta tihe\u00e4mm\u00e4n ja kest\u00e4v\u00e4mm\u00e4n kuivuudelle ja rikkakasvien kasvulle.<\/span><\/li>\n<\/ul>\n<h3>K\u00e4ytt\u00f6ohjeet<\/h3>\n<ul>\n<li>Lannoitusta voidaan aloittaa kasvien it\u00e4misen j\u00e4lkeen.<\/li>\n<li>K\u00e4yt\u00e4 varhaiskev\u00e4\u00e4n nurmikon it\u00e4misen j\u00e4lkeen aina keskikes\u00e4\u00e4n asti (maaliskuusta hein\u00e4kuuhun) 1-2 kertaa.<\/li>\n<li>Lannoite levitet\u00e4\u00e4n tasaisesti, mieluiten kuivalle nurmikolle.<\/li>\n<\/ul>\n<p><strong>Lannoitem\u00e4\u00e4r\u00e4:<\/strong> 1 kg = 50 m\u00b2.<\/p>\n<p><strong>Lannoitussuositukset:<\/strong> K\u00e4yt\u00e4 vain tarvittaessa. <span style=\"font-size: 16px;\">\u00c4l\u00e4 ylit\u00e4 suositeltuja<\/span><strong style=\"font-size: 16px;\"> m\u00e4\u00e4ri\u00e4.<\/strong><\/p>\n","protected":false},"excerpt":{"rendered":"<ul>\n<li>Typpipitoinen nurmikon lannoite, joka stimuloi kasvua ja tiheytt\u00e4.<\/li>\n<li>Kev\u00e4\u00e4ll\u00e4 nurmikon elvytt\u00e4miseen ja kasvun edist\u00e4miseen sopii k\u00e4ytt\u00e4\u00e4 suuremman typpipitoisuuden omaavaa nurmikon lannoitetta tai kev\u00e4\u00e4n nurmikon lannoitetta.<\/li>\n<li><span style=\"font-size: 16px;\">T\u00e4m\u00e4 erikoislannoite tekee nurmikosta tihe\u00e4mm\u00e4n ja kest\u00e4v\u00e4mm\u00e4n kuivuudelle ja rikkakasvien kasvulle.<\/span><\/li>\n<\/ul>\n","protected":false},"featured_media":57416,"template":"","meta":{"_acf_changed":false,"_seopress_robots_primary_cat":"none","_seopress_titles_title":"","_seopress_titles_desc":"Typpipitoinen nurmikon lannoite, joka stimuloi kasvua ja tiheytt\u00e4. T\u00e4m\u00e4 erikoislannoite tekee nurmikosta tihe\u00e4mm\u00e4n ja kest\u00e4v\u00e4mm\u00e4n kuivuudelle ja rikkakasvien kasvulle. ","_seopress_robots_index":"","_gspb_post_css":""},"product_brand":[],"product_cat":[2392,2462,2438,2463],"product_tag":[],"class_list":{"0":"post-41614","1":"product","2":"type-product","3":"status-publish","4":"has-post-thumbnail","6":"product_cat-kaikki-luokat","7":"product_cat-kevat","8":"product_cat-lannoitteet","9":"product_cat-nurmikkolannoitteet","11":"first","12":"instock","13":"taxable","14":"shipping-taxable","15":"purchasable","16":"product-type-simple"},"ct_brands":[],"acf":[],"_links":{"self":[{"href":"https:\/\/agrozone.ee\/fi\/wp-json\/wp\/v2\/product\/41614","targetHints":{"allow":["GET"]}}],"collection":[{"href":"https:\/\/agrozone.ee\/fi\/wp-json\/wp\/v2\/product"}],"about":[{"href":"https:\/\/agrozone.ee\/fi\/wp-json\/wp\/v2\/types\/product"}],"wp:featuredmedia":[{"embeddable":true,"href":"https:\/\/agrozone.ee\/fi\/wp-json\/wp\/v2\/media\/57416"}],"wp:attachment":[{"href":"https:\/\/agrozone.ee\/fi\/wp-json\/wp\/v2\/media?parent=41614"}],"wp:term":[{"taxonomy":"product_brand","embeddable":true,"href":"https:\/\/agrozone.ee\/fi\/wp-json\/wp\/v2\/product_brand?post=41614"},{"taxonomy":"product_cat","embeddable":true,"href":"https:\/\/agrozone.ee\/fi\/wp-json\/wp\/v2\/product_cat?post=41614"},{"taxonomy":"product_tag","embeddable":true,"href":"https:\/\/agrozone.ee\/fi\/wp-json\/wp\/v2\/product_tag?post=41614"}],"curies":[{"name":"wp","href":"https:\/\/api.w.org\/{rel}","templated":true}]}}