{"id":41615,"date":"2024-06-09T15:50:12","date_gmt":"2024-06-09T12:50:12","guid":{"rendered":"https:\/\/agrozone.ee\/toode\/alppiruusulannoite-1-kg-rasia\/"},"modified":"2025-12-09T09:41:16","modified_gmt":"2025-12-09T07:41:16","slug":"alppiruusulannoite-1-kg-rasia","status":"publish","type":"product","link":"https:\/\/agrozone.ee\/fi\/tuote\/alppiruusulannoite-1-kg-rasia\/","title":{"rendered":"Alppiruusulannoite 1 kg rasia"},"content":{"rendered":"<p><strong>Alppiruusulannoite 1 kg rasia &#8211;<\/strong><strong>NPK N-P<sub>2<\/sub>O<sub>5<\/sub>-K<sub>2<\/sub>O 12-6-24<\/strong><\/p>\n<ul>\n<li>Laadukas alppiruusulannoite sopii alppiruusuille, atsaleoille, hortensioille, pensasmustikoille, kanerville ja muille happamassa maaper\u00e4ss\u00e4 viihtyville turvepuutarhakasveille.<\/li>\n<li>Erityinen koostumus yll\u00e4pit\u00e4\u00e4 optimaalisen maaper\u00e4n happamuuden.<\/li>\n<\/ul>\n<h4>K\u00e4ytt\u00f6ohjeet<\/h4>\n<ul>\n<li>Lannoita heti alkukev\u00e4\u00e4ll\u00e4.<\/li>\n<li>Ripottele lannoite tasaisesti kasvin ymp\u00e4rille ja sekoita multaan.<\/li>\n<li>Kastele lannoituksen j\u00e4lkeen.<\/li>\n<li>Syksyll\u00e4 k\u00e4yt\u00e4 syyslannoitetta.<\/li>\n<li>1 kg= 25 m\u00b2.<\/li>\n<\/ul>\n","protected":false},"excerpt":{"rendered":"<ul>\n<li>Laadukas alppiruusulannoite sopii alppiruusuille, atsaleoille, hortensioille, pensasmustikoille, kanerville ja muille happamassa maaper\u00e4ss\u00e4 viihtyville turvepuutarhakasveille.<\/li>\n<li>Erityinen koostumus yll\u00e4pit\u00e4\u00e4 optimaalisen maaper\u00e4n happamuuden.<\/li>\n<\/ul>\n","protected":false},"featured_media":41616,"template":"","meta":{"_acf_changed":false,"_seopress_robots_primary_cat":"","_seopress_titles_title":"","_seopress_titles_desc":"Laadukas alppiruusulannoite sopii alppiruusuille, atsaleoille, hortensioille, pensasmustikoille ja kanerville. Yll\u00e4pit\u00e4\u00e4 optimaalisen maaper\u00e4n happamuuden. ","_seopress_robots_index":"","_gspb_post_css":""},"product_brand":[],"product_cat":[2392,2438,2460],"product_tag":[],"class_list":{"0":"post-41615","1":"product","2":"type-product","3":"status-publish","4":"has-post-thumbnail","6":"product_cat-kaikki-luokat","7":"product_cat-lannoitteet","8":"product_cat-puutarhalannoitteet","10":"first","11":"instock","12":"taxable","13":"shipping-taxable","14":"purchasable","15":"product-type-simple"},"ct_brands":[],"acf":[],"_links":{"self":[{"href":"https:\/\/agrozone.ee\/fi\/wp-json\/wp\/v2\/product\/41615","targetHints":{"allow":["GET"]}}],"collection":[{"href":"https:\/\/agrozone.ee\/fi\/wp-json\/wp\/v2\/product"}],"about":[{"href":"https:\/\/agrozone.ee\/fi\/wp-json\/wp\/v2\/types\/product"}],"wp:featuredmedia":[{"embeddable":true,"href":"https:\/\/agrozone.ee\/fi\/wp-json\/wp\/v2\/media\/41616"}],"wp:attachment":[{"href":"https:\/\/agrozone.ee\/fi\/wp-json\/wp\/v2\/media?parent=41615"}],"wp:term":[{"taxonomy":"product_brand","embeddable":true,"href":"https:\/\/agrozone.ee\/fi\/wp-json\/wp\/v2\/product_brand?post=41615"},{"taxonomy":"product_cat","embeddable":true,"href":"https:\/\/agrozone.ee\/fi\/wp-json\/wp\/v2\/product_cat?post=41615"},{"taxonomy":"product_tag","embeddable":true,"href":"https:\/\/agrozone.ee\/fi\/wp-json\/wp\/v2\/product_tag?post=41615"}],"curies":[{"name":"wp","href":"https:\/\/api.w.org\/{rel}","templated":true}]}}