{"id":41618,"date":"2024-06-09T15:54:57","date_gmt":"2024-06-09T12:54:57","guid":{"rendered":"https:\/\/agrozone.ee\/toode\/orkidearavinneliuos-40-kpl-35-ml-ampullissa\/"},"modified":"2026-03-10T10:10:54","modified_gmt":"2026-03-10T08:10:54","slug":"orkidearavinneliuos-40-kpl-35-ml-ampullissa","status":"publish","type":"product","link":"https:\/\/agrozone.ee\/fi\/tuote\/orkidearavinneliuos-40-kpl-35-ml-ampullissa\/","title":{"rendered":"Orkidearavinneliuos 40 kpl 35 ml ampullissa"},"content":{"rendered":"<p data-path-to-node=\"12\"><b data-path-to-node=\"12\" data-index-in-node=\"0\">Orkideoiden ravinneliuos k\u00e4tev\u00e4ss\u00e4 ampullissa (40 kpl x 35 ml)<\/b><\/p>\n<p data-path-to-node=\"13\"><b data-path-to-node=\"13\" data-index-in-node=\"49\">Erityinen, innovatiivisen koostumuksen omaava ravinneliuos kaikille orkidealajeille.<\/b> Jos haluat tarjota kasveillesi parasta huolenpitoa ymp\u00e4ri vuoden, on t\u00e4m\u00e4 40-osainen pakkaus ihanteellinen ratkaisu.<\/p>\n<p data-path-to-node=\"14\"><b data-path-to-node=\"14\" data-index-in-node=\"0\">Miksi valita t\u00e4m\u00e4 orkidean ravinneliuos?<\/b> Ravinneliuoksen s\u00e4\u00e4nn\u00f6llinen k\u00e4ytt\u00f6 tekee orkideoiden hoidosta helppoa ja tuo n\u00e4kyvi\u00e4 tuloksia:<\/p>\n<ul data-path-to-node=\"15\">\n<li>\n<p data-path-to-node=\"15,0,0\"><b data-path-to-node=\"15,0,0\" data-index-in-node=\"0\">Rehev\u00e4mpi kasvu:<\/b> Takaa elinvoimaiset ja mehev\u00e4t lehdet.<\/p>\n<\/li>\n<li>\n<p data-path-to-node=\"15,1,0\"><b data-path-to-node=\"15,1,0\" data-index-in-node=\"0\">Vahvempi kasvi:<\/b> Edist\u00e4\u00e4 vahvan juuriston kehityst\u00e4.<\/p>\n<\/li>\n<li>\n<p data-path-to-node=\"15,2,0\"><b data-path-to-node=\"15,2,0\" data-index-in-node=\"0\">Pidempi kauneus:<\/b> Pident\u00e4\u00e4 merkitt\u00e4v\u00e4sti orkideoiden kukinta-aikaa.<\/p>\n<\/li>\n<li>\n<p data-path-to-node=\"15,3,0\"><b data-path-to-node=\"15,3,0\" data-index-in-node=\"0\">Suojaava vaikutus:<\/b> Hyvin ravittu kasvi on huomattavasti vastustuskykyisempi tauteja ja tuhoel\u00e4imi\u00e4 vastaan.<\/p>\n<\/li>\n<\/ul>\n<p data-path-to-node=\"16\"><b data-path-to-node=\"16\" data-index-in-node=\"0\">Yksinkertainen k\u00e4ytt\u00f6ohje<\/b><br \/>T\u00e4m\u00e4 pitk\u00e4vaikutteinen orkidealannoite on suunniteltu helppoon kotik\u00e4ytt\u00f6\u00f6n ymp\u00e4ri vuoden. Orkidean ravinneliuos vaikuttaa jopa 4 viikkoa (edellytt\u00e4en, ett\u00e4 mullan kosteustaso on vakaa ja riitt\u00e4v\u00e4). <\/p>\n<ol start=\"1\" data-path-to-node=\"17\">\n<li>\n<p data-path-to-node=\"17,0,0\">K\u00e4yt\u00e4 ravinneliuosta <b data-path-to-node=\"17,0,0\" data-index-in-node=\"19\">kerran kuukaudessa<\/b> (yksi ampulli jokaiselle kasville).<\/p>\n<\/li>\n<li>\n<p data-path-to-node=\"17,1,0\">Taita ampullin k\u00e4rki poikki.<\/p>\n<\/li>\n<li>\n<p data-path-to-node=\"17,2,0\">Pist\u00e4 ampullin avattu p\u00e4\u00e4 multaan niin, ett\u00e4 ravinneliuos voi imeyty\u00e4 tasaisesti.<\/p>\n<\/li>\n<li>\n<p data-path-to-node=\"17,3,0\">Purista ampullia kevyesti varmistaaksesi, ettei k\u00e4rki ole tukkeutunut. Ampulli tyhjenee t\u00e4m\u00e4n j\u00e4lkeen itsest\u00e4\u00e4n. <\/p>\n<\/li>\n<li>\n<p data-path-to-node=\"17,4,0\">Kun ampulli on tyhj\u00e4, poista se ja aseta uuden kuukauden alkaessa uusi.<\/p>\n<\/li>\n<\/ol>\n","protected":false},"excerpt":{"rendered":"<p>Erityinen ja innovatiivinen ravinneliuos kaikille orkidealajeille. Ravinneliuoksen s\u00e4\u00e4nn\u00f6llinen k\u00e4ytt\u00f6 takaa elinvoimaiset ja mehev\u00e4t lehdet, vahvan juuriston ja pitk\u00e4n kukinta-ajan. Hyvin ravittu kasvi on vastustuskykyisempi taudeille ja tuholaisille. Ravinneliuos on tarkoitettu orkideoiden vahvistamiseen ymp\u00e4ri vuoden.   <\/p>\n","protected":false},"featured_media":57075,"template":"","meta":{"_acf_changed":false,"_seopress_robots_primary_cat":"none","_seopress_titles_title":"Orkideoiden ravinneliuos ampullissa (40 kpl) | Terveet kukat | Agrozone","_seopress_titles_desc":"Etsitk\u00f6 helppoa orkideanhoitoa? Innovatiivinen orkidean ravinneliuos (40 x 35 ml ampullia) takaa upeat kukat ja vahvat juuret kuukaudeksi. Osta Agrozonen verkkokaupasta!  ","_seopress_robots_index":"","_gspb_post_css":""},"product_brand":[2906],"product_cat":[2467,2392,2438],"product_tag":[],"class_list":{"0":"post-41618","1":"product","2":"type-product","3":"status-publish","4":"has-post-thumbnail","6":"product_brand-baltic-agro","7":"product_cat-huonekasvien-lannoitteet","8":"product_cat-kaikki-luokat","9":"product_cat-lannoitteet","11":"first","12":"instock","13":"taxable","14":"shipping-taxable","15":"purchasable","16":"product-type-simple"},"ct_brands":[{"id":2906,"name":"Baltic Agro","slug":"baltic-agro"}],"acf":[],"_links":{"self":[{"href":"https:\/\/agrozone.ee\/fi\/wp-json\/wp\/v2\/product\/41618","targetHints":{"allow":["GET"]}}],"collection":[{"href":"https:\/\/agrozone.ee\/fi\/wp-json\/wp\/v2\/product"}],"about":[{"href":"https:\/\/agrozone.ee\/fi\/wp-json\/wp\/v2\/types\/product"}],"wp:featuredmedia":[{"embeddable":true,"href":"https:\/\/agrozone.ee\/fi\/wp-json\/wp\/v2\/media\/57075"}],"wp:attachment":[{"href":"https:\/\/agrozone.ee\/fi\/wp-json\/wp\/v2\/media?parent=41618"}],"wp:term":[{"taxonomy":"product_brand","embeddable":true,"href":"https:\/\/agrozone.ee\/fi\/wp-json\/wp\/v2\/product_brand?post=41618"},{"taxonomy":"product_cat","embeddable":true,"href":"https:\/\/agrozone.ee\/fi\/wp-json\/wp\/v2\/product_cat?post=41618"},{"taxonomy":"product_tag","embeddable":true,"href":"https:\/\/agrozone.ee\/fi\/wp-json\/wp\/v2\/product_tag?post=41618"}],"curies":[{"name":"wp","href":"https:\/\/api.w.org\/{rel}","templated":true}]}}