{"id":41623,"date":"2024-06-09T15:54:57","date_gmt":"2024-06-09T12:54:57","guid":{"rendered":"https:\/\/agrozone.ee\/toode\/huonekasvien-ravinneliuos-40-kpl-35-ml\/"},"modified":"2026-03-10T10:01:49","modified_gmt":"2026-03-10T08:01:49","slug":"huonekasvien-ravinneliuos-40-kpl-35-ml","status":"publish","type":"product","link":"https:\/\/agrozone.ee\/fi\/tuote\/huonekasvien-ravinneliuos-40-kpl-35-ml\/","title":{"rendered":"Huonekasvien ravinneliuos 40 kpl 35 ml"},"content":{"rendered":"<p data-path-to-node=\"11\"><b data-path-to-node=\"11\" data-index-in-node=\"0\">Huonekasvien ravinneliuos k\u00e4teviss\u00e4 ampulleissa (40 kpl x 35 ml)<\/b><\/p>\n<p data-path-to-node=\"12\"><b data-path-to-node=\"12\" data-index-in-node=\"15\">Anna huonekasveillesi uusi el\u00e4m\u00e4!<\/b> T\u00e4m\u00e4 innovatiivisen koostumuksen omaava erityinen ravinneliuos on kehitetty sek\u00e4 kukkivien ett\u00e4 viherkasvien ymp\u00e4rivuotiseen virkist\u00e4miseen. Unohda monimutkaiset mittaukset ja jauheiden liuottamiset \u2013 k\u00e4tev\u00e4 ampulli tekee kasvien ravitsemisesta eritt\u00e4in helppoa. <\/p>\n<p data-path-to-node=\"13\"><b data-path-to-node=\"13\" data-index-in-node=\"0\">Mit\u00e4 hy\u00f6ty\u00e4 ravinneliuos tuo huonekasveillesi?<\/b> S\u00e4\u00e4nn\u00f6llinen lannoitus tarjoaa lempikasveillesi kaiken tarvittavan:<\/p>\n<ul data-path-to-node=\"14\">\n<li>\n<p data-path-to-node=\"14,0,0\"><b data-path-to-node=\"14,0,0\" data-index-in-node=\"0\">Loistavampi lehdist\u00f6:<\/b> Auttaa kasvattamaan silmiinpist\u00e4v\u00e4n mehevi\u00e4 ja elinvoimaisia lehti\u00e4.<\/p>\n<\/li>\n<li>\n<p data-path-to-node=\"14,1,0\"><b data-path-to-node=\"14,1,0\" data-index-in-node=\"0\">Runsaampi kukinta:<\/b> Tukee kukkivien huonekasvien pitk\u00e4\u00e4 ja kaunista kukkaloistoa.<\/p>\n<\/li>\n<li>\n<p data-path-to-node=\"14,2,0\"><b data-path-to-node=\"14,2,0\" data-index-in-node=\"0\">Vahva terveys:<\/b> Ravittu kasvi kasvattaa vahvemman juuriston ja vastustaa huomattavasti paremmin yleisi\u00e4 kasvitauteja sek\u00e4 tuhoel\u00e4imi\u00e4.<\/p>\n<\/li>\n<li>\n<p data-path-to-node=\"14,3,0\"><b data-path-to-node=\"14,3,0\" data-index-in-node=\"0\">Mukavuus ennen kaikkea:<\/b> Huolellisesti suunnitellut ampullit tekev\u00e4t k\u00e4yt\u00f6st\u00e4 siisti\u00e4, nopeaa ja k\u00e4ytt\u00e4j\u00e4yst\u00e4v\u00e4llist\u00e4.<\/p>\n<\/li>\n<\/ul>\n<p data-path-to-node=\"15\"><b data-path-to-node=\"15\" data-index-in-node=\"0\">Kuinka ampulleja k\u00e4ytet\u00e4\u00e4n?<\/b> Jotta kotisi vihreys pysyisi elinvoimaisena kaikkina vuodenaikoina, noudata t\u00e4t\u00e4 yksinkertaista rutiinia:<\/p>\n<ul data-path-to-node=\"16\">\n<li>\n<p data-path-to-node=\"16,0,0\">Lannoita kasveja s\u00e4\u00e4nn\u00f6llisesti <b data-path-to-node=\"16,0,0\" data-index-in-node=\"25\">kerran kuukaudessa.<\/b><\/p>\n<\/li>\n<li>\n<p data-path-to-node=\"16,1,0\">K\u00e4yt\u00e4 <b data-path-to-node=\"16,1,0\" data-index-in-node=\"23\">yksi ampulli<\/b> jokaista kasvia kohden.<\/p>\n<\/li>\n<\/ul>\n","protected":false},"excerpt":{"rendered":"<p>Innovatiivinen ravinneliuos, jolla on erityinen koostumus kaikille kukkiville ja lehtikasveille. Ravinneliuoksen s\u00e4\u00e4nn\u00f6llinen k\u00e4ytt\u00f6 takaa elinvoimaiset ja mehev\u00e4t lehdet, vahvan juuriston ja pitk\u00e4n kukinta-ajan. Hyvin ravittu kasvi on my\u00f6s vastustuskykyisempi taudeille ja tuholaisille. Huolellisesti suunniteltu pakkaus on k\u00e4tev\u00e4 ja k\u00e4ytt\u00e4j\u00e4yst\u00e4v\u00e4llinen. Ravinneliuos on tarkoitettu k\u00e4ytett\u00e4v\u00e4ksi ymp\u00e4ri vuoden.    <\/p>\n","protected":false},"featured_media":57080,"template":"","meta":{"_acf_changed":false,"_seopress_robots_primary_cat":"none","_seopress_titles_title":"Huonekasvien ravinneliuos ampulleissa (40 kpl) | Agrozone","_seopress_titles_desc":"Anna huonekasveillesi uutta elinvoimaa! K\u00e4tev\u00e4 huonekasvien ravinneliuos ampullissa takaa loistavat lehdet ja runsaan kukinnan ymp\u00e4ri vuoden. Osta Agrozonen verkkokaupasta!  ","_seopress_robots_index":"","_gspb_post_css":""},"product_brand":[2906],"product_cat":[2467,2392,2438],"product_tag":[],"class_list":{"0":"post-41623","1":"product","2":"type-product","3":"status-publish","4":"has-post-thumbnail","6":"product_brand-baltic-agro","7":"product_cat-huonekasvien-lannoitteet","8":"product_cat-kaikki-luokat","9":"product_cat-lannoitteet","11":"first","12":"instock","13":"taxable","14":"shipping-taxable","15":"purchasable","16":"product-type-simple"},"ct_brands":[{"id":2906,"name":"Baltic Agro","slug":"baltic-agro"}],"acf":[],"_links":{"self":[{"href":"https:\/\/agrozone.ee\/fi\/wp-json\/wp\/v2\/product\/41623","targetHints":{"allow":["GET"]}}],"collection":[{"href":"https:\/\/agrozone.ee\/fi\/wp-json\/wp\/v2\/product"}],"about":[{"href":"https:\/\/agrozone.ee\/fi\/wp-json\/wp\/v2\/types\/product"}],"wp:featuredmedia":[{"embeddable":true,"href":"https:\/\/agrozone.ee\/fi\/wp-json\/wp\/v2\/media\/57080"}],"wp:attachment":[{"href":"https:\/\/agrozone.ee\/fi\/wp-json\/wp\/v2\/media?parent=41623"}],"wp:term":[{"taxonomy":"product_brand","embeddable":true,"href":"https:\/\/agrozone.ee\/fi\/wp-json\/wp\/v2\/product_brand?post=41623"},{"taxonomy":"product_cat","embeddable":true,"href":"https:\/\/agrozone.ee\/fi\/wp-json\/wp\/v2\/product_cat?post=41623"},{"taxonomy":"product_tag","embeddable":true,"href":"https:\/\/agrozone.ee\/fi\/wp-json\/wp\/v2\/product_tag?post=41623"}],"curies":[{"name":"wp","href":"https:\/\/api.w.org\/{rel}","templated":true}]}}