{"id":41628,"date":"2024-06-09T16:12:20","date_gmt":"2024-06-09T13:12:20","guid":{"rendered":"https:\/\/agrozone.ee\/toode\/pitkavaikutteinen-kukkalannoite-750-g-rehevat-kukat-ja-terveet-kasvit-koko-kauden-ajan\/"},"modified":"2024-06-09T16:12:20","modified_gmt":"2024-06-09T14:12:20","slug":"pitkavaikutteinen-kukkalannoite-750-g-rehevat-kukat-ja-terveet-kasvit-koko-kauden-ajan","status":"publish","type":"product","link":"https:\/\/agrozone.ee\/fi\/tuote\/pitkavaikutteinen-kukkalannoite-750-g-rehevat-kukat-ja-terveet-kasvit-koko-kauden-ajan\/","title":{"rendered":"Pitk\u00e4vaikutteinen kukkalannoite 750 g &#8211; Rehev\u00e4t kukat ja terveet kasvit koko kauden ajan!"},"content":{"rendered":"<p><strong>Pitk\u00e4vaikutteinen kukkalannoite 750 g<\/strong><\/p>\n<ul>\n<li>NPK: 14-14-14(22)<\/li>\n<\/ul>\n<p data-sourcepos=\"3:1-3:82\">Oletko kyll\u00e4stynyt jatkuvaan kukkien lannoittamiseen? Meid\u00e4n pitk\u00e4vaikutteinen kukkalannoitteemme 750 g on ratkaisu ongelmiisi! T\u00e4m\u00e4 erityisesti suunniteltu lannoite vapauttaa ravinteita v\u00e4hitellen jopa 3 kuukauden ajan, mik\u00e4 takaa kukillesi jatkuvan ravinnon ja rehev\u00e4n kukinnan koko kasvukauden ajan.  <\/p>\n<p data-sourcepos=\"5:1-5:18\"><strong>Tuotteen edut:<\/strong><\/p>\n<ul data-sourcepos=\"7:1-9:132\">\n<li data-sourcepos=\"7:1-7:96\"><strong>Pitk\u00e4aikainen vaikutus:<\/strong> Yksi lannoituskerta riitt\u00e4\u00e4 jopa 3 kuukauden ravitsemukseen, mik\u00e4 s\u00e4\u00e4st\u00e4\u00e4 aikaa ja vaivaa.<\/li>\n<li data-sourcepos=\"8:1-8:115\"><strong>Vahva kasvu ja runsas kukinta:<\/strong> Ihanteellinen sek\u00e4 huonekasveille, parvekelaatikoille ett\u00e4 puutarhassa kasvaville kukille.<\/li>\n<li data-sourcepos=\"9:1-9:132\"><strong>Ymp\u00e4rist\u00f6yst\u00e4v\u00e4llinen:<\/strong> Erityinen koostumus varmistaa, ett\u00e4 ravinteet imeytyv\u00e4t kasveihin tehokkaasti, mik\u00e4 v\u00e4hent\u00e4\u00e4 j\u00e4\u00e4mien m\u00e4\u00e4r\u00e4\u00e4 maaper\u00e4ss\u00e4.<\/li>\n<li data-sourcepos=\"10:1-11:0\"><strong>Helppok\u00e4ytt\u00f6inen:<\/strong> Lannoiterakeet on helppo annostella ja sekoittaa multaan.<\/li>\n<\/ul>\n<p data-sourcepos=\"12:1-12:21\"><strong>Sopii erinomaisesti:<\/strong><\/p>\n<ul data-sourcepos=\"14:1-17:0\">\n<li data-sourcepos=\"14:1-14:14\">Huonekasveille<\/li>\n<li data-sourcepos=\"15:1-15:29\">Parveke- ja terassi kukille<\/li>\n<li data-sourcepos=\"16:1-17:0\">Puutarhassa kasvaville kes\u00e4- ja perennoille<\/li>\n<\/ul>\n<p data-sourcepos=\"18:1-18:108\"><strong>Anna kukillesi parasta &#8211; valitse meid\u00e4n pitk\u00e4vaikutteinen kukkalannoitteemme ja nauti kauniista kukista koko kauden ajan!<\/strong><\/p>\n<h4>K\u00e4ytt\u00f6ohjeet<\/h4>\n<ul>\n<li>K\u00e4ytet\u00e4\u00e4n kerran kev\u00e4tkes\u00e4isen kasvukauden aikana.<\/li>\n<li>Parvekelaatikot: 25 g 30 cm:n pituutta kohti.<\/li>\n<li>Kukka ruukut: 50 g 10 litraa multaa kohti.<\/li>\n<li>Kes\u00e4kukat: 75 g\/m\u00b2.<\/li>\n<li>Perennat: 50 g\/m\u00b2.<\/li>\n<li>40 g = noin kourallinen.<\/li>\n<\/ul>\n<p>Lannoitetaan kerran vuodessa huhtikuusta elokuuhun. Kasveja istutettaessa lannoite sekoitetaan istutusmultaan, ja pintak\u00e4sittelyss\u00e4 se levitet\u00e4\u00e4n tasaisesti kasvin ymp\u00e4rille ja sekoitetaan multaan.<\/p>\n<p>Lannoituksen j\u00e4lkeen on suositeltavaa kastella kasveja.<\/p>\n","protected":false},"excerpt":{"rendered":"<ul>\n<li>Huone-, parveke- ja puutarhakukkien pitk\u00e4vaikutteinen lannoite on pitk\u00e4kestoinen ja ymp\u00e4rist\u00f6yst\u00e4v\u00e4llinen t\u00e4yslannoite.<\/li>\n<li>T\u00e4st\u00e4 erityisen koostumuksen omaavasta lannoitteesta kasvi imee ravinteita v\u00e4hitellen 3 kuukauden ajan.<\/li>\n<li>Edist\u00e4\u00e4 voimakasta kasvua ja pitk\u00e4kestoista kukintaa koko kasvukauden ajan.<\/li>\n<\/ul>\n","protected":false},"featured_media":41631,"template":"","meta":{"_acf_changed":false,"_seopress_robots_primary_cat":"none","_seopress_titles_title":"","_seopress_titles_desc":"Pitk\u00e4vaikutteinen kukkalannoite 750 g - huone-, parveke- ja puutarhakukkien pitk\u00e4vaikutteinen lannoite on pitk\u00e4kestoinen ja ymp\u00e4rist\u00f6yst\u00e4v\u00e4llinen t\u00e4yslannoite.","_seopress_robots_index":"","_gspb_post_css":""},"product_brand":[],"product_cat":[2467,2392,2438,2464],"product_tag":[],"class_list":{"0":"post-41628","1":"product","2":"type-product","3":"status-publish","4":"has-post-thumbnail","6":"product_cat-huonekasvien-lannoitteet","7":"product_cat-kaikki-luokat","8":"product_cat-lannoitteet","9":"product_cat-nopeasti-vaikuttava-lannoite","11":"first","12":"instock","13":"featured","14":"taxable","15":"shipping-taxable","16":"purchasable","17":"product-type-simple"},"ct_brands":[],"acf":[],"_links":{"self":[{"href":"https:\/\/agrozone.ee\/fi\/wp-json\/wp\/v2\/product\/41628","targetHints":{"allow":["GET"]}}],"collection":[{"href":"https:\/\/agrozone.ee\/fi\/wp-json\/wp\/v2\/product"}],"about":[{"href":"https:\/\/agrozone.ee\/fi\/wp-json\/wp\/v2\/types\/product"}],"wp:featuredmedia":[{"embeddable":true,"href":"https:\/\/agrozone.ee\/fi\/wp-json\/wp\/v2\/media\/41631"}],"wp:attachment":[{"href":"https:\/\/agrozone.ee\/fi\/wp-json\/wp\/v2\/media?parent=41628"}],"wp:term":[{"taxonomy":"product_brand","embeddable":true,"href":"https:\/\/agrozone.ee\/fi\/wp-json\/wp\/v2\/product_brand?post=41628"},{"taxonomy":"product_cat","embeddable":true,"href":"https:\/\/agrozone.ee\/fi\/wp-json\/wp\/v2\/product_cat?post=41628"},{"taxonomy":"product_tag","embeddable":true,"href":"https:\/\/agrozone.ee\/fi\/wp-json\/wp\/v2\/product_tag?post=41628"}],"curies":[{"name":"wp","href":"https:\/\/api.w.org\/{rel}","templated":true}]}}