{"id":41633,"date":"2024-06-09T16:11:59","date_gmt":"2024-06-09T13:11:59","guid":{"rendered":"https:\/\/agrozone.ee\/toode\/pitkavaikutteinen-nurmikkolannoite-4-kg\/"},"modified":"2024-06-09T16:11:59","modified_gmt":"2024-06-09T14:11:59","slug":"pitkavaikutteinen-nurmikkolannoite-4-kg","status":"publish","type":"product","link":"https:\/\/agrozone.ee\/fi\/tuote\/pitkavaikutteinen-nurmikkolannoite-4-kg\/","title":{"rendered":"Pitk\u00e4vaikutteinen nurmikkolannoite 4 kg"},"content":{"rendered":"<p><strong>Pitk\u00e4vaikutteinen nurmikkolannoite 4 kg<\/strong><\/p>\n<ul>\n<li><strong>Pitk\u00e4vaikutteinen nurmikon lannoite<\/strong><\/li>\n<li>Tasaisesti ja pitk\u00e4\u00e4n vaikuttava rakeinen t\u00e4yslannoite.<\/li>\n<li>Auttaa nurmikkoa pysym\u00e4\u00e4n sametinvihre\u00e4n\u00e4 eik\u00e4 kiihdyt\u00e4 nurmikon kasvua liikaa.<\/li>\n<li>Hitaasti liukeneva typpi hajoaa maaper\u00e4n mikro-organismien vaikutuksesta ja varmistaa typen asteittaisen ja ymp\u00e4rist\u00f6yst\u00e4v\u00e4llisen liukenemisprosessin.<\/li>\n<li>Lannoitteessa on lis\u00e4ksi sopiva m\u00e4\u00e4r\u00e4 fosforia ja kaliumia.<\/li>\n<li>T\u00e4m\u00e4 lannoite tekee nurmikosta kauniin, vahvistaa nurmikasvien juuristoa ja tekee nurmikosta vastustuskykyisemm\u00e4n tauteja, kuivuutta ja sammaloitumista vastaan.<\/li>\n<li>Tasaisesti ja pitk\u00e4\u00e4n vaikuttava rakeinen t\u00e4yslannoite.<\/li>\n<\/ul>\n<h4>K\u00e4ytt\u00f6ohjeet<\/h4>\n<ul>\n<li>K\u00c4YTT\u00d6M\u00c4\u00c4R\u00c4 4 kg = 200 m\u00b2.<\/li>\n<li>K\u00e4yt\u00e4 aikaisin kev\u00e4\u00e4ll\u00e4 nurmikon her\u00e4\u00e4misen j\u00e4lkeen hein\u00e4kuun loppuun asti.<\/li>\n<li>Vaikuttaa 100 p\u00e4iv\u00e4\u00e4.<\/li>\n<li>Elokuussa ja syyskuussa lannoita nurmikko syyslannoitteella.<\/li>\n<\/ul>\n","protected":false},"excerpt":{"rendered":"<ul>\n<li>Pitk\u00e4vaikutteinen nurmikon lannoite<\/li>\n<li>Tasaisesti ja pitk\u00e4\u00e4n vaikuttava rakeinen t\u00e4yslannoite.<\/li>\n<li>Auttaa nurmikkoa pysym\u00e4\u00e4n sametinvihre\u00e4n\u00e4 eik\u00e4 kiihdyt\u00e4 nurmikon kasvua liikaa.<\/li>\n<li>Hitaasti liukeneva typpi hajoaa maaper\u00e4n mikro-organismien vaikutuksesta ja varmistaa typen asteittaisen ja ymp\u00e4rist\u00f6yst\u00e4v\u00e4llisen liukenemisprosessin.<\/li>\n<li>Lannoitteessa on lis\u00e4ksi sopiva m\u00e4\u00e4r\u00e4 fosforia ja kaliumia.<\/li>\n<\/ul>\n","protected":false},"featured_media":49227,"template":"","meta":{"_acf_changed":false,"_seopress_robots_primary_cat":"","_seopress_titles_title":"","_seopress_titles_desc":"Pitk\u00e4vaikutteinen nurmikkolannoite 4 kg - Pitk\u00e4kestoinen lannoite nurmikolle. Tasaisesti ja pitk\u00e4\u00e4n vaikuttava rakeinen t\u00e4yslannoite. Vaikuttaa 100 p\u00e4iv\u00e4\u00e4.  ","_seopress_robots_index":"","_gspb_post_css":""},"product_brand":[],"product_cat":[2392,2438,2464,2463],"product_tag":[],"class_list":{"0":"post-41633","1":"product","2":"type-product","3":"status-publish","4":"has-post-thumbnail","6":"product_cat-kaikki-luokat","7":"product_cat-lannoitteet","8":"product_cat-nopeasti-vaikuttava-lannoite","9":"product_cat-nurmikkolannoitteet","11":"first","12":"instock","13":"taxable","14":"shipping-taxable","15":"purchasable","16":"product-type-simple"},"ct_brands":[],"acf":[],"_links":{"self":[{"href":"https:\/\/agrozone.ee\/fi\/wp-json\/wp\/v2\/product\/41633","targetHints":{"allow":["GET"]}}],"collection":[{"href":"https:\/\/agrozone.ee\/fi\/wp-json\/wp\/v2\/product"}],"about":[{"href":"https:\/\/agrozone.ee\/fi\/wp-json\/wp\/v2\/types\/product"}],"wp:featuredmedia":[{"embeddable":true,"href":"https:\/\/agrozone.ee\/fi\/wp-json\/wp\/v2\/media\/49227"}],"wp:attachment":[{"href":"https:\/\/agrozone.ee\/fi\/wp-json\/wp\/v2\/media?parent=41633"}],"wp:term":[{"taxonomy":"product_brand","embeddable":true,"href":"https:\/\/agrozone.ee\/fi\/wp-json\/wp\/v2\/product_brand?post=41633"},{"taxonomy":"product_cat","embeddable":true,"href":"https:\/\/agrozone.ee\/fi\/wp-json\/wp\/v2\/product_cat?post=41633"},{"taxonomy":"product_tag","embeddable":true,"href":"https:\/\/agrozone.ee\/fi\/wp-json\/wp\/v2\/product_tag?post=41633"}],"curies":[{"name":"wp","href":"https:\/\/api.w.org\/{rel}","templated":true}]}}