{"id":41637,"date":"2024-06-09T15:54:57","date_gmt":"2024-06-09T12:54:57","guid":{"rendered":"https:\/\/agrozone.ee\/toode\/amppelikasvien-ja-parvekekukkien-lannoitepuikot-10-kpl\/"},"modified":"2024-06-09T15:54:57","modified_gmt":"2024-06-09T13:54:57","slug":"amppelikasvien-ja-parvekekukkien-lannoitepuikot-10-kpl","status":"publish","type":"product","link":"https:\/\/agrozone.ee\/fi\/tuote\/amppelikasvien-ja-parvekekukkien-lannoitepuikot-10-kpl\/","title":{"rendered":"Amppelikasvien ja parvekekukkien lannoitepuikot 10 kpl"},"content":{"rendered":"<p>Laadukkaat lannoitepuikot amppeleissa ja parvekelaatikoissa kasvavien kes\u00e4kukkien lannoitukseen. Ravinteet ovat hitaasti liukenevassa muodossa, mik\u00e4 mahdollistaa kasvien ravinteidenoton v\u00e4hitellen tarpeen mukaan. Lannoitteen tasapainoinen ravinnesuhde parantaa kasvien vastustuskyky\u00e4 tuholaisille ja taudeille sek\u00e4 antaa kukille kirkkaan v\u00e4rin.  <\/p>\n<p>&nbsp;<\/p>\n<h3>K\u00e4ytt\u00f6ohjeet<\/h3>\n<p>Paina lannoitepuikot amppeleihin tai kukkalaatikoihin eri kohtiin t\u00e4yteen pituuteen multaan 10-15 cm p\u00e4\u00e4h\u00e4n kasvista, kasvin ja istutusastian reunan v\u00e4liin. Kastele kasvia tarpeen mukaan. Istutettuja kasveja voi lannoittaa lis\u00e4lannoitteella aikaisintaan kahden viikon kuluttua.  <\/p>\n","protected":false},"excerpt":{"rendered":"<p>Laadukkaat lannoitepuikot amppeleissa ja parvekelaatikoissa kasvavien kes\u00e4kukkien lannoitukseen. Ravinteet ovat hitaasti liukenevassa muodossa, mik\u00e4 mahdollistaa kasvien ravinteidenoton v\u00e4hitellen tarpeen mukaan. Lannoitteen tasapainoinen ravinnesuhde parantaa kasvien vastustuskyky\u00e4 tuholaisille ja taudeille sek\u00e4 antaa kukille kirkkaan v\u00e4rin.  <\/p>\n","protected":false},"featured_media":41639,"template":"","meta":{"_acf_changed":false,"_seopress_robots_primary_cat":"","_seopress_titles_title":"","_seopress_titles_desc":"","_seopress_robots_index":"","_gspb_post_css":""},"product_brand":[],"product_cat":[2392,2438,2460],"product_tag":[],"class_list":{"0":"post-41637","1":"product","2":"type-product","3":"status-publish","4":"has-post-thumbnail","6":"product_cat-kaikki-luokat","7":"product_cat-lannoitteet","8":"product_cat-puutarhalannoitteet","10":"first","11":"instock","12":"taxable","13":"shipping-taxable","14":"purchasable","15":"product-type-simple"},"ct_brands":[],"acf":[],"_links":{"self":[{"href":"https:\/\/agrozone.ee\/fi\/wp-json\/wp\/v2\/product\/41637","targetHints":{"allow":["GET"]}}],"collection":[{"href":"https:\/\/agrozone.ee\/fi\/wp-json\/wp\/v2\/product"}],"about":[{"href":"https:\/\/agrozone.ee\/fi\/wp-json\/wp\/v2\/types\/product"}],"wp:featuredmedia":[{"embeddable":true,"href":"https:\/\/agrozone.ee\/fi\/wp-json\/wp\/v2\/media\/41639"}],"wp:attachment":[{"href":"https:\/\/agrozone.ee\/fi\/wp-json\/wp\/v2\/media?parent=41637"}],"wp:term":[{"taxonomy":"product_brand","embeddable":true,"href":"https:\/\/agrozone.ee\/fi\/wp-json\/wp\/v2\/product_brand?post=41637"},{"taxonomy":"product_cat","embeddable":true,"href":"https:\/\/agrozone.ee\/fi\/wp-json\/wp\/v2\/product_cat?post=41637"},{"taxonomy":"product_tag","embeddable":true,"href":"https:\/\/agrozone.ee\/fi\/wp-json\/wp\/v2\/product_tag?post=41637"}],"curies":[{"name":"wp","href":"https:\/\/api.w.org\/{rel}","templated":true}]}}