{"id":41640,"date":"2024-06-09T15:54:57","date_gmt":"2024-06-09T12:54:57","guid":{"rendered":"https:\/\/agrozone.ee\/toode\/puutarhalannoite-1-kg-rasia\/"},"modified":"2024-06-09T15:54:57","modified_gmt":"2024-06-09T13:54:57","slug":"puutarhalannoite-1-kg-rasia","status":"publish","type":"product","link":"https:\/\/agrozone.ee\/fi\/tuote\/puutarhalannoite-1-kg-rasia\/","title":{"rendered":"Puutarhalannoite 1 kg rasia"},"content":{"rendered":"<p><strong>Puutarhalannoite 1 kg rasia<\/strong>  &#8211;  <strong>NPK-lannoite N-P<sub>2<\/sub>O<sub>5<\/sub>-K<sub>2<\/sub>O (Mg+S) 11-09-20 (1,5+15) hivenaineilla.<\/strong><\/p>\n<ul>\n<li>Puutarhalannoite on rakeistettu t\u00e4yslannoite, joka sis\u00e4lt\u00e4\u00e4 kaikkia kasvien kasvuun ja kehitykseen tarvittavia ravinteita sopivassa suhteessa.<\/li>\n<\/ul>\n<p>&nbsp;<\/p>\n<h3>K\u00e4ytt\u00f6ohjeet<\/h3>\n<ul>\n<li>Sopii sek\u00e4 avomaalla ett\u00e4 kasvihuoneessa kasvatettavien vihannesten lannoitukseen, koristekasvien ja kukkien lannoitukseen puutarhassa sek\u00e4 peruslannoitteeksi ennen nurmikon kylv\u00f6\u00e4.<\/li>\n<li>1 kg = 30 m\u00b2.<\/li>\n<\/ul>\n","protected":false},"excerpt":{"rendered":"<p>Puutarhalannoite on rakeistettu t\u00e4yslannoite, joka sis\u00e4lt\u00e4\u00e4 kaikkia kasvien kasvuun ja kehitykseen tarvittavia ravinteita sopivassa suhteessa.<\/p>\n","protected":false},"featured_media":41641,"template":"","meta":{"_acf_changed":false,"_seopress_robots_primary_cat":"","_seopress_titles_title":"","_seopress_titles_desc":"Puutarhalannoite 1 kg rasia - NPK-lannoite N-P2O5-K2O (Mg+S) 11-09-20 (1,5+15). Sis\u00e4lt\u00e4\u00e4 kaikkia kasvien kasvuun ja kehitykseen tarvittavia ravinteita sopivassa suhteessa.","_seopress_robots_index":"","_gspb_post_css":""},"product_brand":[],"product_cat":[2392,2438,2460],"product_tag":[],"class_list":{"0":"post-41640","1":"product","2":"type-product","3":"status-publish","4":"has-post-thumbnail","6":"product_cat-kaikki-luokat","7":"product_cat-lannoitteet","8":"product_cat-puutarhalannoitteet","10":"first","11":"instock","12":"taxable","13":"shipping-taxable","14":"purchasable","15":"product-type-simple"},"ct_brands":[],"acf":[],"_links":{"self":[{"href":"https:\/\/agrozone.ee\/fi\/wp-json\/wp\/v2\/product\/41640","targetHints":{"allow":["GET"]}}],"collection":[{"href":"https:\/\/agrozone.ee\/fi\/wp-json\/wp\/v2\/product"}],"about":[{"href":"https:\/\/agrozone.ee\/fi\/wp-json\/wp\/v2\/types\/product"}],"wp:featuredmedia":[{"embeddable":true,"href":"https:\/\/agrozone.ee\/fi\/wp-json\/wp\/v2\/media\/41641"}],"wp:attachment":[{"href":"https:\/\/agrozone.ee\/fi\/wp-json\/wp\/v2\/media?parent=41640"}],"wp:term":[{"taxonomy":"product_brand","embeddable":true,"href":"https:\/\/agrozone.ee\/fi\/wp-json\/wp\/v2\/product_brand?post=41640"},{"taxonomy":"product_cat","embeddable":true,"href":"https:\/\/agrozone.ee\/fi\/wp-json\/wp\/v2\/product_cat?post=41640"},{"taxonomy":"product_tag","embeddable":true,"href":"https:\/\/agrozone.ee\/fi\/wp-json\/wp\/v2\/product_tag?post=41640"}],"curies":[{"name":"wp","href":"https:\/\/api.w.org\/{rel}","templated":true}]}}