{"id":41792,"date":"2024-10-07T13:58:06","date_gmt":"2024-10-07T11:58:06","guid":{"rendered":"https:\/\/agrozone.ee\/toode\/ruiskaunokki-double-mixture\/"},"modified":"2024-10-07T13:58:06","modified_gmt":"2024-10-07T11:58:06","slug":"ruiskaunokki-double-mixture","status":"publish","type":"product","link":"https:\/\/agrozone.ee\/fi\/tuote\/ruiskaunokki-double-mixture\/","title":{"rendered":"Ruiskaunokki &#8216;Double Mixture&#8217;"},"content":{"rendered":"<p><em>Centaurea cyanus<\/em><\/p>\n<ul>\n<li class=\"plained\">Suosittu yksivuotinen kes\u00e4kukka.<\/li>\n<li class=\"plained\">T\u00e4ytel\u00e4iset kukat valkoisen, sinisen ja vaaleanpunaisen s\u00e4vyiss\u00e4.<\/li>\n<li class=\"plained\">Korkeus: 50 cm.<\/li>\n<li class=\"plained\">Kukkii syyskylmiin asti.<\/li>\n<li class=\"plained\">Erinomainen leikkokukka!<\/li>\n<\/ul>\n<p><strong>K\u00e4ytt\u00f6ohjeet<\/strong><\/p>\n<p>Kylvet\u00e4\u00e4n touko-kes\u00e4kuussa suoraan penkkiin.<\/p>\n","protected":false},"excerpt":{"rendered":"<ul>\n<li class=\"plained\">Suosittu yksivuotinen kes\u00e4kukka.<\/li>\n<li class=\"plained\">T\u00e4ytel\u00e4iset kukat valkoisen, sinisen ja vaaleanpunaisen s\u00e4vyiss\u00e4.<\/li>\n<li class=\"plained\">Korkeus: 50 cm.<\/li>\n<li class=\"plained\">Kukkii syyskylmiin asti.<\/li>\n<\/ul>\n","protected":false},"featured_media":41793,"template":"","meta":{"_acf_changed":false,"_seopress_robots_primary_cat":"none","_seopress_titles_title":"Ruiskaunokki 'Double Mixture' - Kaunis kes\u00e4kukka","_seopress_titles_desc":"Ruiskaunokki 'Double Mixture' on suosittu yksivuotinen kes\u00e4kukka, joka kukkii syyskylmiin asti. T\u00e4ytel\u00e4iset kukat kaikissa s\u00e4vyiss\u00e4. ","_seopress_robots_index":"","_gspb_post_css":""},"product_brand":[],"product_cat":[2392,2423,2441,2399],"product_tag":[],"class_list":{"0":"post-41792","1":"product","2":"type-product","3":"status-publish","4":"has-post-thumbnail","6":"product_cat-kaikki-luokat","7":"product_cat-kukkien-siemenet","8":"product_cat-ruiskukka","9":"product_cat-siemenet","11":"first","12":"instock","13":"taxable","14":"shipping-taxable","15":"purchasable","16":"product-type-simple"},"ct_brands":[],"acf":[],"_links":{"self":[{"href":"https:\/\/agrozone.ee\/fi\/wp-json\/wp\/v2\/product\/41792","targetHints":{"allow":["GET"]}}],"collection":[{"href":"https:\/\/agrozone.ee\/fi\/wp-json\/wp\/v2\/product"}],"about":[{"href":"https:\/\/agrozone.ee\/fi\/wp-json\/wp\/v2\/types\/product"}],"wp:featuredmedia":[{"embeddable":true,"href":"https:\/\/agrozone.ee\/fi\/wp-json\/wp\/v2\/media\/41793"}],"wp:attachment":[{"href":"https:\/\/agrozone.ee\/fi\/wp-json\/wp\/v2\/media?parent=41792"}],"wp:term":[{"taxonomy":"product_brand","embeddable":true,"href":"https:\/\/agrozone.ee\/fi\/wp-json\/wp\/v2\/product_brand?post=41792"},{"taxonomy":"product_cat","embeddable":true,"href":"https:\/\/agrozone.ee\/fi\/wp-json\/wp\/v2\/product_cat?post=41792"},{"taxonomy":"product_tag","embeddable":true,"href":"https:\/\/agrozone.ee\/fi\/wp-json\/wp\/v2\/product_tag?post=41792"}],"curies":[{"name":"wp","href":"https:\/\/api.w.org\/{rel}","templated":true}]}}