{"id":41798,"date":"2024-10-07T13:48:26","date_gmt":"2024-10-07T11:48:26","guid":{"rendered":"https:\/\/agrozone.ee\/toode\/petuunia-celebrity-burgundy-frost\/"},"modified":"2024-10-07T13:48:26","modified_gmt":"2024-10-07T11:48:26","slug":"petuunia-celebrity-burgundy-frost","status":"publish","type":"product","link":"https:\/\/agrozone.ee\/fi\/tuote\/petuunia-celebrity-burgundy-frost\/","title":{"rendered":"Petuunia &#8216;Celebrity Burgundy Frost&#8217;"},"content":{"rendered":"<p><b><i>Petunia<\/i> \u00d7 <i>atkinsiana<\/i><\/b> (synonym: <i>Petunia<\/i> \u00d7 <i>hybrida<\/i>)<\/p>\n<ul>\n<li class=\"plained\">Matalakasvuinen ja kompakti hybridipetunialajike multiflora-lajikeryhm\u00e4st\u00e4.<\/li>\n<li class=\"plained\">N\u00e4ytt\u00e4v\u00e4t kukat upeilla kuvioilla.<\/li>\n<li class=\"plained\">Eritt\u00e4in hyv\u00e4 sateenkesto.<\/li>\n<li class=\"plained\">Korkeus: 30 cm.<\/li>\n<li class=\"plained\">Pakkauksessa 30 pellettoitua siement\u00e4.<\/li>\n<\/ul>\n<p>&nbsp;<\/p>\n<ul>\n<li class=\"plained\">Pellettoidut siemenet kylv\u00f6n helpottamiseksi.<\/li>\n<li class=\"plained\">Kylvettyj\u00e4 siemeni\u00e4 ei peitet\u00e4 mullalla.<\/li>\n<li class=\"plained\">Suosii aurinkoista ja tuulensuojaista kasvupaikkaa sek\u00e4 ravinteikasta ja vett\u00e4 l\u00e4p\u00e4isev\u00e4\u00e4 maaper\u00e4\u00e4.<\/li>\n<\/ul>\n","protected":false},"excerpt":{"rendered":"<ul>\n<li class=\"plained\">Matalakasvuinen ja kompakti hybridipetunialajike multiflora-lajikeryhm\u00e4st\u00e4.<\/li>\n<li class=\"plained\">N\u00e4ytt\u00e4v\u00e4t kukat upeilla kuvioilla.<\/li>\n<li class=\"plained\">Eritt\u00e4in hyv\u00e4 sateenkesto.<\/li>\n<\/ul>\n","protected":false},"featured_media":41799,"template":"","meta":{"_acf_changed":false,"_seopress_robots_primary_cat":"none","_seopress_titles_title":"Petuunia 'Celebrity Burgundy Frost' - Kompakti kaunotar","_seopress_titles_desc":"Matalakasvuinen petunia, jolla on n\u00e4ytt\u00e4v\u00e4t kukat ja hyv\u00e4 sateenkesto. Ihanteellinen valinta jokaiseen puutarhaan. ","_seopress_robots_index":"","_gspb_post_css":""},"product_brand":[],"product_cat":[2392,2423,2432,2399],"product_tag":[],"class_list":{"0":"post-41798","1":"product","2":"type-product","3":"status-publish","4":"has-post-thumbnail","6":"product_cat-kaikki-luokat","7":"product_cat-kukkien-siemenet","8":"product_cat-petunia-fi","9":"product_cat-siemenet","11":"first","12":"instock","13":"taxable","14":"shipping-taxable","15":"purchasable","16":"product-type-simple"},"ct_brands":[],"acf":[],"_links":{"self":[{"href":"https:\/\/agrozone.ee\/fi\/wp-json\/wp\/v2\/product\/41798","targetHints":{"allow":["GET"]}}],"collection":[{"href":"https:\/\/agrozone.ee\/fi\/wp-json\/wp\/v2\/product"}],"about":[{"href":"https:\/\/agrozone.ee\/fi\/wp-json\/wp\/v2\/types\/product"}],"wp:featuredmedia":[{"embeddable":true,"href":"https:\/\/agrozone.ee\/fi\/wp-json\/wp\/v2\/media\/41799"}],"wp:attachment":[{"href":"https:\/\/agrozone.ee\/fi\/wp-json\/wp\/v2\/media?parent=41798"}],"wp:term":[{"taxonomy":"product_brand","embeddable":true,"href":"https:\/\/agrozone.ee\/fi\/wp-json\/wp\/v2\/product_brand?post=41798"},{"taxonomy":"product_cat","embeddable":true,"href":"https:\/\/agrozone.ee\/fi\/wp-json\/wp\/v2\/product_cat?post=41798"},{"taxonomy":"product_tag","embeddable":true,"href":"https:\/\/agrozone.ee\/fi\/wp-json\/wp\/v2\/product_tag?post=41798"}],"curies":[{"name":"wp","href":"https:\/\/api.w.org\/{rel}","templated":true}]}}