{"id":41805,"date":"2024-10-07T13:30:56","date_gmt":"2024-10-07T11:30:56","guid":{"rendered":"https:\/\/agrozone.ee\/toode\/vihrean-punaisen-ja-sitruunabasilikan-siemenkiekot\/"},"modified":"2024-10-07T13:30:56","modified_gmt":"2024-10-07T11:30:56","slug":"vihrean-punaisen-ja-sitruunabasilikan-siemenkiekot","status":"publish","type":"product","link":"https:\/\/agrozone.ee\/fi\/tuote\/vihrean-punaisen-ja-sitruunabasilikan-siemenkiekot\/","title":{"rendered":"Vihre\u00e4n, punaisen ja sitruunabasilikan siemenkiekot"},"content":{"rendered":"<p class=\"firstHeading mw-first-heading\"><strong>Ocimum basilicum (Genovese), <\/strong><strong>Ocimum basilicum (Red Shiraz), <\/strong> <strong>Ocimum basilicum var. citriodora <\/strong><\/p>\n<p><em>Basilika on minttuperheen yrtti.<\/em><\/p>\n<ul>\n<li class=\"plained\">Pakkauksessa on kolme erilaista basilikan siemenlevy\u00e4, joiden halkaisija on 8 cm:\n<ul>\n<li class=\"plained\">klassinen suurilehtinen italialainen basilika<\/li>\n<li class=\"plained\">punalehtinen basilika<\/li>\n<li class=\"plained\">sitruunabasiilikka<\/li>\n<\/ul>\n<\/li>\n<li>Sopii ikkunalaudalle, parvekkeelle, terassille ja kasvihuoneeseen kasvatukseen.<\/li>\n<\/ul>\n<p>&nbsp;<\/p>\n<ul>\n<li>Aseta jokainen kiekko erikseen 10-12 cm halkaisijaltaan olevaan ruukkuun kostean mullan p\u00e4\u00e4lle ja paina sit\u00e4 vasten.<\/li>\n<li>Pid\u00e4 kylv\u00f6kset kosteina.<\/li>\n<\/ul>\n","protected":false},"excerpt":{"rendered":"<ul>\n<li class=\"plained\">Pakkauksessa on kolme erilaista basilikan siemenlevy\u00e4, joiden halkaisija on 8 cm:\n<ul>\n<li class=\"plained\">klassinen suurilehtinen italialainen basilika<\/li>\n<li class=\"plained\">punalehtinen basilika<\/li>\n<li class=\"plained\">sitruunabasiilikka<\/li>\n<\/ul>\n<\/li>\n<li>Sopii ikkunalaudalle, parvekkeelle, terassille ja kasvihuoneeseen kasvatukseen.<\/li>\n<\/ul>\n","protected":false},"featured_media":41806,"template":"","meta":{"_acf_changed":false,"_seopress_robots_primary_cat":"none","_seopress_titles_title":"Basilikan siemenkiekot - Vihre\u00e4, Punainen ja Sitruuna","_seopress_titles_desc":"Kolme erilaista basilikan siemenlevy\u00e4 ikkunalaudalle, parvekkeelle tai kasvihuoneeseen kasvatukseen. Ihanteellinen valinta jokaiselle puutarhanhoidosta kiinnostuneelle. ","_seopress_robots_index":"","_gspb_post_css":""},"product_brand":[],"product_cat":[2405,2392,2399,2401],"product_tag":[2531],"class_list":{"0":"post-41805","1":"product","2":"type-product","3":"status-publish","4":"has-post-thumbnail","6":"product_cat-basilika","7":"product_cat-kaikki-luokat","8":"product_cat-siemenet","9":"product_cat-vihanneksien-siemenet","10":"product_tag-siemenlevy","12":"first","13":"instock","14":"taxable","15":"shipping-taxable","16":"purchasable","17":"product-type-simple"},"ct_brands":[],"acf":[],"_links":{"self":[{"href":"https:\/\/agrozone.ee\/fi\/wp-json\/wp\/v2\/product\/41805","targetHints":{"allow":["GET"]}}],"collection":[{"href":"https:\/\/agrozone.ee\/fi\/wp-json\/wp\/v2\/product"}],"about":[{"href":"https:\/\/agrozone.ee\/fi\/wp-json\/wp\/v2\/types\/product"}],"wp:featuredmedia":[{"embeddable":true,"href":"https:\/\/agrozone.ee\/fi\/wp-json\/wp\/v2\/media\/41806"}],"wp:attachment":[{"href":"https:\/\/agrozone.ee\/fi\/wp-json\/wp\/v2\/media?parent=41805"}],"wp:term":[{"taxonomy":"product_brand","embeddable":true,"href":"https:\/\/agrozone.ee\/fi\/wp-json\/wp\/v2\/product_brand?post=41805"},{"taxonomy":"product_cat","embeddable":true,"href":"https:\/\/agrozone.ee\/fi\/wp-json\/wp\/v2\/product_cat?post=41805"},{"taxonomy":"product_tag","embeddable":true,"href":"https:\/\/agrozone.ee\/fi\/wp-json\/wp\/v2\/product_tag?post=41805"}],"curies":[{"name":"wp","href":"https:\/\/api.w.org\/{rel}","templated":true}]}}