{"id":41807,"date":"2024-10-07T13:29:27","date_gmt":"2024-10-07T11:29:27","guid":{"rendered":"https:\/\/agrozone.ee\/toode\/ruohosipulin-timjamin-ja-meiramien-siemenkiekot\/"},"modified":"2024-10-07T13:29:27","modified_gmt":"2024-10-07T11:29:27","slug":"ruohosipulin-timjamin-ja-meiramien-siemenkiekot","status":"publish","type":"product","link":"https:\/\/agrozone.ee\/fi\/tuote\/ruohosipulin-timjamin-ja-meiramien-siemenkiekot\/","title":{"rendered":"Ruohosipulin, timjamin ja meiramien siemenkiekot"},"content":{"rendered":"<p><strong>Allium schoenoprasum, Thymus vulgaris, Origanum syriacum<\/strong><\/p>\n<ul>\n<li class=\"plained\">Pakkauksessa 3 yrtin siemenlevy\u00e4, joiden halkaisija on 8 cm:\n<ul>\n<li class=\"plained\">1) ruohosipuli<\/li>\n<li class=\"plained\">2) timjami<\/li>\n<li class=\"plained\">4) meirami<\/li>\n<\/ul>\n<\/li>\n<li>Sopii ikkunalaudalle, parvekkeelle, terassille ja kasvihuoneeseen kasvatukseen.<\/li>\n<\/ul>\n<p>&nbsp;<\/p>\n<ul>\n<li>Aseta jokainen kiekko erikseen 10-12 cm halkaisijaltaan olevaan ruukkuun kostean mullan p\u00e4\u00e4lle ja paina sit\u00e4 vasten.<\/li>\n<li>Peit\u00e4 ruohosipulin kiekko ohuella multakerroksella.<\/li>\n<li>Pid\u00e4 kylv\u00f6kset kosteina.<\/li>\n<\/ul>\n","protected":false},"excerpt":{"rendered":"<ul>\n<li class=\"plained\">Pakkauksessa 3 yrtin siemenlevy\u00e4, joiden halkaisija on 8 cm:\n<ul>\n<li class=\"plained\">1) ruohosipuli<\/li>\n<li class=\"plained\">2) timjami<\/li>\n<li class=\"plained\">4) meirami<\/li>\n<\/ul>\n<\/li>\n<li>Sopii ikkunalaudalle, parvekkeelle, terassille ja kasvihuoneeseen kasvatukseen.<\/li>\n<\/ul>\n","protected":false},"featured_media":41808,"template":"","meta":{"_acf_changed":false,"_seopress_robots_primary_cat":"none","_seopress_titles_title":"Yrttien siemenkiekot - Ruohosipuli, Timjami, Meirami","_seopress_titles_desc":"Osta 3 yrtin siemenlevy\u00e4: ruohosipuli, timjami ja meirami. Ihanteellinen ikkunalaudalle, parvekkeelle tai kasvihuoneeseen kasvatukseen. ","_seopress_robots_index":"","_gspb_post_css":""},"product_brand":[],"product_cat":[2392,2419,2399,2401],"product_tag":[2531],"class_list":{"0":"post-41807","1":"product","2":"type-product","3":"status-publish","4":"has-post-thumbnail","6":"product_cat-kaikki-luokat","7":"product_cat-salaatit-ja-muut","8":"product_cat-siemenet","9":"product_cat-vihanneksien-siemenet","10":"product_tag-siemenlevy","12":"first","13":"instock","14":"taxable","15":"shipping-taxable","16":"purchasable","17":"product-type-simple"},"ct_brands":[],"acf":[],"_links":{"self":[{"href":"https:\/\/agrozone.ee\/fi\/wp-json\/wp\/v2\/product\/41807","targetHints":{"allow":["GET"]}}],"collection":[{"href":"https:\/\/agrozone.ee\/fi\/wp-json\/wp\/v2\/product"}],"about":[{"href":"https:\/\/agrozone.ee\/fi\/wp-json\/wp\/v2\/types\/product"}],"wp:featuredmedia":[{"embeddable":true,"href":"https:\/\/agrozone.ee\/fi\/wp-json\/wp\/v2\/media\/41808"}],"wp:attachment":[{"href":"https:\/\/agrozone.ee\/fi\/wp-json\/wp\/v2\/media?parent=41807"}],"wp:term":[{"taxonomy":"product_brand","embeddable":true,"href":"https:\/\/agrozone.ee\/fi\/wp-json\/wp\/v2\/product_brand?post=41807"},{"taxonomy":"product_cat","embeddable":true,"href":"https:\/\/agrozone.ee\/fi\/wp-json\/wp\/v2\/product_cat?post=41807"},{"taxonomy":"product_tag","embeddable":true,"href":"https:\/\/agrozone.ee\/fi\/wp-json\/wp\/v2\/product_tag?post=41807"}],"curies":[{"name":"wp","href":"https:\/\/api.w.org\/{rel}","templated":true}]}}