{"id":41809,"date":"2024-10-07T13:27:45","date_gmt":"2024-10-07T10:27:45","guid":{"rendered":"https:\/\/agrozone.ee\/toode\/tillin-persiljan-ja-basilikan-siemenkiekot\/"},"modified":"2024-10-07T13:27:45","modified_gmt":"2024-10-07T11:27:45","slug":"tillin-persiljan-ja-basilikan-siemenkiekot","status":"publish","type":"product","link":"https:\/\/agrozone.ee\/fi\/tuote\/tillin-persiljan-ja-basilikan-siemenkiekot\/","title":{"rendered":"Tillin, persiljan ja basilikan siemenkiekot"},"content":{"rendered":"<p><strong>Anethum graveolens (Mammut), Petroselinum crispum (Gigante d\u02c7Italia), Ocimum basilicum (Genovese)<\/strong><\/p>\n<ul>\n<li class=\"plained\">Pakkauksessa 3 yrtin siemenlevy\u00e4, joiden halkaisija on 8 cm:\n<ul>\n<li class=\"plained\">pensastilli<\/li>\n<li class=\"plained\">lehtipersilja<\/li>\n<li class=\"plained\">klassinen suurilehtinen italialainen basilika.<\/li>\n<\/ul>\n<\/li>\n<li class=\"plained\">Sopii ikkunalaudalle, parvekkeelle ja terassille kasvatukseen.<\/li>\n<\/ul>\n<p>&nbsp;<\/p>\n<ul>\n<li class=\"plained\">Aseta jokainen kiekko erikseen 10-12 cm halkaisijaltaan olevaan ruukkuun kostealle mullalle, peit\u00e4 ohuella multakerroksella, basilikan kiekkoa ei tarvitse peitt\u00e4\u00e4.<\/li>\n<\/ul>\n","protected":false},"excerpt":{"rendered":"<ul>\n<li class=\"plained\">Pakkauksessa 3 yrtin siemenlevy\u00e4, joiden halkaisija on 8 cm:\n<ul>\n<li class=\"plained\">pensastilli<\/li>\n<li class=\"plained\">lehtipersilja<\/li>\n<li class=\"plained\">klassinen suurilehtinen italialainen basilika.<\/li>\n<\/ul>\n<\/li>\n<li class=\"plained\">Sopii ikkunalaudalle, parvekkeelle ja terassille kasvatukseen.<\/li>\n<\/ul>\n","protected":false},"featured_media":41813,"template":"","meta":{"_acf_changed":false,"_seopress_robots_primary_cat":"none","_seopress_titles_title":"Yrttien siemenkiekot - Tilli, Persilja, Basilika","_seopress_titles_desc":"Osta yrttien siemenkiekot: tilli, persilja ja basilika. Ihanteellinen ikkunalaudalle, parvekkeelle tai terassille kasvatukseen. Pakkauksessa 3 kiekkoa.  ","_seopress_robots_index":"","_gspb_post_css":""},"product_brand":[],"product_cat":[2405,2392,2416,2419,2399,2402,2401],"product_tag":[2531],"class_list":{"0":"post-41809","1":"product","2":"type-product","3":"status-publish","4":"has-post-thumbnail","6":"product_cat-basilika","7":"product_cat-kaikki-luokat","8":"product_cat-persilja","9":"product_cat-salaatit-ja-muut","10":"product_cat-siemenet","11":"product_cat-tilli","12":"product_cat-vihanneksien-siemenet","13":"product_tag-siemenlevy","15":"first","16":"instock","17":"taxable","18":"shipping-taxable","19":"purchasable","20":"product-type-simple"},"ct_brands":[],"acf":[],"_links":{"self":[{"href":"https:\/\/agrozone.ee\/fi\/wp-json\/wp\/v2\/product\/41809","targetHints":{"allow":["GET"]}}],"collection":[{"href":"https:\/\/agrozone.ee\/fi\/wp-json\/wp\/v2\/product"}],"about":[{"href":"https:\/\/agrozone.ee\/fi\/wp-json\/wp\/v2\/types\/product"}],"wp:featuredmedia":[{"embeddable":true,"href":"https:\/\/agrozone.ee\/fi\/wp-json\/wp\/v2\/media\/41813"}],"wp:attachment":[{"href":"https:\/\/agrozone.ee\/fi\/wp-json\/wp\/v2\/media?parent=41809"}],"wp:term":[{"taxonomy":"product_brand","embeddable":true,"href":"https:\/\/agrozone.ee\/fi\/wp-json\/wp\/v2\/product_brand?post=41809"},{"taxonomy":"product_cat","embeddable":true,"href":"https:\/\/agrozone.ee\/fi\/wp-json\/wp\/v2\/product_cat?post=41809"},{"taxonomy":"product_tag","embeddable":true,"href":"https:\/\/agrozone.ee\/fi\/wp-json\/wp\/v2\/product_tag?post=41809"}],"curies":[{"name":"wp","href":"https:\/\/api.w.org\/{rel}","templated":true}]}}