{"id":41814,"date":"2024-10-07T13:12:41","date_gmt":"2024-10-07T11:12:41","guid":{"rendered":"https:\/\/agrozone.ee\/toode\/kirsikkatomaatti-tutti-frutti-f1\/"},"modified":"2024-10-07T13:12:41","modified_gmt":"2024-10-07T11:12:41","slug":"kirsikkatomaatti-tutti-frutti-f1","status":"publish","type":"product","link":"https:\/\/agrozone.ee\/fi\/tuote\/kirsikkatomaatti-tutti-frutti-f1\/","title":{"rendered":"Kirsikkatomaatti &#8216;Tutti Frutti&#8217; F1"},"content":{"rendered":"<p><strong>Solanum lycopersicum L.<\/strong><\/p>\n<ul>\n<li class=\"plained\">Erinomaisen makea ja aikainen kirsikkatomaattilajike!<\/li>\n<li class=\"plained\">Korkeakasvuinen, taudinkest\u00e4v\u00e4 ja eritt\u00e4in satoisa lajike kasvihuoneviljelyyn.<\/li>\n<li class=\"plained\">Pienet punaiset soikeat hedelm\u00e4t, joiden paino on 15-20 g.<\/li>\n<\/ul>\n<p>Kylv\u00f6aika.<\/p>\n<ul>\n<li>Esikasvatus helmi-huhtikuussa.<\/li>\n<\/ul>\n<p>Istutussuunnitelma.<\/p>\n<ul>\n<li>Riviv\u00e4li 40-75 cm, taimien v\u00e4li 50-100 cm.<\/li>\n<\/ul>\n","protected":false},"excerpt":{"rendered":"<ul>\n<li class=\"plained\">Erinomaisen makea ja aikainen kirsikkatomaattilajike!<\/li>\n<li class=\"plained\">Korkeakasvuinen, taudinkest\u00e4v\u00e4 ja eritt\u00e4in satoisa lajike kasvihuoneviljelyyn.<\/li>\n<li class=\"plained\">Pienet punaiset soikeat hedelm\u00e4t, joiden paino on 15-20 g.<\/li>\n<\/ul>\n","protected":false},"featured_media":41815,"template":"","meta":{"_acf_changed":false,"_seopress_robots_primary_cat":"none","_seopress_titles_title":"Kirsikkatomaatti 'Tutti Frutti' F1: Makea ja satoisa lajike","_seopress_titles_desc":"Tutustu kirsikkatomaatin 'Tutti Frutti' F1 etuihin: makea maku, taudinkest\u00e4v\u00e4 ja runsassatoinen. Ihanteellinen kasvihuoneviljelyyn. ","_seopress_robots_index":"","_gspb_post_css":""},"product_brand":[],"product_cat":[2392,2399,2422,2401],"product_tag":[],"class_list":{"0":"post-41814","1":"product","2":"type-product","3":"status-publish","4":"has-post-thumbnail","6":"product_cat-kaikki-luokat","7":"product_cat-siemenet","8":"product_cat-tomaatti","9":"product_cat-vihanneksien-siemenet","11":"first","12":"instock","13":"featured","14":"taxable","15":"shipping-taxable","16":"purchasable","17":"product-type-simple"},"ct_brands":[],"acf":[],"_links":{"self":[{"href":"https:\/\/agrozone.ee\/fi\/wp-json\/wp\/v2\/product\/41814","targetHints":{"allow":["GET"]}}],"collection":[{"href":"https:\/\/agrozone.ee\/fi\/wp-json\/wp\/v2\/product"}],"about":[{"href":"https:\/\/agrozone.ee\/fi\/wp-json\/wp\/v2\/types\/product"}],"wp:featuredmedia":[{"embeddable":true,"href":"https:\/\/agrozone.ee\/fi\/wp-json\/wp\/v2\/media\/41815"}],"wp:attachment":[{"href":"https:\/\/agrozone.ee\/fi\/wp-json\/wp\/v2\/media?parent=41814"}],"wp:term":[{"taxonomy":"product_brand","embeddable":true,"href":"https:\/\/agrozone.ee\/fi\/wp-json\/wp\/v2\/product_brand?post=41814"},{"taxonomy":"product_cat","embeddable":true,"href":"https:\/\/agrozone.ee\/fi\/wp-json\/wp\/v2\/product_cat?post=41814"},{"taxonomy":"product_tag","embeddable":true,"href":"https:\/\/agrozone.ee\/fi\/wp-json\/wp\/v2\/product_tag?post=41814"}],"curies":[{"name":"wp","href":"https:\/\/api.w.org\/{rel}","templated":true}]}}