{"id":41816,"date":"2024-10-07T13:14:23","date_gmt":"2024-10-07T11:14:23","guid":{"rendered":"https:\/\/agrozone.ee\/toode\/minipaprika-terrazzi-f1\/"},"modified":"2024-10-07T13:14:23","modified_gmt":"2024-10-07T11:14:23","slug":"minipaprika-terrazzi-f1","status":"publish","type":"product","link":"https:\/\/agrozone.ee\/fi\/tuote\/minipaprika-terrazzi-f1\/","title":{"rendered":"Minipaprika &#8216;Terrazzi&#8217; F1"},"content":{"rendered":"<p><strong>Capsicum annuum L.<\/strong><\/p>\n<ul>\n<li class=\"plained\">Pienten makeiden oransinkeltaisten hedelmien v\u00e4lipalapippuri.<\/li>\n<li class=\"plained\">Satoisa ja kompakti lajike.<\/li>\n<li class=\"plained\">Sopii hyvin ruukussa ja parvekelaatikoissa kasvatukseen.<\/li>\n<li class=\"plained\">Kest\u00e4v\u00e4 taudeille.<\/li>\n<\/ul>\n<p>Kylv\u00f6aika.<\/p>\n<ul>\n<li>Kylvet\u00e4\u00e4n helmikuusta huhtikuuhun.<\/li>\n<li>Istutetaan kasvihuoneeseen huhti-toukokuussa, avomaalle touko-kes\u00e4kuussa y\u00f6pakkasten menty\u00e4.<\/li>\n<li>Kasvien v\u00e4li: 30 cm, riviv\u00e4li 70 cm.<\/li>\n<\/ul>\n","protected":false},"excerpt":{"rendered":"<ul>\n<li class=\"plained\">Pienten makeiden oransinkeltaisten hedelmien v\u00e4lipalapippuri.<\/li>\n<li class=\"plained\">Satoisa ja kompakti lajike.<\/li>\n<li class=\"plained\">Sopii hyvin ruukussa ja parvekelaatikoissa kasvatukseen.<\/li>\n<li class=\"plained\">Kest\u00e4v\u00e4 taudeille.<\/li>\n<\/ul>\n","protected":false},"featured_media":41817,"template":"","meta":{"_acf_changed":false,"_seopress_robots_primary_cat":"none","_seopress_titles_title":"Minipaprika 'Terrazzi' F1 - Satoisa ja kompakti","_seopress_titles_desc":"Tutustu minipaprikan 'Terrazzi' F1 ominaisuuksiin. Satoisa, kompakti ja taudinkest\u00e4v\u00e4, ihanteellinen ruukussa kasvatukseen. ","_seopress_robots_index":"","_gspb_post_css":""},"product_brand":[],"product_cat":[2392,2413,2399,2401],"product_tag":[],"class_list":{"0":"post-41816","1":"product","2":"type-product","3":"status-publish","4":"has-post-thumbnail","6":"product_cat-kaikki-luokat","7":"product_cat-paprika-chilipaprika","8":"product_cat-siemenet","9":"product_cat-vihanneksien-siemenet","11":"first","12":"instock","13":"featured","14":"taxable","15":"shipping-taxable","16":"purchasable","17":"product-type-simple"},"ct_brands":[],"acf":[],"_links":{"self":[{"href":"https:\/\/agrozone.ee\/fi\/wp-json\/wp\/v2\/product\/41816","targetHints":{"allow":["GET"]}}],"collection":[{"href":"https:\/\/agrozone.ee\/fi\/wp-json\/wp\/v2\/product"}],"about":[{"href":"https:\/\/agrozone.ee\/fi\/wp-json\/wp\/v2\/types\/product"}],"wp:featuredmedia":[{"embeddable":true,"href":"https:\/\/agrozone.ee\/fi\/wp-json\/wp\/v2\/media\/41817"}],"wp:attachment":[{"href":"https:\/\/agrozone.ee\/fi\/wp-json\/wp\/v2\/media?parent=41816"}],"wp:term":[{"taxonomy":"product_brand","embeddable":true,"href":"https:\/\/agrozone.ee\/fi\/wp-json\/wp\/v2\/product_brand?post=41816"},{"taxonomy":"product_cat","embeddable":true,"href":"https:\/\/agrozone.ee\/fi\/wp-json\/wp\/v2\/product_cat?post=41816"},{"taxonomy":"product_tag","embeddable":true,"href":"https:\/\/agrozone.ee\/fi\/wp-json\/wp\/v2\/product_tag?post=41816"}],"curies":[{"name":"wp","href":"https:\/\/api.w.org\/{rel}","templated":true}]}}