{"id":41818,"date":"2024-10-07T13:17:52","date_gmt":"2024-10-07T11:17:52","guid":{"rendered":"https:\/\/agrozone.ee\/toode\/lehtisalaattisekoituksen-siemennauha\/"},"modified":"2024-10-07T13:17:52","modified_gmt":"2024-10-07T11:17:52","slug":"lehtisalaattisekoituksen-siemennauha","status":"publish","type":"product","link":"https:\/\/agrozone.ee\/fi\/tuote\/lehtisalaattisekoituksen-siemennauha\/","title":{"rendered":"Lehtisalaattisekoituksen siemennauha"},"content":{"rendered":"<p><strong>Lactuca sativa L<\/strong><\/p>\n<ul>\n<li class=\"plained\">Lehtisalaatti siemennauhalla &#8211; helppo kasvattaa, ei tarvitse harventaa.<\/li>\n<li class=\"plained\">Eri muotoisia ja rakenteisia salaatinlehti\u00e4, sek\u00e4 vihreit\u00e4 ett\u00e4 punaisia.<\/li>\n<li class=\"plained\">Kylv\u00e4 kev\u00e4\u00e4st\u00e4 syksyyn 3 viikon v\u00e4lein, jotta saat jatkuvasti tuoreita nuoria lehti\u00e4.<\/li>\n<li class=\"plained\">Voidaan kasvattaa my\u00f6s parvekelaatikossa.<\/li>\n<li class=\"plained\">Kasvaa hyvin aurinkoisessa paikassa, runsasmultaisella ja kosteahkolla, liev\u00e4sti happamalla (pH 5,8-6,5) maaper\u00e4ll\u00e4.<\/li>\n<li class=\"plained\">Salaattikasvit kest\u00e4v\u00e4t y\u00f6pakkasia -5 asteeseen asti.<\/li>\n<\/ul>\n<p>Kylv\u00f6aika.<\/p>\n<ul>\n<li>Kylvet\u00e4\u00e4n avomaalle huhtikuusta syyskuuhun.<\/li>\n<li>Kasvaa hyvin aurinkoisessa paikassa, runsasmultaisella ja kosteahkolla, liev\u00e4sti happamalla (pH 5,8-6,5) maaper\u00e4ll\u00e4.<\/li>\n<li>Salaattikasvit kest\u00e4v\u00e4t y\u00f6pakkasia -5 asteeseen asti.<\/li>\n<\/ul>\n","protected":false},"excerpt":{"rendered":"<ul>\n<li class=\"plained\">Lehtisalaatti siemennauhalla &#8211; helppo kasvattaa, ei tarvitse harventaa.<\/li>\n<li class=\"plained\">Eri muotoisia ja rakenteisia salaatinlehti\u00e4, sek\u00e4 vihreit\u00e4 ett\u00e4 punaisia.<\/li>\n<li class=\"plained\">Kylv\u00e4 kev\u00e4\u00e4st\u00e4 syksyyn 3 viikon v\u00e4lein, jotta saat jatkuvasti tuoreita nuoria lehti\u00e4.<\/li>\n<li class=\"plained\">Voidaan kasvattaa my\u00f6s parvekelaatikossa.<\/li>\n<\/ul>\n","protected":false},"featured_media":41819,"template":"","meta":{"_acf_changed":false,"_seopress_robots_primary_cat":"none","_seopress_titles_title":"Helppo lehtisalaatti siemennauhalla - tuoreita salaatinlehti\u00e4","_seopress_titles_desc":"Lehtisalaatti siemennauhalla on helppo kasvattaa. Kylv\u00e4 kev\u00e4\u00e4st\u00e4 syksyyn ja nauti tuoreista nuorista lehdist\u00e4 milloin vain. ","_seopress_robots_index":"","_gspb_post_css":""},"product_brand":[],"product_cat":[2392,2419,2399,2401],"product_tag":[2532],"class_list":{"0":"post-41818","1":"product","2":"type-product","3":"status-publish","4":"has-post-thumbnail","6":"product_cat-kaikki-luokat","7":"product_cat-salaatit-ja-muut","8":"product_cat-siemenet","9":"product_cat-vihanneksien-siemenet","10":"product_tag-siemennauha","12":"first","13":"instock","14":"taxable","15":"shipping-taxable","16":"purchasable","17":"product-type-simple"},"ct_brands":[],"acf":[],"_links":{"self":[{"href":"https:\/\/agrozone.ee\/fi\/wp-json\/wp\/v2\/product\/41818","targetHints":{"allow":["GET"]}}],"collection":[{"href":"https:\/\/agrozone.ee\/fi\/wp-json\/wp\/v2\/product"}],"about":[{"href":"https:\/\/agrozone.ee\/fi\/wp-json\/wp\/v2\/types\/product"}],"wp:featuredmedia":[{"embeddable":true,"href":"https:\/\/agrozone.ee\/fi\/wp-json\/wp\/v2\/media\/41819"}],"wp:attachment":[{"href":"https:\/\/agrozone.ee\/fi\/wp-json\/wp\/v2\/media?parent=41818"}],"wp:term":[{"taxonomy":"product_brand","embeddable":true,"href":"https:\/\/agrozone.ee\/fi\/wp-json\/wp\/v2\/product_brand?post=41818"},{"taxonomy":"product_cat","embeddable":true,"href":"https:\/\/agrozone.ee\/fi\/wp-json\/wp\/v2\/product_cat?post=41818"},{"taxonomy":"product_tag","embeddable":true,"href":"https:\/\/agrozone.ee\/fi\/wp-json\/wp\/v2\/product_tag?post=41818"}],"curies":[{"name":"wp","href":"https:\/\/api.w.org\/{rel}","templated":true}]}}