{"id":41820,"date":"2024-10-07T13:20:54","date_gmt":"2024-10-07T11:20:54","guid":{"rendered":"https:\/\/agrozone.ee\/toode\/aasialaisten-lehtivihannesten-siemennauha\/"},"modified":"2024-10-07T13:20:54","modified_gmt":"2024-10-07T11:20:54","slug":"aasialaisten-lehtivihannesten-siemennauha","status":"publish","type":"product","link":"https:\/\/agrozone.ee\/fi\/tuote\/aasialaisten-lehtivihannesten-siemennauha\/","title":{"rendered":"Aasialaisten lehtivihannesten siemennauha"},"content":{"rendered":"<p>&nbsp;<\/p>\n<ul>\n<li class=\"plained\">Siemennauhalla erilaisia aasialaisessa keitti\u00f6ss\u00e4 tunnettuja lehtivihanneksia:\n<ul>\n<li class=\"plained\">Misuna eli japanilainen lehtikaali,<\/li>\n<li class=\"plained\">mibuuna eli kioton lehtikaali,<\/li>\n<li class=\"plained\">paksoi eli kiinanlehtikaali,<\/li>\n<li class=\"plained\">tatsoi eli kiinankaali,<\/li>\n<li class=\"plained\">punainen ja vihre\u00e4 lehtisinappi.<\/li>\n<\/ul>\n<\/li>\n<li class=\"plained\">Houkuttelevan muotoinen ja maukas.<\/li>\n<li class=\"plained\">Helppo kasvattaa, it\u00e4\u00e4 nopeasti.<\/li>\n<li class=\"plained\">Voidaan kasvattaa my\u00f6s parvekelaatikossa.<\/li>\n<\/ul>\n<p>&nbsp;<\/p>\n<p>Kylv\u00f6aika.<\/p>\n<ul>\n<li class=\"plained\">Kylvet\u00e4\u00e4n avomaalle huhtikuusta syyskuuhun.<\/li>\n<li class=\"plained\">Kasvaa hyvin kuohkeassa ja hedelm\u00e4llisess\u00e4 maassa ja tarvitsee paljon kosteutta.<\/li>\n<li class=\"plained\">Tee uusia kylv\u00f6j\u00e4 muutaman viikon v\u00e4lein, jotta saat jatkuvasti tuoreita nuoria lehti\u00e4.<\/li>\n<\/ul>\n","protected":false},"excerpt":{"rendered":"<ul>\n<li class=\"plained\">Siemennauhalla erilaisia aasialaisessa keitti\u00f6ss\u00e4 tunnettuja lehtivihanneksia.<\/li>\n<li class=\"plained\">Houkuttelevan muotoinen ja maukas.<\/li>\n<li class=\"plained\">Helppo kasvattaa, it\u00e4\u00e4 nopeasti.<\/li>\n<li class=\"plained\">Voidaan kasvattaa my\u00f6s parvekelaatikossa.<\/li>\n<\/ul>\n","protected":false},"featured_media":41821,"template":"","meta":{"_acf_changed":false,"_seopress_robots_primary_cat":"none","_seopress_titles_title":"Aasialaisten lehtivihannesten siemennauha","_seopress_titles_desc":"Tutustu erilaisiin aasialaisiin lehtivihanneksiin siemennauhalla. Helppo kasvattaa ja ihanteellinen parvekelaatikoihin. Kylv\u00f6aika huhtikuusta syyskuuhun.  ","_seopress_robots_index":"","_gspb_post_css":""},"product_brand":[],"product_cat":[2392,2419,2399,2401],"product_tag":[2532],"class_list":{"0":"post-41820","1":"product","2":"type-product","3":"status-publish","4":"has-post-thumbnail","6":"product_cat-kaikki-luokat","7":"product_cat-salaatit-ja-muut","8":"product_cat-siemenet","9":"product_cat-vihanneksien-siemenet","10":"product_tag-siemennauha","12":"first","13":"instock","14":"taxable","15":"shipping-taxable","16":"purchasable","17":"product-type-simple"},"ct_brands":[],"acf":[],"_links":{"self":[{"href":"https:\/\/agrozone.ee\/fi\/wp-json\/wp\/v2\/product\/41820","targetHints":{"allow":["GET"]}}],"collection":[{"href":"https:\/\/agrozone.ee\/fi\/wp-json\/wp\/v2\/product"}],"about":[{"href":"https:\/\/agrozone.ee\/fi\/wp-json\/wp\/v2\/types\/product"}],"wp:featuredmedia":[{"embeddable":true,"href":"https:\/\/agrozone.ee\/fi\/wp-json\/wp\/v2\/media\/41821"}],"wp:attachment":[{"href":"https:\/\/agrozone.ee\/fi\/wp-json\/wp\/v2\/media?parent=41820"}],"wp:term":[{"taxonomy":"product_brand","embeddable":true,"href":"https:\/\/agrozone.ee\/fi\/wp-json\/wp\/v2\/product_brand?post=41820"},{"taxonomy":"product_cat","embeddable":true,"href":"https:\/\/agrozone.ee\/fi\/wp-json\/wp\/v2\/product_cat?post=41820"},{"taxonomy":"product_tag","embeddable":true,"href":"https:\/\/agrozone.ee\/fi\/wp-json\/wp\/v2\/product_tag?post=41820"}],"curies":[{"name":"wp","href":"https:\/\/api.w.org\/{rel}","templated":true}]}}