{"id":41824,"date":"2024-10-07T13:54:55","date_gmt":"2024-10-07T11:54:55","guid":{"rendered":"https:\/\/agrozone.ee\/toode\/paivanhatut-toto-gold\/"},"modified":"2024-10-07T13:54:55","modified_gmt":"2024-10-07T11:54:55","slug":"paivanhatut-toto-gold","status":"publish","type":"product","link":"https:\/\/agrozone.ee\/fi\/tuote\/paivanhatut-toto-gold\/","title":{"rendered":"P\u00e4iv\u00e4nhatut &#8216;Toto Gold&#8217;"},"content":{"rendered":"<p>Karvainen p\u00e4iv\u00e4nhatut (<em>Rudbeckia hirta<\/em>)<\/p>\n<ul>\n<li class=\"plained\">Runsaasti kukkiva ja v\u00e4rik\u00e4s kes\u00e4kukka.<\/li>\n<li class=\"plained\">Matalakasvuinen ja kompakti.<\/li>\n<li class=\"plained\">Korkeus: 35-40 cm.<\/li>\n<li class=\"plained\">Keltaiset kukat, joissa on tumma keskus, halkaisija 6 cm.<\/li>\n<li class=\"plained\">Kukkii syyskylmiin asti.<\/li>\n<li class=\"plained\">Sopii kukkapenkkeihin, ruukkuihin ja parvekelaatikoihin.<\/li>\n<li class=\"plained\">Paketissa 20 siement\u00e4.<\/li>\n<li class=\"plained\">Viihtyy aurinkoisella paikalla ravinteikkaassa ja multavassa maaper\u00e4ss\u00e4.<\/li>\n<\/ul>\n","protected":false},"excerpt":{"rendered":"<ul>\n<li class=\"plained\">Runsaasti kukkiva ja v\u00e4rik\u00e4s kes\u00e4kukka.<\/li>\n<li class=\"plained\">Matalakasvuinen ja kompakti.<\/li>\n<li class=\"plained\">Korkeus: 35-40 cm.<\/li>\n<li class=\"plained\">Keltaiset kukat, joissa on tumma keskus, halkaisija 6 cm.<\/li>\n<li class=\"plained\">Kukkii syyskylmiin asti.<\/li>\n<\/ul>\n","protected":false},"featured_media":41825,"template":"","meta":{"_acf_changed":false,"_seopress_robots_primary_cat":"none","_seopress_titles_title":"P\u00e4iv\u00e4nhatut 'Toto Gold' - V\u00e4rik\u00e4s kes\u00e4kukka jokaiseen puutarhaan","_seopress_titles_desc":"Runsaasti kukkiva p\u00e4iv\u00e4nhatut 'Toto Gold' tuo v\u00e4ri\u00e4 ja kauneutta. Matalakasvuinen, kompakti ja keltakukkainen, ihanteellinen kaikenlaisiin kukkapenkkeihin. ","_seopress_robots_index":"","_gspb_post_css":""},"product_brand":[],"product_cat":[2392,2423,2434,2399],"product_tag":[],"class_list":{"0":"post-41824","1":"product","2":"type-product","3":"status-publish","4":"has-post-thumbnail","6":"product_cat-kaikki-luokat","7":"product_cat-kukkien-siemenet","8":"product_cat-rudbeckia","9":"product_cat-siemenet","11":"first","12":"instock","13":"taxable","14":"shipping-taxable","15":"purchasable","16":"product-type-simple"},"ct_brands":[],"acf":[],"_links":{"self":[{"href":"https:\/\/agrozone.ee\/fi\/wp-json\/wp\/v2\/product\/41824","targetHints":{"allow":["GET"]}}],"collection":[{"href":"https:\/\/agrozone.ee\/fi\/wp-json\/wp\/v2\/product"}],"about":[{"href":"https:\/\/agrozone.ee\/fi\/wp-json\/wp\/v2\/types\/product"}],"wp:featuredmedia":[{"embeddable":true,"href":"https:\/\/agrozone.ee\/fi\/wp-json\/wp\/v2\/media\/41825"}],"wp:attachment":[{"href":"https:\/\/agrozone.ee\/fi\/wp-json\/wp\/v2\/media?parent=41824"}],"wp:term":[{"taxonomy":"product_brand","embeddable":true,"href":"https:\/\/agrozone.ee\/fi\/wp-json\/wp\/v2\/product_brand?post=41824"},{"taxonomy":"product_cat","embeddable":true,"href":"https:\/\/agrozone.ee\/fi\/wp-json\/wp\/v2\/product_cat?post=41824"},{"taxonomy":"product_tag","embeddable":true,"href":"https:\/\/agrozone.ee\/fi\/wp-json\/wp\/v2\/product_tag?post=41824"}],"curies":[{"name":"wp","href":"https:\/\/api.w.org\/{rel}","templated":true}]}}