{"id":41828,"date":"2024-10-07T13:54:03","date_gmt":"2024-10-07T11:54:03","guid":{"rendered":"https:\/\/agrozone.ee\/toode\/paivanhatut-prairie-sun\/"},"modified":"2024-10-07T13:54:03","modified_gmt":"2024-10-07T11:54:03","slug":"paivanhatut-prairie-sun","status":"publish","type":"product","link":"https:\/\/agrozone.ee\/fi\/tuote\/paivanhatut-prairie-sun\/","title":{"rendered":"P\u00e4iv\u00e4nhatut &#8216;Prairie Sun&#8217;"},"content":{"rendered":"<p>Karvainen p\u00e4iv\u00e4nhatut (<em>Rudbeckia hirta<\/em>)<\/p>\n<ul>\n<li class=\"plained\">Runsaasti kukkiva ja v\u00e4rik\u00e4s kes\u00e4kukka.<\/li>\n<li class=\"plained\">N\u00e4ytt\u00e4v\u00e4t tumman- ja vaaleankeltaisen s\u00e4vyiset kukat, joissa on vihre\u00e4 keskus, kukan halkaisija 15 cm.<\/li>\n<li class=\"plained\">Kukkii syyskylmiin asti.<\/li>\n<li class=\"plained\">Sopii hyvin leikkokukaksi.<\/li>\n<li class=\"plained\">Korkeus: 80 cm.<\/li>\n<li class=\"plained\">Paketissa on 20 siement\u00e4.<\/li>\n<li class=\"plained\">Viihtyy aurinkoisella paikalla ravinteikkaassa ja multavassa maaper\u00e4ss\u00e4.<\/li>\n<\/ul>\n","protected":false},"excerpt":{"rendered":"<ul>\n<li class=\"plained\">Runsaasti kukkiva ja v\u00e4rik\u00e4s kes\u00e4kukka.<\/li>\n<li class=\"plained\">N\u00e4ytt\u00e4v\u00e4t tumman- ja vaaleankeltaisen s\u00e4vyiset kukat, joissa on vihre\u00e4 keskus, kukan halkaisija 15 cm.<\/li>\n<li class=\"plained\">Kukkii syyskylmiin asti.<\/li>\n<\/ul>\n","protected":false},"featured_media":41829,"template":"","meta":{"_acf_changed":false,"_seopress_robots_primary_cat":"none","_seopress_titles_title":"P\u00e4iv\u00e4nhatut 'Prairie Sun' - Kes\u00e4kukan kauneus","_seopress_titles_desc":"Runsaasti kukkiva p\u00e4iv\u00e4nhatut 'Prairie Sun' tuo kes\u00e4n kauneutta. Tumman- ja vaaleankeltaiset kukat, ihanteellinen leikkokukaksi. 20 siement\u00e4 pakkauksessa.  ","_seopress_robots_index":"","_gspb_post_css":""},"product_brand":[],"product_cat":[2392,2423,2434,2399],"product_tag":[],"class_list":{"0":"post-41828","1":"product","2":"type-product","3":"status-publish","4":"has-post-thumbnail","6":"product_cat-kaikki-luokat","7":"product_cat-kukkien-siemenet","8":"product_cat-rudbeckia","9":"product_cat-siemenet","11":"first","12":"instock","13":"taxable","14":"shipping-taxable","15":"purchasable","16":"product-type-simple"},"ct_brands":[],"acf":[],"_links":{"self":[{"href":"https:\/\/agrozone.ee\/fi\/wp-json\/wp\/v2\/product\/41828","targetHints":{"allow":["GET"]}}],"collection":[{"href":"https:\/\/agrozone.ee\/fi\/wp-json\/wp\/v2\/product"}],"about":[{"href":"https:\/\/agrozone.ee\/fi\/wp-json\/wp\/v2\/types\/product"}],"wp:featuredmedia":[{"embeddable":true,"href":"https:\/\/agrozone.ee\/fi\/wp-json\/wp\/v2\/media\/41829"}],"wp:attachment":[{"href":"https:\/\/agrozone.ee\/fi\/wp-json\/wp\/v2\/media?parent=41828"}],"wp:term":[{"taxonomy":"product_brand","embeddable":true,"href":"https:\/\/agrozone.ee\/fi\/wp-json\/wp\/v2\/product_brand?post=41828"},{"taxonomy":"product_cat","embeddable":true,"href":"https:\/\/agrozone.ee\/fi\/wp-json\/wp\/v2\/product_cat?post=41828"},{"taxonomy":"product_tag","embeddable":true,"href":"https:\/\/agrozone.ee\/fi\/wp-json\/wp\/v2\/product_tag?post=41828"}],"curies":[{"name":"wp","href":"https:\/\/api.w.org\/{rel}","templated":true}]}}