{"id":41830,"date":"2024-10-07T13:15:55","date_gmt":"2024-10-07T11:15:55","guid":{"rendered":"https:\/\/agrozone.ee\/toode\/punajuuri-cardeal-f1-siemennauhalla\/"},"modified":"2024-10-07T13:15:55","modified_gmt":"2024-10-07T11:15:55","slug":"punajuuri-cardeal-f1-siemennauhalla","status":"publish","type":"product","link":"https:\/\/agrozone.ee\/fi\/tuote\/punajuuri-cardeal-f1-siemennauhalla\/","title":{"rendered":"Punajuuri &#8216;Cardeal&#8217; F1 siemennauhalla"},"content":{"rendered":"<p><strong>Beta vulgaris ssp. esculenta var. rubra  <\/strong><\/p>\n<ul>\n<li class=\"plained\">Punajuuren siemenet siemennauhalla, helppo kasvattaa.<\/li>\n<li class=\"plained\">Keskivarhainen, korkean sokeripitoisuuden omaava ja eritt\u00e4in hyvin s\u00e4ilyv\u00e4 lajike.<\/li>\n<li class=\"plained\">Tasainen tummanpunainen ja py\u00f6re\u00e4 hedelm\u00e4.<\/li>\n<li class=\"plained\">Sopii tuorek\u00e4ytt\u00f6\u00f6n, s\u00e4il\u00f6nt\u00e4\u00e4n ja jalostukseen.<\/li>\n<li class=\"plained\">Erinomainen lajike baby-punajuureksi.<\/li>\n<\/ul>\n<p>Kylv\u00f6aika.<\/p>\n<ul>\n<li>Kylvet\u00e4\u00e4n avomaalle toukokuusta kes\u00e4kuuhun.<\/li>\n<li>Kylv\u00f6syvyys: 2 cm<\/li>\n<\/ul>\n","protected":false},"excerpt":{"rendered":"<ul>\n<li class=\"plained\">Punajuuren siemenet siemennauhalla, helppo kasvattaa.<\/li>\n<li class=\"plained\">Keskivarhainen, korkean sokeripitoisuuden omaava ja eritt\u00e4in hyvin s\u00e4ilyv\u00e4 lajike.<\/li>\n<li class=\"plained\">Tasainen tummanpunainen ja py\u00f6re\u00e4 hedelm\u00e4.<\/li>\n<\/ul>\n","protected":false},"featured_media":41831,"template":"","meta":{"_acf_changed":false,"_seopress_robots_primary_cat":"none","_seopress_titles_title":"Punajuuri 'Cardeal' F1: Helppo kasvattaa ja herkullinen","_seopress_titles_desc":"Punajuuri 'Cardeal' F1:n siemenet ovat keskivarhaisia ja niill\u00e4 on korkea sokeripitoisuus. Ihanteellinen tuorek\u00e4ytt\u00f6\u00f6n ja s\u00e4il\u00f6nt\u00e4\u00e4n. ","_seopress_robots_index":"","_gspb_post_css":""},"product_brand":[],"product_cat":[2392,2415,2399,2401],"product_tag":[2532],"class_list":{"0":"post-41830","1":"product","2":"type-product","3":"status-publish","4":"has-post-thumbnail","6":"product_cat-kaikki-luokat","7":"product_cat-punajuuri","8":"product_cat-siemenet","9":"product_cat-vihanneksien-siemenet","10":"product_tag-siemennauha","12":"first","13":"instock","14":"taxable","15":"shipping-taxable","16":"purchasable","17":"product-type-simple"},"ct_brands":[],"acf":[],"_links":{"self":[{"href":"https:\/\/agrozone.ee\/fi\/wp-json\/wp\/v2\/product\/41830","targetHints":{"allow":["GET"]}}],"collection":[{"href":"https:\/\/agrozone.ee\/fi\/wp-json\/wp\/v2\/product"}],"about":[{"href":"https:\/\/agrozone.ee\/fi\/wp-json\/wp\/v2\/types\/product"}],"wp:featuredmedia":[{"embeddable":true,"href":"https:\/\/agrozone.ee\/fi\/wp-json\/wp\/v2\/media\/41831"}],"wp:attachment":[{"href":"https:\/\/agrozone.ee\/fi\/wp-json\/wp\/v2\/media?parent=41830"}],"wp:term":[{"taxonomy":"product_brand","embeddable":true,"href":"https:\/\/agrozone.ee\/fi\/wp-json\/wp\/v2\/product_brand?post=41830"},{"taxonomy":"product_cat","embeddable":true,"href":"https:\/\/agrozone.ee\/fi\/wp-json\/wp\/v2\/product_cat?post=41830"},{"taxonomy":"product_tag","embeddable":true,"href":"https:\/\/agrozone.ee\/fi\/wp-json\/wp\/v2\/product_tag?post=41830"}],"curies":[{"name":"wp","href":"https:\/\/api.w.org\/{rel}","templated":true}]}}