{"id":41832,"date":"2024-09-23T11:30:54","date_gmt":"2024-09-23T08:30:54","guid":{"rendered":"https:\/\/agrozone.ee\/toode\/kasvien-kiinnitysnauha-tarranauhalla-12-mm-x-20-m-vihrea\/"},"modified":"2026-02-05T09:16:43","modified_gmt":"2026-02-05T07:16:43","slug":"kasvien-kiinnitysnauha-tarranauhalla-12-mm-x-20-m-vihrea","status":"publish","type":"product","link":"https:\/\/agrozone.ee\/fi\/tuote\/kasvien-kiinnitysnauha-tarranauhalla-12-mm-x-20-m-vihrea\/","title":{"rendered":"Kasvien kiinnitysnauha tarranauhalla 12 mm x 20 m vihre\u00e4"},"content":{"rendered":"<p>Tarranauha kasveille on k\u00e4yt\u00e4nn\u00f6llinen ja k\u00e4tev\u00e4 ratkaisu kasvien tukemiseen ja kiinnitt\u00e4miseen.<\/p>\n<p>Se on valmistettu vahvasta ja kest\u00e4v\u00e4st\u00e4 materiaalista, joka takaa kasvien varman kiinnityksen niit\u00e4 vahingoittamatta.<\/p>\n<p>Vihre\u00e4 v\u00e4ri sulautuu hyvin kasvillisuuteen, tehden nauhasta k\u00e4yt\u00e4nn\u00f6ss\u00e4 n\u00e4kym\u00e4tt\u00f6m\u00e4n ja sopii erinomaisesti k\u00e4ytett\u00e4v\u00e4ksi puutarhassa tai kasvihuoneessa.<\/p>\n<p><strong>Ominaisuudet:<\/strong><\/p>\n<ul>\n<li><strong>Leveys:<\/strong> 12 mm<\/li>\n<li><strong>Pituus:<\/strong> 20 m<\/li>\n<li><strong>V\u00e4ri:<\/strong> Vihre\u00e4<\/li>\n<\/ul>\n<p><strong>K\u00e4ytt\u00f6tarkoitukset:<\/strong><\/p>\n<ul>\n<li>Sopii erilaisten kasvien, kuten tomaattien, kurkkujen, ruusujen, viinik\u00f6ynn\u00f6sten ja muiden k\u00f6ynn\u00f6skasvien tukemiseen.<\/li>\n<li>Voidaan k\u00e4ytt\u00e4\u00e4 my\u00f6s puiden ja pensaiden oksien kiinnitt\u00e4miseen est\u00e4m\u00e4\u00e4n niiden katkeaminen tuulen tai painon vuoksi.<\/li>\n<\/ul>\n<p><strong>Edut:<\/strong><\/p>\n<ul>\n<li>Helppo asentaa ja poistaa.<\/li>\n<li>Ei vahingoita kasvien varsia tai lehti\u00e4.<\/li>\n<li>Uudelleenk\u00e4ytett\u00e4v\u00e4 ja ymp\u00e4rist\u00f6yst\u00e4v\u00e4llinen.<\/li>\n<li>Sulautuu hyvin kasvillisuuteen ja on esteettisesti miellytt\u00e4v\u00e4.<\/li>\n<\/ul>\n<p><strong>K\u00e4ytt\u00f6ohje:<\/strong><\/p>\n<ol>\n<li>Leikkaa tarvittava pituus kiinnitysnauhasta.<\/li>\n<li>Kiedo nauha kasvin varren ja tukevan tuen (esimerkiksi puisen kepin tai metallipylv\u00e4\u00e4n) ymp\u00e4rille.<\/li>\n<li>Kiinnit\u00e4 nauha tarranauhamekanismin avulla.<\/li>\n<li>Varmista, ettei nauha ole liian tiukalla kasvin ymp\u00e4rill\u00e4, jotta se ei rajoita sen kasvua.<\/li>\n<\/ol>\n<p>T\u00e4m\u00e4 kiinnitysnauha on ihanteellinen valinta jokaiselle puutarhurille, joka haluaa tarjota kasveilleen tarvittavaa tukea ja hoitoa.<\/p>\n","protected":false},"excerpt":{"rendered":"<ul>\n<li>Vihre\u00e4 tarranauha kasveille (12 mm x 20 m) on ihanteellinen ratkaisu kasvien tukemiseen ja kiinnitt\u00e4miseen.<\/li>\n<li>Vahva ja taipuisa nauha sulautuu hyvin kasvillisuuteen ja tarjoaa tukevan ja hell\u00e4varaisen tuen erilaisille kasveille, kuten tomaateille, kurkuille ja k\u00f6ynn\u00f6skasveille.<\/li>\n<li>Helppo asentaa ja poistaa, t\u00e4m\u00e4 uudelleenk\u00e4ytett\u00e4v\u00e4 nauha on k\u00e4yt\u00e4nn\u00f6llinen ja ymp\u00e4rist\u00f6yst\u00e4v\u00e4llinen valinta jokaiselle puutarhurille.<\/li>\n<\/ul>\n","protected":false},"featured_media":41833,"template":"","meta":{"_acf_changed":false,"_seopress_robots_primary_cat":"none","_seopress_titles_title":"","_seopress_titles_desc":"Vihre\u00e4 tarranauha kasveille (10 mm x 5 m) on vahva ja taipuisa ratkaisu kasvien tukemiseen ja kiinnitt\u00e4miseen.","_seopress_robots_index":"","_gspb_post_css":""},"product_brand":[],"product_cat":[2392,2368,2451,2363,2376],"product_tag":[],"class_list":{"0":"post-41832","1":"product","2":"type-product","3":"status-publish","4":"has-post-thumbnail","6":"product_cat-kaikki-luokat","7":"product_cat-kasvihuoneet-lisavarusteet","8":"product_cat-peitekankaiden-lisatarvikkeet","9":"product_cat-puutarhatarvikkeet","10":"product_cat-kasvitukia","12":"first","13":"instock","14":"sale","15":"featured","16":"taxable","17":"shipping-taxable","18":"purchasable","19":"product-type-simple"},"ct_brands":[],"acf":[],"_links":{"self":[{"href":"https:\/\/agrozone.ee\/fi\/wp-json\/wp\/v2\/product\/41832","targetHints":{"allow":["GET"]}}],"collection":[{"href":"https:\/\/agrozone.ee\/fi\/wp-json\/wp\/v2\/product"}],"about":[{"href":"https:\/\/agrozone.ee\/fi\/wp-json\/wp\/v2\/types\/product"}],"wp:featuredmedia":[{"embeddable":true,"href":"https:\/\/agrozone.ee\/fi\/wp-json\/wp\/v2\/media\/41833"}],"wp:attachment":[{"href":"https:\/\/agrozone.ee\/fi\/wp-json\/wp\/v2\/media?parent=41832"}],"wp:term":[{"taxonomy":"product_brand","embeddable":true,"href":"https:\/\/agrozone.ee\/fi\/wp-json\/wp\/v2\/product_brand?post=41832"},{"taxonomy":"product_cat","embeddable":true,"href":"https:\/\/agrozone.ee\/fi\/wp-json\/wp\/v2\/product_cat?post=41832"},{"taxonomy":"product_tag","embeddable":true,"href":"https:\/\/agrozone.ee\/fi\/wp-json\/wp\/v2\/product_tag?post=41832"}],"curies":[{"name":"wp","href":"https:\/\/api.w.org\/{rel}","templated":true}]}}