{"id":41834,"date":"2024-09-23T11:42:01","date_gmt":"2024-09-23T08:42:01","guid":{"rendered":"https:\/\/agrozone.ee\/toode\/kookoskuitupala-8l\/"},"modified":"2026-02-05T09:15:14","modified_gmt":"2026-02-05T07:15:14","slug":"kookoskuitupala-8l","status":"publish","type":"product","link":"https:\/\/agrozone.ee\/fi\/tuote\/kookoskuitupala-8l\/","title":{"rendered":"Kookoskuitupala 8l"},"content":{"rendered":"<p data-sourcepos=\"1:1-1:32\"><strong>Kookoskuitupalan k\u00e4ytt\u00f6tarkoitukset:<\/strong><\/p>\n<ul data-sourcepos=\"3:1-5:0\">\n<li data-sourcepos=\"3:1-3:118\">Kookoskuitupala sopii erinomaisesti kukkien, huonekasvien, sipulikukkien ja siementen istutukseen ja uudelleenistutukseen.<\/li>\n<li data-sourcepos=\"4:1-5:0\">Kookosp\u00e4hkin\u00e4n kuorta voidaan sekoittaa yht\u00e4 suureen osaan puutarhamultaa ja k\u00e4ytt\u00e4\u00e4 katteena kasveille ja pensaille.<\/li>\n<\/ul>\n<p data-sourcepos=\"6:1-6:15\"><strong>Vinkkej\u00e4:<\/strong><\/p>\n<ul data-sourcepos=\"8:1-10:0\">\n<li data-sourcepos=\"8:1-8:106\">Aseta kookoskuitupala astiaan, kaada siihen 2-3 litraa puhdasta vett\u00e4 ja anna turvota noin 30 minuuttia.<\/li>\n<li data-sourcepos=\"9:1-10:0\">Sekoita ennen k\u00e4ytt\u00f6\u00e4.<\/li>\n<\/ul>\n<p data-sourcepos=\"11:1-11:26\"><strong>Turvallisuus ja s\u00e4ilytys:<\/strong><\/p>\n<ul data-sourcepos=\"13:1-16:0\">\n<li data-sourcepos=\"13:1-13:71\">Noudata yleisi\u00e4 hygienias\u00e4\u00e4nt\u00f6j\u00e4 ja k\u00e4yt\u00e4 k\u00e4sineit\u00e4 kookoskuidun k\u00e4sittelyn aikana.<\/li>\n<li data-sourcepos=\"14:1-14:36\">S\u00e4ilyt\u00e4 lasten ulottumattomissa!<\/li>\n<li data-sourcepos=\"15:1-16:0\">S\u00e4ilyt\u00e4 kuivassa paikassa, suojattuna suoralta auringonvalolta, kosteudelta, mahdolliselta saastumiselta ja pakkauksen mekaanisilta vaurioilta.<\/li>\n<\/ul>\n<p data-sourcepos=\"17:1-17:43\"><strong>Kasvualusta, muut kasvualustat:<\/strong><\/p>\n<ul data-sourcepos=\"19:1-24:251\">\n<li data-sourcepos=\"19:1-19:23\">F.2.1.1.12 Kookoskuitu<\/li>\n<li data-sourcepos=\"20:1-20:64\">P\u00e4\u00e4asialliset ainesosat: 100 % mekaanisesti murskattua kookoskuitua<\/li>\n<li data-sourcepos=\"21:1-21:252\">Koostumus: happamuus pH (H\u2082O) 5,2\u20136,8, s\u00e4hk\u00f6njohtavuus (EC mS\/m) 1,2, jae (kuiva-aineesta) 0,5\u20131 mm, orgaanisen aineen pitoisuus (kuiva-aineesta) 92,3 %, irtotiheys (kuiva-aineesta) 92 g\/l, kosteuspitoisuus &gt; 15,2 %, fyysinen muoto \u2013 puristettu.<\/li>\n<li data-sourcepos=\"22:1-22:186\">Kemiallinen koostumus (kuivapainon mukaan): kokonaistyppi (N) 0,30 %, ammoniumtyppi 0,12 %, nitraattityppi 0,18 %, vesiliukoinen fosfaatti (P\u2082O\u2085) 0,30 %, vesiliukoinen kalium (K\u2082O) 0,30 %.<\/li>\n<li data-sourcepos=\"23:1-23:187\">Kemiallinen koostumus (m\u00e4rk\u00e4aineen mukaan): kokonaistyppi (N) 0,05 %, ammoniumtyppi 0,02 %, nitraattityppi 0,03 %, vesiliukoinen fosfaatti (P\u2082O\u2085) 0,05 %, vesiliukoinen kalium (K\u2082O) 0,05 %.<\/li>\n<li data-sourcepos=\"24:1-24:251\">Lis\u00e4aineet: kadmium (Cd) 0,05 mg\/kg, lyijy (Pb) &lt; 2,5 mg\/kg, elohopea (Hg) &lt;0,08 mg\/kg, kromi (Cr) &lt; 15,3 mg\/kg, sinkki (Zn) 0,5 mg\/kg, kupari (Cu) 0,2 mg\/l, arseeni (As) 1,3 mg\/kg, nikkeli (Ni) 6,3 mg\/kg, kuusiarvoinen kromi (Cr VI) &lt; 1 mg\/kg.<\/li>\n<\/ul>\n","protected":false},"excerpt":{"rendered":"<ul>\n<li data-sourcepos=\"5:1-5:4\">100 % luonnollinen ja ymp\u00e4rist\u00f6yst\u00e4v\u00e4llinen<\/li>\n<li data-sourcepos=\"6:1-6:57\">Ihanteellinen siementen id\u00e4tt\u00e4miseen ja kasvien kasvatukseen<\/li>\n<li data-sourcepos=\"7:1-7:1\">Pid\u00e4tt\u00e4\u00e4 kosteutta hyvin ja varmistaa hyv\u00e4n ilmankierron.<\/li>\n<li data-sourcepos=\"8:1-8:52\">Sopii sek\u00e4 sis\u00e4- ett\u00e4 ulkok\u00e4ytt\u00f6\u00f6n.<\/li>\n<li data-sourcepos=\"9:1-9:40\">Helppo k\u00e4ytt\u00e4\u00e4 \u2013 lis\u00e4\u00e4 vain vett\u00e4!<\/li>\n<\/ul>\n","protected":false},"featured_media":41835,"template":"","meta":{"_acf_changed":false,"_seopress_robots_primary_cat":"none","_seopress_titles_title":"Kookoskuitupala 8l: Luonnollinen ja ymp\u00e4rist\u00f6yst\u00e4v\u00e4llinen","_seopress_titles_desc":"Kookoskuitupalikka 8l on ihanteellinen kasvien kasvatukseen. Se sitoo kosteutta ja takaa hyv\u00e4n ilmankierron. Sopii sis\u00e4- ja ulkok\u00e4ytt\u00f6\u00f6n.  ","_seopress_robots_index":"","_gspb_post_css":""},"product_brand":[],"product_cat":[2392,2372,2363],"product_tag":[],"class_list":{"0":"post-41834","1":"product","2":"type-product","3":"status-publish","4":"has-post-thumbnail","6":"product_cat-kaikki-luokat","7":"product_cat-maaperanparannusaineet","8":"product_cat-puutarhatarvikkeet","10":"first","11":"instock","12":"sale","13":"featured","14":"taxable","15":"shipping-taxable","16":"purchasable","17":"product-type-simple"},"ct_brands":[],"acf":[],"_links":{"self":[{"href":"https:\/\/agrozone.ee\/fi\/wp-json\/wp\/v2\/product\/41834","targetHints":{"allow":["GET"]}}],"collection":[{"href":"https:\/\/agrozone.ee\/fi\/wp-json\/wp\/v2\/product"}],"about":[{"href":"https:\/\/agrozone.ee\/fi\/wp-json\/wp\/v2\/types\/product"}],"wp:featuredmedia":[{"embeddable":true,"href":"https:\/\/agrozone.ee\/fi\/wp-json\/wp\/v2\/media\/41835"}],"wp:attachment":[{"href":"https:\/\/agrozone.ee\/fi\/wp-json\/wp\/v2\/media?parent=41834"}],"wp:term":[{"taxonomy":"product_brand","embeddable":true,"href":"https:\/\/agrozone.ee\/fi\/wp-json\/wp\/v2\/product_brand?post=41834"},{"taxonomy":"product_cat","embeddable":true,"href":"https:\/\/agrozone.ee\/fi\/wp-json\/wp\/v2\/product_cat?post=41834"},{"taxonomy":"product_tag","embeddable":true,"href":"https:\/\/agrozone.ee\/fi\/wp-json\/wp\/v2\/product_tag?post=41834"}],"curies":[{"name":"wp","href":"https:\/\/api.w.org\/{rel}","templated":true}]}}