{"id":41836,"date":"2024-06-09T16:00:04","date_gmt":"2024-06-09T13:00:04","guid":{"rendered":"https:\/\/agrozone.ee\/toode\/espanjansiruetanan-torjunta-aine-stopp-5-l\/"},"modified":"2025-04-08T14:47:29","modified_gmt":"2025-04-08T12:47:29","slug":"espanjansiruetanan-torjunta-aine-stopp-5-l","status":"publish","type":"product","link":"https:\/\/agrozone.ee\/fi\/tuote\/espanjansiruetanan-torjunta-aine-stopp-5-l\/","title":{"rendered":"Espanjansiruetanan torjunta-aine Stopp 5 l"},"content":{"rendered":"<p><strong>Espanjansiruetanan torjunta-aine Stopp<\/strong><\/p>\n<ul>\n<li>Nopeavaikutteinen ja k\u00e4ytt\u00f6valmis torjunta-aine espanjansiruetanojen poistamiseen.<\/li>\n<li>Lusitania eli espanjansiruetanan torjunta-aine ei ole vaarallinen luonnolle \u2013 se ei vahingoita kasveja ja el\u00e4imi\u00e4 (my\u00f6sk\u00e4\u00e4n kotiel\u00e4imi\u00e4).<\/li>\n<li>Torjunta-aineessa &#8220;Stopp espanjansiruetana&#8221; olevat tehoaineet eiv\u00e4t ylit\u00e4 EU:n sallittuja vaarallisten aineiden raja-arvoja.<\/li>\n<\/ul>\n<p><strong>Turvallisuus:<\/strong><br \/>\nEtanoiden poistoaine ei ole vaarallinen muulle luonnolle eik\u00e4 vahingoita kotimaista kasvistoa<br \/>\nel\u00e4imist\u00f6\u00e4 (mukaan lukien kotiel\u00e4imet), koska siin\u00e4 olevat tehoaineet eiv\u00e4t ylit\u00e4 EU:n sallittuja<br \/>\nvaarallisten aineiden raja-arvoja. Aine ei ole syttyv\u00e4\u00e4, sy\u00f6vytt\u00e4v\u00e4\u00e4 eik\u00e4 muulla tavoin vaarallista. Haluttaessa voi k\u00e4ytt\u00e4\u00e4 kumi-<br \/>\ntai muita suojak\u00e4sineit\u00e4.<\/p>\n<p><a href=\"https:\/\/agrozone.ee\/wp-content\/uploads\/2024\/07\/stopp_hispaania_teetigu_ohutuskaart.pdf\" target=\"_blank\" rel=\"noopener\">TURVALLISUUSKORTTI<\/a><\/p>\n<p>&nbsp;<\/p>\n<h3>K\u00e4ytt\u00f6ohjeet<\/h3>\n<ul>\n<li>K\u00c4YTT\u00d6\n<ul>\n<li>Suihkuta 3\u201310 cm et\u00e4isyydelt\u00e4 suoraan etanoihin 1\u20132 painallusta per espanjansiruetana.<\/li>\n<li>Varmista, ettei tuuli kuljeta ruiskutetta pois.<\/li>\n<li>Ruiskutuksen j\u00e4lkeen etanan limakerros muuttuu valkoiseksi ja se kuolee muutamassa sekunnissa, ja hajoamisprosessi alkaa v\u00e4litt\u00f6m\u00e4sti.<\/li>\n<li>Etanasta tulee ajan my\u00f6t\u00e4 pieni musta m\u00f6ykky, jonka voi halutessaan h\u00e4vitt\u00e4\u00e4 tai j\u00e4tt\u00e4\u00e4 luontoon lopullisesti hajoamaan.<\/li>\n<li>Ruiskutettaessa on suositeltavaa k\u00e4ytt\u00e4\u00e4 suojak\u00e4sineit\u00e4.<\/li>\n<\/ul>\n<\/li>\n<li>S\u00c4ILYTYS\n<ul>\n<li>Torjunta-ainetta s\u00e4ilytet\u00e4\u00e4n korkilla suljetussa astiassa huoneenl\u00e4mm\u00f6ss\u00e4, auringonvalolta suojattuna ja lasten ulottumattomissa.<\/li>\n<li>Torjunta-aine toimii my\u00f6s vuoden kuluttua pakkauksen avaamisesta.<\/li>\n<\/ul>\n<\/li>\n<\/ul>\n","protected":false},"excerpt":{"rendered":"<ul>\n<li>Nopeavaikutteinen ja k\u00e4ytt\u00f6valmis torjunta-aine espanjansiruetanojen poistamiseen.<\/li>\n<li>Lusitania eli espanjansiruetanan torjunta-aine ei ole vaarallinen luonnolle \u2013 se ei vahingoita kasveja ja el\u00e4imi\u00e4 (my\u00f6sk\u00e4\u00e4n kotiel\u00e4imi\u00e4).<\/li>\n<li>Torjunta-aineessa &#8220;Stopp espanjansiruetana&#8221; olevat tehoaineet eiv\u00e4t ylit\u00e4 EU:n sallittuja vaarallisten aineiden raja-arvoja.<\/li>\n<\/ul>\n","protected":false},"featured_media":41837,"template":"","meta":{"_acf_changed":false,"_seopress_robots_primary_cat":"none","_seopress_titles_title":"","_seopress_titles_desc":"","_seopress_robots_index":"","_gspb_post_css":""},"product_brand":[],"product_cat":[2922,2392,2356,2360],"product_tag":[],"class_list":{"0":"post-41836","1":"product","2":"type-product","3":"status-publish","4":"has-post-thumbnail","6":"product_cat-tigude-torjunta","7":"product_cat-kaikki-luokat","8":"product_cat-puutarhan-ja-kasvien-suojelu","9":"product_cat-kasvintuholaisten-torjunta","11":"first","12":"instock","13":"taxable","14":"shipping-taxable","15":"purchasable","16":"product-type-simple"},"ct_brands":[],"acf":[],"_links":{"self":[{"href":"https:\/\/agrozone.ee\/fi\/wp-json\/wp\/v2\/product\/41836","targetHints":{"allow":["GET"]}}],"collection":[{"href":"https:\/\/agrozone.ee\/fi\/wp-json\/wp\/v2\/product"}],"about":[{"href":"https:\/\/agrozone.ee\/fi\/wp-json\/wp\/v2\/types\/product"}],"wp:featuredmedia":[{"embeddable":true,"href":"https:\/\/agrozone.ee\/fi\/wp-json\/wp\/v2\/media\/41837"}],"wp:attachment":[{"href":"https:\/\/agrozone.ee\/fi\/wp-json\/wp\/v2\/media?parent=41836"}],"wp:term":[{"taxonomy":"product_brand","embeddable":true,"href":"https:\/\/agrozone.ee\/fi\/wp-json\/wp\/v2\/product_brand?post=41836"},{"taxonomy":"product_cat","embeddable":true,"href":"https:\/\/agrozone.ee\/fi\/wp-json\/wp\/v2\/product_cat?post=41836"},{"taxonomy":"product_tag","embeddable":true,"href":"https:\/\/agrozone.ee\/fi\/wp-json\/wp\/v2\/product_tag?post=41836"}],"curies":[{"name":"wp","href":"https:\/\/api.w.org\/{rel}","templated":true}]}}