{"id":41844,"date":"2024-09-02T17:45:37","date_gmt":"2024-09-02T15:45:37","guid":{"rendered":"https:\/\/agrozone.ee\/toode\/retiisi-cherry-belle\/"},"modified":"2026-03-09T13:10:01","modified_gmt":"2026-03-09T11:10:01","slug":"retiisi-cherry-belle","status":"publish","type":"product","link":"https:\/\/agrozone.ee\/fi\/tuote\/retiisi-cherry-belle\/","title":{"rendered":"Retiisi Cherry Belle"},"content":{"rendered":"<ul>\n<li>T\u00e4m\u00e4 on varhainen lajike, joka kypsyy 20\u201327 p\u00e4iv\u00e4ss\u00e4.<\/li>\n<li>Juurekset ovat punaisia, mehukkaita ja maukkaita.<\/li>\n<li>Voidaan kasvattaa kasvihuoneissa varhaisen sadon saamiseksi ja kylv\u00e4\u00e4 ulkona kes\u00e4- ja syyssatoa varten.<\/li>\n<li>Kasvaa hyvin hedelm\u00e4llisess\u00e4 maaper\u00e4ss\u00e4, tarvitsee kastelua.<\/li>\n<\/ul>\n","protected":false},"excerpt":{"rendered":"<ul>\n<li>T\u00e4m\u00e4 on varhainen lajike, joka kypsyy 20\u201327 p\u00e4iv\u00e4ss\u00e4.<\/li>\n<li>Juurekset ovat punaisia, mehukkaita ja maukkaita.<\/li>\n<li>Voidaan kasvattaa kasvihuoneissa varhaisen sadon saamiseksi ja kylv\u00e4\u00e4 ulkona kes\u00e4- ja syyssatoa varten.<\/li>\n<li>Kasvaa hyvin hedelm\u00e4llisess\u00e4 maaper\u00e4ss\u00e4, tarvitsee kastelua.<\/li>\n<\/ul>\n","protected":false},"featured_media":41845,"template":"","meta":{"_acf_changed":false,"_seopress_robots_primary_cat":"","_seopress_titles_title":"","_seopress_titles_desc":"","_seopress_robots_index":"","_gspb_post_css":""},"product_brand":[],"product_cat":[2392,2418,2399,2401],"product_tag":[],"class_list":{"0":"post-41844","1":"product","2":"type-product","3":"status-publish","4":"has-post-thumbnail","6":"product_cat-kaikki-luokat","7":"product_cat-retiisi","8":"product_cat-siemenet","9":"product_cat-vihanneksien-siemenet","11":"first","12":"instock","13":"featured","14":"taxable","15":"shipping-taxable","16":"purchasable","17":"product-type-simple"},"ct_brands":[],"acf":[],"_links":{"self":[{"href":"https:\/\/agrozone.ee\/fi\/wp-json\/wp\/v2\/product\/41844","targetHints":{"allow":["GET"]}}],"collection":[{"href":"https:\/\/agrozone.ee\/fi\/wp-json\/wp\/v2\/product"}],"about":[{"href":"https:\/\/agrozone.ee\/fi\/wp-json\/wp\/v2\/types\/product"}],"wp:featuredmedia":[{"embeddable":true,"href":"https:\/\/agrozone.ee\/fi\/wp-json\/wp\/v2\/media\/41845"}],"wp:attachment":[{"href":"https:\/\/agrozone.ee\/fi\/wp-json\/wp\/v2\/media?parent=41844"}],"wp:term":[{"taxonomy":"product_brand","embeddable":true,"href":"https:\/\/agrozone.ee\/fi\/wp-json\/wp\/v2\/product_brand?post=41844"},{"taxonomy":"product_cat","embeddable":true,"href":"https:\/\/agrozone.ee\/fi\/wp-json\/wp\/v2\/product_cat?post=41844"},{"taxonomy":"product_tag","embeddable":true,"href":"https:\/\/agrozone.ee\/fi\/wp-json\/wp\/v2\/product_tag?post=41844"}],"curies":[{"name":"wp","href":"https:\/\/api.w.org\/{rel}","templated":true}]}}