{"id":41854,"date":"2024-09-03T07:53:01","date_gmt":"2024-09-03T04:53:01","guid":{"rendered":"https:\/\/agrozone.ee\/toode\/syyslannoite\/"},"modified":"2025-10-24T08:01:53","modified_gmt":"2025-10-24T06:01:53","slug":"syyslannoite","status":"publish","type":"product","link":"https:\/\/agrozone.ee\/fi\/tuote\/syyslannoite\/","title":{"rendered":"Syyslannoite"},"content":{"rendered":"<p><strong><span style=\"font-size: 16px;\">Syyslannoite &#8211; PK <strong style=\"font-size: 16px;\">P<sub>2<\/sub>O<sub>5<\/sub>-K<sub>2<\/sub>O (CaO+MgO+SO<sub>3<\/sub>) 8-18<\/strong> (2,5+4+28) mikroelementeill\u00e4<\/span><\/strong><\/p>\n<p data-sourcepos=\"3:1-3:29\">Syksylannoite on erityinen lannoite, joka on suunniteltu auttamaan puutarhaasi valmistautumaan talveen ja varmistamaan kaunis ja voimakas her\u00e4\u00e4minen kev\u00e4\u00e4ll\u00e4.<\/p>\n<p data-sourcepos=\"3:1-3:29\">T\u00e4m\u00e4 ainutlaatuinen koostumus on rikastettu juuri niill\u00e4 ravinteilla, joita kasvit tarvitsevat kylmien kuukausien edell\u00e4 \u2013 fosforilla ja kaliumilla.<\/p>\n<p data-sourcepos=\"5:1-5:18\"><strong>Mit\u00e4 se tekee?<\/strong><\/p>\n<ul data-sourcepos=\"7:1-7:27\">\n<li data-sourcepos=\"7:1-7:27\"><strong>Vahvistaa juuristoa:<\/strong> Fosfori keskittyy juurten kehitykseen auttaen niit\u00e4 tunkeutumaan syvemm\u00e4lle ja ottamaan ravinteita paremmin. Vahva juuristo on kasvien vastustuskyvyn perusta. <\/li>\n<li data-sourcepos=\"8:1-8:151\"><strong>Lis\u00e4\u00e4 pakkaskest\u00e4vyytt\u00e4:<\/strong> Kalium auttaa kasveja s\u00e4\u00e4telem\u00e4\u00e4n vedenk\u00e4ytt\u00f6\u00e4\u00e4n ja lis\u00e4\u00e4 niiden vastustuskyky\u00e4 kylm\u00e4\u00e4, tauteja ja stressi\u00e4 vastaan.<\/li>\n<li data-sourcepos=\"9:1-9:95\"><strong>Luo pohjan seuraavan vuoden kukkaloistolle:<\/strong> Syyslannoitus antaa kasveille tarvittavan energian kukkasilmujen muodostamiseen jo syksyll\u00e4. N\u00e4in kev\u00e4\u00e4ll\u00e4 on odotettavissa runsas kukinta ja hyv\u00e4 sato. <\/li>\n<\/ul>\n<p data-sourcepos=\"11:1-11:28\"><strong>Kuka t\u00e4st\u00e4 hy\u00f6tyy?<\/strong><\/p>\n<p data-sourcepos=\"13:1-13:75\">Syksylannoite sopii erinomaisesti kaikille monivuotisille kasveille:<\/p>\n<ul data-sourcepos=\"15:1-20:0\">\n<li data-sourcepos=\"15:1-15:20\">Koristepuut ja -pensaat<\/li>\n<li data-sourcepos=\"16:1-16:22\">Hedelm\u00e4puut ja -pensaat<\/li>\n<li data-sourcepos=\"17:1-17:13\">Marjapensaat<\/li>\n<li data-sourcepos=\"18:1-18:7\">Aitapensasait<\/li>\n<li data-sourcepos=\"19:1-20:0\">Nurmikko<\/li>\n<\/ul>\n<p data-sourcepos=\"21:1-21:20\"><strong>Miten k\u00e4ytt\u00e4\u00e4?<\/strong><\/p>\n<p data-sourcepos=\"23:1-23:36\">Lannoitetta tulee k\u00e4ytt\u00e4\u00e4 aktiivisen kasvukauden p\u00e4\u00e4tytty\u00e4, yleens\u00e4 elokuun lopusta lokakuun alkuun. Tarkemmat ohjeet l\u00f6yd\u00e4t tuotteen pakkauksesta. <\/p>\n<p data-sourcepos=\"25:1-25:184\"><strong>Huom!<\/strong> Syksyn puutarhalannoite ei sis\u00e4ll\u00e4 typpe\u00e4, joka edist\u00e4isi uusien versojen kasvua. T\u00e4m\u00e4 on t\u00e4rke\u00e4\u00e4, jotta kasvit eiv\u00e4t ala kasvaa uudelleen ennen talvea, mik\u00e4 heikent\u00e4isi niiden kylm\u00e4nkest\u00e4vyytt\u00e4. <\/p>\n<p data-sourcepos=\"27:1-27:66\"><strong>Valmistele puutarhasi talveksi ja nauti sen kauneudesta kev\u00e4\u00e4ll\u00e4!<\/strong><\/p>\n<h3>K\u00e4ytt\u00f6ohjeet<\/h3>\n<p><strong>Syyslannoitetta k\u00e4ytet\u00e4\u00e4n hein\u00e4kuusta lokakuuhun. <\/strong><\/p>\n<p>1 kukkurainen ruokalusikallinen vastaa noin 20 grammaa.<\/p>\n<ul>\n<li>Mansikka, vadelma, mustikka sadonkorjuun j\u00e4lkeen 4 kg\/100 m\u00b2.<\/li>\n<li>Monivuotiset puutarha- ja sipulikukat, perennat 30-50 g\/m\u00b2.<\/li>\n<li>Koristepuut, -pensaat ja aitapensasait 50-70 g\/m\u00b2.<\/li>\n<li>Havupuut: tuijat, kuuset, pihdat, m\u00e4nnyt, katajat ja kivikkokasvit 40 g\/m\u00b2 (40-100 g\/havupuuta kohti).<\/li>\n<li>Monivuotiset puutarhakukat 30-50 g\/m\u00b2.<\/li>\n<li>Ruusut, k\u00f6ynn\u00f6skasvit 50-60 g\/m\u00b2.<\/li>\n<li>Alppiruusut 50-60 g\/m\u00b2.<\/li>\n<li>Herukat, karviaiset 40-50 g\/m\u00b2 (80-125 g\/pensasta kohti).<\/li>\n<li>Hedelm\u00e4puut: luumu-, kirsikka-, omena-, p\u00e4\u00e4ryn\u00e4puut ym. 80 g\/m\u00b2.<\/li>\n<\/ul>\n<p>Nurmikkoa lannoitettaessa rakeet kylvet\u00e4\u00e4n tasaisesti kuivalle nurmikolle.<\/p>\n<p>Kastelu nopeuttaa lannoitteen vaikutusta.<\/p>\n<ul>\n<li style=\"list-style-type: none;\">\n<ul>\n<li>Nurmikkoa lannoitettaessa elo-lokakuussa 2-5 kg\/100 m\u00b2.<\/li>\n<li>Nurmikon perustamislannoitus 6-10 kg\/100 m\u00b2.<\/li>\n<\/ul>\n<\/li>\n<\/ul>\n<p>Lannoittaessa huomioi maaper\u00e4n tyyppi ja kasvien lannoitustarve.<\/p>\n<p><strong>\u00c4l\u00e4 ylit\u00e4 suositeltuja k\u00e4ytt\u00f6m\u00e4\u00e4r\u00e4yksi\u00e4.<\/strong><\/p>\n","protected":false},"excerpt":{"rendered":"<ul>\n<li data-sourcepos=\"7:1-7:27\"><strong>Vahvistaa juuristoa:<\/strong>\n<ul>\n<li>Fosfori keskittyy juurien kehitykseen auttaen niit\u00e4 tunkeutumaan syvemm\u00e4lle ja imem\u00e4\u00e4n ravinteita paremmin.<\/li>\n<li>Vahva juuristo on kasvien vastustuskyvyn perusta.<\/li>\n<\/ul>\n<\/li>\n<li data-sourcepos=\"8:1-8:151\"><strong>Lis\u00e4\u00e4 pakkaskest\u00e4vyytt\u00e4:<\/strong>\n<ul>\n<li data-sourcepos=\"8:1-8:151\">Kalium auttaa kasveja s\u00e4\u00e4telem\u00e4\u00e4n vedenk\u00e4ytt\u00f6\u00e4\u00e4n ja lis\u00e4\u00e4 niiden vastustuskyky\u00e4 kylm\u00e4\u00e4, tauteja ja stressi\u00e4 vastaan.<\/li>\n<\/ul>\n<\/li>\n<li data-sourcepos=\"9:1-9:95\"><strong>Luo pohjan seuraavan vuoden kukinnalle:<\/strong>\n<ul>\n<li data-sourcepos=\"9:1-9:95\">Syksyn lannoitus antaa kasveille tarvittavan energian kukannuppujen muodostamiseen jo syksyll\u00e4.<\/li>\n<li data-sourcepos=\"9:1-9:95\">N\u00e4in kev\u00e4\u00e4ll\u00e4 voi odottaa runsasta kukintaa ja hyv\u00e4\u00e4 satoa.<\/li>\n<\/ul>\n<\/li>\n<\/ul>\n","protected":false},"featured_media":41855,"template":"","meta":{"_acf_changed":false,"_seopress_robots_primary_cat":"none","_seopress_titles_title":"%%post_title%%","_seopress_titles_desc":"%%post_excerpt%%%","_seopress_robots_index":"","_gspb_post_css":""},"product_brand":[],"product_cat":[2392,2438,2463,2460,2466],"product_tag":[],"class_list":{"0":"post-41854","1":"product","2":"type-product","3":"status-publish","4":"has-post-thumbnail","6":"product_cat-kaikki-luokat","7":"product_cat-lannoitteet","8":"product_cat-nurmikkolannoitteet","9":"product_cat-puutarhalannoitteet","10":"product_cat-syksy","12":"first","13":"instock","14":"sale","15":"taxable","16":"shipping-taxable","17":"purchasable","18":"product-type-variable"},"ct_brands":[],"acf":[],"_links":{"self":[{"href":"https:\/\/agrozone.ee\/fi\/wp-json\/wp\/v2\/product\/41854","targetHints":{"allow":["GET"]}}],"collection":[{"href":"https:\/\/agrozone.ee\/fi\/wp-json\/wp\/v2\/product"}],"about":[{"href":"https:\/\/agrozone.ee\/fi\/wp-json\/wp\/v2\/types\/product"}],"wp:featuredmedia":[{"embeddable":true,"href":"https:\/\/agrozone.ee\/fi\/wp-json\/wp\/v2\/media\/41855"}],"wp:attachment":[{"href":"https:\/\/agrozone.ee\/fi\/wp-json\/wp\/v2\/media?parent=41854"}],"wp:term":[{"taxonomy":"product_brand","embeddable":true,"href":"https:\/\/agrozone.ee\/fi\/wp-json\/wp\/v2\/product_brand?post=41854"},{"taxonomy":"product_cat","embeddable":true,"href":"https:\/\/agrozone.ee\/fi\/wp-json\/wp\/v2\/product_cat?post=41854"},{"taxonomy":"product_tag","embeddable":true,"href":"https:\/\/agrozone.ee\/fi\/wp-json\/wp\/v2\/product_tag?post=41854"}],"curies":[{"name":"wp","href":"https:\/\/api.w.org\/{rel}","templated":true}]}}