{"id":41868,"date":"2024-06-09T16:02:59","date_gmt":"2024-06-09T13:02:59","guid":{"rendered":"https:\/\/agrozone.ee\/toode\/kuiva-wcn-hajunpoistaja-3-kg\/"},"modified":"2024-06-09T16:02:59","modified_gmt":"2024-06-09T14:02:59","slug":"kuiva-wcn-hajunpoistaja-3-kg","status":"publish","type":"product","link":"https:\/\/agrozone.ee\/fi\/tuote\/kuiva-wcn-hajunpoistaja-3-kg\/","title":{"rendered":"Kuiva WC:n hajunpoistaja 3 kg"},"content":{"rendered":"<p>Kuiva WC:n hajunpoistaja nopeuttaa huomattavasti kuivak\u00e4ym\u00e4l\u00e4j\u00e4tteen kompostoitumista ja hajoamista sek\u00e4 poistaa ep\u00e4miellytt\u00e4v\u00e4n hajun helposti ja nopeasti.<\/p>\n<p>&nbsp;<\/p>\n<h3>K\u00e4ytt\u00f6ohjeet<\/h3>\n<p>Sis\u00e4lt\u00e4\u00e4 hajottaville mikrobeille tarvittavia ravinteita, hajuja sitovia ja ehk\u00e4isevi\u00e4 mineraaleja ja hivenaineita. Nopeuttaa huomattavasti kuivak\u00e4ym\u00e4l\u00e4j\u00e4tteen kompostoitumista ja hajoamista, sill\u00e4 se s\u00e4ilytt\u00e4\u00e4 prosessien tarvitseman kosteuden ja nostaa k\u00e4ymisl\u00e4mp\u00f6tilaa. <\/p>\n","protected":false},"excerpt":{"rendered":"<p>Kuiva WC:n hajunpoistaja nopeuttaa huomattavasti kuivak\u00e4ym\u00e4l\u00e4j\u00e4tteen kompostoitumista ja hajoamista sek\u00e4 poistaa ep\u00e4miellytt\u00e4v\u00e4n hajun helposti ja nopeasti.<\/p>\n","protected":false},"featured_media":53948,"template":"","meta":{"_acf_changed":false,"_seopress_robots_primary_cat":"","_seopress_titles_title":"","_seopress_titles_desc":"","_seopress_robots_index":"","_gspb_post_css":""},"product_brand":[],"product_cat":[2392,2369,2363],"product_tag":[],"class_list":{"0":"post-41868","1":"product","2":"type-product","3":"status-publish","4":"has-post-thumbnail","6":"product_cat-kaikki-luokat","7":"product_cat-komposti","8":"product_cat-puutarhatarvikkeet","10":"first","11":"instock","12":"taxable","13":"shipping-taxable","14":"purchasable","15":"product-type-simple"},"ct_brands":[],"acf":[],"_links":{"self":[{"href":"https:\/\/agrozone.ee\/fi\/wp-json\/wp\/v2\/product\/41868","targetHints":{"allow":["GET"]}}],"collection":[{"href":"https:\/\/agrozone.ee\/fi\/wp-json\/wp\/v2\/product"}],"about":[{"href":"https:\/\/agrozone.ee\/fi\/wp-json\/wp\/v2\/types\/product"}],"wp:featuredmedia":[{"embeddable":true,"href":"https:\/\/agrozone.ee\/fi\/wp-json\/wp\/v2\/media\/53948"}],"wp:attachment":[{"href":"https:\/\/agrozone.ee\/fi\/wp-json\/wp\/v2\/media?parent=41868"}],"wp:term":[{"taxonomy":"product_brand","embeddable":true,"href":"https:\/\/agrozone.ee\/fi\/wp-json\/wp\/v2\/product_brand?post=41868"},{"taxonomy":"product_cat","embeddable":true,"href":"https:\/\/agrozone.ee\/fi\/wp-json\/wp\/v2\/product_cat?post=41868"},{"taxonomy":"product_tag","embeddable":true,"href":"https:\/\/agrozone.ee\/fi\/wp-json\/wp\/v2\/product_tag?post=41868"}],"curies":[{"name":"wp","href":"https:\/\/api.w.org\/{rel}","templated":true}]}}