{"id":41870,"date":"2024-07-17T08:32:32","date_gmt":"2024-07-17T06:32:32","guid":{"rendered":"https:\/\/agrozone.ee\/toode\/kasvinsidonta-tarranauha-10-mm-x-5-m-vihrea\/"},"modified":"2024-07-17T08:32:32","modified_gmt":"2024-07-17T06:32:32","slug":"kasvinsidonta-tarranauha-10-mm-x-5-m-vihrea","status":"publish","type":"product","link":"https:\/\/agrozone.ee\/fi\/tuote\/kasvinsidonta-tarranauha-10-mm-x-5-m-vihrea\/","title":{"rendered":"Kasvinsidonta, tarranauha 10 mm x 5 m vihre\u00e4"},"content":{"rendered":"<p>Tarranauha kasveille on k\u00e4yt\u00e4nn\u00f6llinen ja k\u00e4tev\u00e4 ratkaisu kasvien tukemiseen ja kiinnitt\u00e4miseen. Se on valmistettu vahvasta ja kest\u00e4v\u00e4st\u00e4 materiaalista, joka varmistaa kasvien tukevan kiinnityksen vahingoittamatta niit\u00e4. Vihre\u00e4 v\u00e4ri sulautuu hyvin kasvillisuuteen tehden nauhan l\u00e4hes n\u00e4kym\u00e4tt\u00f6m\u00e4ksi ja sopii erinomaisesti k\u00e4ytett\u00e4v\u00e4ksi puutarhassa tai kasvihuoneessa.<\/p>\n<p><strong>Ominaisuudet:<\/strong><\/p>\n<ul>\n<li><strong>Leveys:<\/strong> 10 mm<\/li>\n<li><strong>Pituus:<\/strong> 5 m<\/li>\n<li><strong>V\u00e4ri:<\/strong> Vihre\u00e4<\/li>\n<\/ul>\n<p><strong>K\u00e4ytt\u00f6tarkoitukset:<\/strong><\/p>\n<ul>\n<li>Sopii erilaisten kasvien, kuten tomaattien, kurkkujen, ruusujen, viinik\u00f6ynn\u00f6sten ja muiden k\u00f6ynn\u00f6skasvien tukemiseen.<\/li>\n<li>Voidaan k\u00e4ytt\u00e4\u00e4 my\u00f6s puiden ja pensaiden oksien kiinnitt\u00e4miseen est\u00e4m\u00e4\u00e4n niiden katkeaminen tuulen tai painon vuoksi.<\/li>\n<\/ul>\n<p><strong>Edut:<\/strong><\/p>\n<ul>\n<li>Helppo asentaa ja poistaa.<\/li>\n<li>Ei vahingoita kasvien varsia tai lehti\u00e4.<\/li>\n<li>Uudelleenk\u00e4ytett\u00e4v\u00e4 ja ymp\u00e4rist\u00f6yst\u00e4v\u00e4llinen.<\/li>\n<li>Sulautuu hyvin kasvillisuuteen ja on esteettisesti miellytt\u00e4v\u00e4.<\/li>\n<\/ul>\n<p><strong>K\u00e4ytt\u00f6ohje:<\/strong><\/p>\n<ol>\n<li>Leikkaa tarvittava pituus kiinnitysnauhasta.<\/li>\n<li>Kiedo nauha kasvin varren ja tukevan tuen (esimerkiksi puisen kepin tai metallipylv\u00e4\u00e4n) ymp\u00e4rille.<\/li>\n<li>Kiinnit\u00e4 nauha tarranauhamekanismin avulla.<\/li>\n<li>Varmista, ettei nauha ole liian tiukalla kasvin ymp\u00e4rill\u00e4, jotta se ei rajoita sen kasvua.<\/li>\n<\/ol>\n<p>T\u00e4m\u00e4 kiinnitysnauha on ihanteellinen valinta jokaiselle puutarhurille, joka haluaa tarjota kasveilleen tarvittavaa tukea ja hoitoa.<\/p>\n","protected":false},"excerpt":{"rendered":"<ul>\n<li>Vihre\u00e4 tarranauha kasveille (10 mm x 5 m) on ihanteellinen ratkaisu kasvien tukemiseen ja kiinnitt\u00e4miseen.<\/li>\n<li>Vahva ja taipuisa nauha sulautuu hyvin kasvillisuuteen ja tarjoaa tukevan ja hell\u00e4varaisen tuen erilaisille kasveille, kuten tomaateille, kurkuille ja k\u00f6ynn\u00f6skasveille.<\/li>\n<li>Helppo asentaa ja poistaa, t\u00e4m\u00e4 uudelleenk\u00e4ytett\u00e4v\u00e4 nauha on k\u00e4yt\u00e4nn\u00f6llinen ja ymp\u00e4rist\u00f6yst\u00e4v\u00e4llinen valinta jokaiselle puutarhurille.<\/li>\n<\/ul>\n","protected":false},"featured_media":41872,"template":"","meta":{"_acf_changed":false,"_seopress_robots_primary_cat":"none","_seopress_titles_title":"","_seopress_titles_desc":"Vihre\u00e4 tarranauha kasveille (10 mm x 5 m) on vahva ja taipuisa ratkaisu kasvien tukemiseen ja kiinnitt\u00e4miseen.","_seopress_robots_index":"","_gspb_post_css":""},"product_brand":[],"product_cat":[2392,2368,2451,2363,2376],"product_tag":[],"class_list":{"0":"post-41870","1":"product","2":"type-product","3":"status-publish","4":"has-post-thumbnail","6":"product_cat-kaikki-luokat","7":"product_cat-kasvihuoneet-lisavarusteet","8":"product_cat-peitekankaiden-lisatarvikkeet","9":"product_cat-puutarhatarvikkeet","10":"product_cat-kasvitukia","12":"first","13":"instock","14":"featured","15":"taxable","16":"shipping-taxable","17":"purchasable","18":"product-type-simple"},"ct_brands":[],"acf":[],"_links":{"self":[{"href":"https:\/\/agrozone.ee\/fi\/wp-json\/wp\/v2\/product\/41870","targetHints":{"allow":["GET"]}}],"collection":[{"href":"https:\/\/agrozone.ee\/fi\/wp-json\/wp\/v2\/product"}],"about":[{"href":"https:\/\/agrozone.ee\/fi\/wp-json\/wp\/v2\/types\/product"}],"wp:featuredmedia":[{"embeddable":true,"href":"https:\/\/agrozone.ee\/fi\/wp-json\/wp\/v2\/media\/41872"}],"wp:attachment":[{"href":"https:\/\/agrozone.ee\/fi\/wp-json\/wp\/v2\/media?parent=41870"}],"wp:term":[{"taxonomy":"product_brand","embeddable":true,"href":"https:\/\/agrozone.ee\/fi\/wp-json\/wp\/v2\/product_brand?post=41870"},{"taxonomy":"product_cat","embeddable":true,"href":"https:\/\/agrozone.ee\/fi\/wp-json\/wp\/v2\/product_cat?post=41870"},{"taxonomy":"product_tag","embeddable":true,"href":"https:\/\/agrozone.ee\/fi\/wp-json\/wp\/v2\/product_tag?post=41870"}],"curies":[{"name":"wp","href":"https:\/\/api.w.org\/{rel}","templated":true}]}}