{"id":41886,"date":"2024-06-09T16:11:34","date_gmt":"2024-06-09T14:11:34","guid":{"rendered":"https:\/\/agrozone.ee\/toode\/kompostin-kiihdytin-mikro-organismeilla-500-ml\/"},"modified":"2024-06-09T16:11:34","modified_gmt":"2024-06-09T14:11:34","slug":"kompostin-kiihdytin-mikro-organismeilla-500-ml","status":"publish","type":"product","link":"https:\/\/agrozone.ee\/fi\/tuote\/kompostin-kiihdytin-mikro-organismeilla-500-ml\/","title":{"rendered":"Kompostin kiihdytin mikro-organismeilla 500 ml"},"content":{"rendered":"<p><strong>Kompostin kiihdytin mikro-organismeilla 500 ml<\/strong><\/p>\n<ul>\n<li>Orgaanisten ravinteiden ja el\u00e4vien mikro-organismien ansiosta aktiivinen ja nopea kovettuminen on taattu tuotetta k\u00e4ytett\u00e4ess\u00e4.<\/li>\n<li>Tuloksena on ravinteikas komposti, joka lis\u00e4\u00e4 maaper\u00e4n hedelm\u00e4llisyytt\u00e4.<\/li>\n<\/ul>\n<h4>K\u00e4ytt\u00f6ohjeet<\/h4>\n<ul>\n<li>Ravista pulloa hyvin ennen k\u00e4ytt\u00f6\u00e4.<\/li>\n<li>Sekoita 100 ml (5 mittalusikallista) kompostikiihdytint\u00e4 10 litraan vett\u00e4 ja kaada noin 200-300 litran kompostin p\u00e4\u00e4lle.<\/li>\n<li>K\u00e4yt\u00e4 tarpeen mukaan.<\/li>\n<li>Kompostikiihdyttimen k\u00e4ytt\u00f6 on erityisen tarpeellista kuivalle kompostimateriaalille tai kuivalla, kuumalla s\u00e4\u00e4ll\u00e4.<\/li>\n<li>Pid\u00e4 komposti aina kosteana.<\/li>\n<\/ul>\n<h4>S\u00e4ilytys<\/h4>\n<ul>\n<li>S\u00e4ilyt\u00e4 lasten ja lemmikkiel\u00e4inten ulottumattomissa.<\/li>\n<li>S\u00e4ilytysl\u00e4mp\u00f6tila +2 \u00b0C \u2013 +40 \u00b0C.<\/li>\n<\/ul>\n","protected":false},"excerpt":{"rendered":"<ul>\n<li>Orgaanisten ravinteiden ja el\u00e4vien mikro-organismien ansiosta aktiivinen ja nopea kovettuminen on taattu tuotetta k\u00e4ytett\u00e4ess\u00e4.<\/li>\n<li>Tuloksena on ravinteikas komposti, joka lis\u00e4\u00e4 maaper\u00e4n hedelm\u00e4llisyytt\u00e4.<\/li>\n<\/ul>\n","protected":false},"featured_media":41891,"template":"","meta":{"_acf_changed":false,"_seopress_robots_primary_cat":"","_seopress_titles_title":"","_seopress_titles_desc":"Kompostin kiihdytin mikro-organismeilla 500 ml - Tuloksena on ravinteikas komposti, jonka k\u00e4ytt\u00f6 parantaa maaper\u00e4n hedelm\u00e4llisyytt\u00e4.","_seopress_robots_index":"","_gspb_post_css":""},"product_brand":[],"product_cat":[2392,2369,2363],"product_tag":[],"class_list":{"0":"post-41886","1":"product","2":"type-product","3":"status-publish","4":"has-post-thumbnail","6":"product_cat-kaikki-luokat","7":"product_cat-komposti","8":"product_cat-puutarhatarvikkeet","10":"first","11":"instock","12":"featured","13":"taxable","14":"shipping-taxable","15":"purchasable","16":"product-type-simple"},"ct_brands":[],"acf":[],"_links":{"self":[{"href":"https:\/\/agrozone.ee\/fi\/wp-json\/wp\/v2\/product\/41886","targetHints":{"allow":["GET"]}}],"collection":[{"href":"https:\/\/agrozone.ee\/fi\/wp-json\/wp\/v2\/product"}],"about":[{"href":"https:\/\/agrozone.ee\/fi\/wp-json\/wp\/v2\/types\/product"}],"wp:featuredmedia":[{"embeddable":true,"href":"https:\/\/agrozone.ee\/fi\/wp-json\/wp\/v2\/media\/41891"}],"wp:attachment":[{"href":"https:\/\/agrozone.ee\/fi\/wp-json\/wp\/v2\/media?parent=41886"}],"wp:term":[{"taxonomy":"product_brand","embeddable":true,"href":"https:\/\/agrozone.ee\/fi\/wp-json\/wp\/v2\/product_brand?post=41886"},{"taxonomy":"product_cat","embeddable":true,"href":"https:\/\/agrozone.ee\/fi\/wp-json\/wp\/v2\/product_cat?post=41886"},{"taxonomy":"product_tag","embeddable":true,"href":"https:\/\/agrozone.ee\/fi\/wp-json\/wp\/v2\/product_tag?post=41886"}],"curies":[{"name":"wp","href":"https:\/\/api.w.org\/{rel}","templated":true}]}}