{"id":41890,"date":"2024-08-19T12:57:45","date_gmt":"2024-08-19T10:57:45","guid":{"rendered":"https:\/\/agrozone.ee\/toode\/eco-hedelmakarpasten-pyydys-houkutusnesteella\/"},"modified":"2025-05-12T15:55:51","modified_gmt":"2025-05-12T13:55:51","slug":"eco-hedelmakarpasten-pyydys-houkutusnesteella","status":"publish","type":"product","link":"https:\/\/agrozone.ee\/fi\/tuote\/eco-hedelmakarpasten-pyydys-houkutusnesteella\/","title":{"rendered":"ECO Hedelm\u00e4k\u00e4rp\u00e4sten pyydys houkutusnesteell\u00e4"},"content":{"rendered":"<p>Hedelm\u00e4k\u00e4rp\u00e4nen (Drosophila melanogaster) Hedelm\u00e4k\u00e4rp\u00e4sten ansa v\u00e4hent\u00e4\u00e4 tehokkaasti niiden aktiivisuutta ja populaatiota.<\/p>\n<ul>\n<li>VACO-ansan koostumuksessa on vain luonnollisia houkutusaineita.<\/li>\n<li>Se on t\u00e4ysin turvallinen ihmisille ja lemmikeille.<\/li>\n<li>Sit\u00e4 voi k\u00e4ytt\u00e4\u00e4 turvallisesti ruoan l\u00e4hell\u00e4.<\/li>\n<li>Ansan v\u00e4rik\u00e4s pakkaus sopii t\u00e4ydellisesti kaikkiin keitti\u00f6ihin.<\/li>\n<li>Ansaa voidaan k\u00e4ytt\u00e4\u00e4 ennaltaehk\u00e4isev\u00e4sti, jotta voidaan est\u00e4\u00e4 tuholaisten runsas lis\u00e4\u00e4ntyminen.<\/li>\n<\/ul>\n<p>MIT\u00c4 HEDELM\u00c4K\u00c4RP\u00c4NEN SY\u00d6?<\/p>\n<ul>\n<li>Se sy\u00f6 p\u00e4\u00e4asiassa m\u00e4t\u00e4nevi\u00e4, k\u00e4yvi\u00e4 hedelmi\u00e4.<\/li>\n<li>Se el\u00e4\u00e4 my\u00f6s mehuissa, hilloissa, marmeladeissa, etikassa ja vihannesj\u00e4tteiss\u00e4.<\/li>\n<li>Naaras munii el\u00e4m\u00e4ns\u00e4 aikana noin 400 munaa (10\u201320 kerrallaan).<\/li>\n<li>Kuoriutuneet toukat sy\u00f6v\u00e4t nestem\u00e4isi\u00e4 ja kiinteit\u00e4 tuotteita.<\/li>\n<li>Toukat koteloituvat ruokailualueen ulkopuolella.<\/li>\n<li>Optimaalisessa 20\u201325 \u00b0C:n l\u00e4mp\u00f6tilassa kehityssykli kest\u00e4\u00e4 l\u00e4hes 2 viikkoa.<\/li>\n<li>Aikuisen yksil\u00f6n elinik\u00e4 on 2\u20133 viikkoa.<\/li>\n<\/ul>\n<p>Ansa tulisi sijoittaa paikkaan, jossa hedelm\u00e4k\u00e4rp\u00e4si\u00e4 esiintyy eniten; l\u00e4helle hedelmi\u00e4, vihanneksia, mehuja, pesualtaita, roskakoreja jne. Ansan v\u00e4rik\u00e4s pakkaus sopii erinomaisesti kaikkiin keitti\u00f6ihin. Ansaa voidaan k\u00e4ytt\u00e4\u00e4 ennaltaehk\u00e4isev\u00e4sti, jotta voidaan est\u00e4\u00e4 tuholaisten runsas lis\u00e4\u00e4ntyminen.<\/p>\n","protected":false},"excerpt":{"rendered":"<ul>\n<li>VACO-ansan koostumuksessa on vain luonnollisia houkutusaineita.<\/li>\n<li>Se on t\u00e4ysin turvallinen ihmisille ja lemmikeille.<\/li>\n<li>Sit\u00e4 voi k\u00e4ytt\u00e4\u00e4 turvallisesti ruoan l\u00e4hell\u00e4.<\/li>\n<li>Ansan v\u00e4rik\u00e4s pakkaus sopii t\u00e4ydellisesti kaikkiin keitti\u00f6ihin.<\/li>\n<li>Ansaa voidaan k\u00e4ytt\u00e4\u00e4 ennaltaehk\u00e4isev\u00e4sti, jotta voidaan est\u00e4\u00e4 tuholaisten runsas lis\u00e4\u00e4ntyminen.<\/li>\n<\/ul>\n","protected":false},"featured_media":41893,"template":"","meta":{"_acf_changed":false,"_seopress_robots_primary_cat":"none","_seopress_titles_title":"","_seopress_titles_desc":"","_seopress_robots_index":"","_gspb_post_css":""},"product_brand":[],"product_cat":[2358,2392,2356],"product_tag":[],"class_list":{"0":"post-41890","1":"product","2":"type-product","3":"status-publish","4":"has-post-thumbnail","6":"product_cat-hyonteisten-ja-hyttysten-torjunta","7":"product_cat-kaikki-luokat","8":"product_cat-puutarhan-ja-kasvien-suojelu","10":"first","11":"instock","12":"taxable","13":"shipping-taxable","14":"purchasable","15":"product-type-simple"},"ct_brands":[],"acf":[],"_links":{"self":[{"href":"https:\/\/agrozone.ee\/fi\/wp-json\/wp\/v2\/product\/41890","targetHints":{"allow":["GET"]}}],"collection":[{"href":"https:\/\/agrozone.ee\/fi\/wp-json\/wp\/v2\/product"}],"about":[{"href":"https:\/\/agrozone.ee\/fi\/wp-json\/wp\/v2\/types\/product"}],"wp:featuredmedia":[{"embeddable":true,"href":"https:\/\/agrozone.ee\/fi\/wp-json\/wp\/v2\/media\/41893"}],"wp:attachment":[{"href":"https:\/\/agrozone.ee\/fi\/wp-json\/wp\/v2\/media?parent=41890"}],"wp:term":[{"taxonomy":"product_brand","embeddable":true,"href":"https:\/\/agrozone.ee\/fi\/wp-json\/wp\/v2\/product_brand?post=41890"},{"taxonomy":"product_cat","embeddable":true,"href":"https:\/\/agrozone.ee\/fi\/wp-json\/wp\/v2\/product_cat?post=41890"},{"taxonomy":"product_tag","embeddable":true,"href":"https:\/\/agrozone.ee\/fi\/wp-json\/wp\/v2\/product_tag?post=41890"}],"curies":[{"name":"wp","href":"https:\/\/api.w.org\/{rel}","templated":true}]}}