{"id":41892,"date":"2024-06-09T16:02:59","date_gmt":"2024-06-09T13:02:59","guid":{"rendered":"https:\/\/agrozone.ee\/toode\/kompostoinnin-kiihdytin-1-l\/"},"modified":"2024-06-09T16:02:59","modified_gmt":"2024-06-09T14:02:59","slug":"kompostoinnin-kiihdytin-1-l","status":"publish","type":"product","link":"https:\/\/agrozone.ee\/fi\/tuote\/kompostoinnin-kiihdytin-1-l\/","title":{"rendered":"Kompostoinnin kiihdytin 1 l"},"content":{"rendered":"<ul>\n<li>Kompostoinnin kiihdytin sopii kompostin valmistukseen puutarha- ja keitti\u00f6j\u00e4tteist\u00e4.<\/li>\n<li>Kompostoinnin kiihdytin aktivoi mikro-organismien toimintaa h\u00e4iritsem\u00e4tt\u00e4 prosessissa mukana olevien hy\u00f6dyllisten maaper\u00e4eli\u00f6iden ja lierojen toimintaa sek\u00e4 s\u00e4ilytt\u00e4\u00e4 tarvittavan kosteuden ja k\u00e4ymisl\u00e4mp\u00f6tilan.<\/li>\n<\/ul>\n<h4>K\u00e4ytt\u00f6ohjeet<\/h4>\n<ul>\n<li>250\u2013500 ml kompostoinnin kiihdytint\u00e4 sekoitetaan 10 litraan vett\u00e4, mik\u00e4 riitt\u00e4\u00e4 1 m\u00b3:n uuden tai vanhan kompostikasan k\u00e4sittelyyn.<\/li>\n<li>Suuremman annoksen voi k\u00e4ytt\u00e4\u00e4 selluloosapitoisen materiaalin, kuten puiden lehtien, ruohonleikkuuj\u00e4tteen, perunan kuorien ja muiden vihannesj\u00e4tteiden, kompostoinnissa.<\/li>\n<\/ul>\n<p><strong>S\u00e4ilytys:<\/strong> Kompostoinnin kiihdytint\u00e4 s\u00e4ilytet\u00e4\u00e4n 5\u201330 \u00b0C:n l\u00e4mp\u00f6tilassa.<\/p>\n","protected":false},"excerpt":{"rendered":"<ul>\n<li>Kompostoinnin kiihdytin sopii kompostin valmistukseen puutarha- ja keitti\u00f6j\u00e4tteist\u00e4.<\/li>\n<li>Kompostoinnin kiihdytin aktivoi mikro-organismien toimintaa h\u00e4iritsem\u00e4tt\u00e4 prosessissa mukana olevien hy\u00f6dyllisten maaper\u00e4eli\u00f6iden ja lierojen toimintaa sek\u00e4 s\u00e4ilytt\u00e4\u00e4 tarvittavan kosteuden ja k\u00e4ymisl\u00e4mp\u00f6tilan.<\/li>\n<\/ul>\n","protected":false},"featured_media":56810,"template":"","meta":{"_acf_changed":false,"_seopress_robots_primary_cat":"","_seopress_titles_title":"","_seopress_titles_desc":"Kompostoinnin kiihdytin aktivoi mikro-organismien toimintaa h\u00e4iritsem\u00e4tt\u00e4 prosessissa mukana olevien hy\u00f6dyllisten maaper\u00e4eli\u00f6iden ja lierojen toimintaa.","_seopress_robots_index":"","_gspb_post_css":""},"product_brand":[],"product_cat":[2392,2369,2363],"product_tag":[],"class_list":{"0":"post-41892","1":"product","2":"type-product","3":"status-publish","4":"has-post-thumbnail","6":"product_cat-kaikki-luokat","7":"product_cat-komposti","8":"product_cat-puutarhatarvikkeet","10":"first","11":"instock","12":"taxable","13":"shipping-taxable","14":"purchasable","15":"product-type-simple"},"ct_brands":[],"acf":[],"_links":{"self":[{"href":"https:\/\/agrozone.ee\/fi\/wp-json\/wp\/v2\/product\/41892","targetHints":{"allow":["GET"]}}],"collection":[{"href":"https:\/\/agrozone.ee\/fi\/wp-json\/wp\/v2\/product"}],"about":[{"href":"https:\/\/agrozone.ee\/fi\/wp-json\/wp\/v2\/types\/product"}],"wp:featuredmedia":[{"embeddable":true,"href":"https:\/\/agrozone.ee\/fi\/wp-json\/wp\/v2\/media\/56810"}],"wp:attachment":[{"href":"https:\/\/agrozone.ee\/fi\/wp-json\/wp\/v2\/media?parent=41892"}],"wp:term":[{"taxonomy":"product_brand","embeddable":true,"href":"https:\/\/agrozone.ee\/fi\/wp-json\/wp\/v2\/product_brand?post=41892"},{"taxonomy":"product_cat","embeddable":true,"href":"https:\/\/agrozone.ee\/fi\/wp-json\/wp\/v2\/product_cat?post=41892"},{"taxonomy":"product_tag","embeddable":true,"href":"https:\/\/agrozone.ee\/fi\/wp-json\/wp\/v2\/product_tag?post=41892"}],"curies":[{"name":"wp","href":"https:\/\/api.w.org\/{rel}","templated":true}]}}