{"id":41897,"date":"2024-08-19T13:01:40","date_gmt":"2024-08-19T11:01:40","guid":{"rendered":"https:\/\/agrozone.ee\/toode\/eco-insert-neste-hedelmakarpasten-pyydykseen-3-kpl\/"},"modified":"2024-12-30T09:37:26","modified_gmt":"2024-12-30T07:37:26","slug":"eco-insert-neste-hedelmakarpasten-pyydykseen-3-kpl","status":"publish","type":"product","link":"https:\/\/agrozone.ee\/fi\/tuote\/eco-insert-neste-hedelmakarpasten-pyydykseen-3-kpl\/","title":{"rendered":"ECO Insert &#8211; neste hedelm\u00e4k\u00e4rp\u00e4sten pyydykseen &#8211; 3 kpl."},"content":{"rendered":"<ul>\n<li>ECO-insert on neste, jonka avulla voit jatkaa hedelm\u00e4k\u00e4rp\u00e4sten pyydyksen k\u00e4ytt\u00f6\u00e4 ostamatta uutta pakkausta.<\/li>\n<li>Nesteen houkutteleva aromi houkuttelee hy\u00f6nteiset tehokkaasti ansaan.<\/li>\n<li>Luonnollisiin ainesosiin perustuva neste suojaa hedelm\u00e4k\u00e4rp\u00e4sten parveilta ja lis\u00e4\u00e4ntymiselt\u00e4 asuintiloissa, julkisissa tiloissa ja myym\u00e4l\u00f6iss\u00e4, ravintoloissa ja konditorioissa.<\/li>\n<li>Ansaa voi k\u00e4ytt\u00e4\u00e4 ruoan l\u00e4hell\u00e4.<\/li>\n<\/ul>\n<p>Pakkauksessa on 3 pussia houkuttelevaa nestett\u00e4. <b style=\"font-weight: bold; font-family: -apple-system, BlinkMacSystemFont,;\">Hedelm\u00e4k\u00e4rp\u00e4neneli<\/b><span style=\"font-family: -apple-system,BlinkMacSystemFont,;\"> eli <\/span><b style=\"font-weight: bold; font-family: -apple-system, BlinkMacSystemFont,;\">hedelm\u00e4k\u00e4rp\u00e4nen<\/b> <span style=\"font-family: -apple-system,BlinkMacSystemFont,;\">(<\/span><i style=\"font-style: italic; font-family: -apple-system, BlinkMacSystemFont,;\">Drosophila melanogaster<\/i><span style=\"font-family: -apple-system,BlinkMacSystemFont,;\">)<\/span><\/p>\n","protected":false},"excerpt":{"rendered":"<ul>\n<li>ECO-insert on neste, jonka avulla voit jatkaa hedelm\u00e4k\u00e4rp\u00e4sten pyydyksen k\u00e4ytt\u00f6\u00e4 ostamatta uutta pakkausta.<\/li>\n<li>Nesteen houkutteleva aromi houkuttelee hy\u00f6nteiset tehokkaasti ansaan.<\/li>\n<li>Luonnollisiin ainesosiin perustuva neste suojaa hedelm\u00e4k\u00e4rp\u00e4sten parveilta ja lis\u00e4\u00e4ntymiselt\u00e4 asuintiloissa, julkisissa tiloissa ja myym\u00e4l\u00f6iss\u00e4, ravintoloissa ja konditorioissa.<\/li>\n<li>Ansaa voi k\u00e4ytt\u00e4\u00e4 ruoan l\u00e4hell\u00e4.<\/li>\n<\/ul>\n","protected":false},"featured_media":41898,"template":"","meta":{"_acf_changed":false,"_seopress_robots_primary_cat":"none","_seopress_titles_title":"","_seopress_titles_desc":"","_seopress_robots_index":"","_gspb_post_css":""},"product_brand":[],"product_cat":[2358,2392,2356],"product_tag":[],"class_list":{"0":"post-41897","1":"product","2":"type-product","3":"status-publish","4":"has-post-thumbnail","6":"product_cat-hyonteisten-ja-hyttysten-torjunta","7":"product_cat-kaikki-luokat","8":"product_cat-puutarhan-ja-kasvien-suojelu","10":"first","11":"instock","12":"taxable","13":"shipping-taxable","14":"purchasable","15":"product-type-simple"},"ct_brands":[],"acf":[],"_links":{"self":[{"href":"https:\/\/agrozone.ee\/fi\/wp-json\/wp\/v2\/product\/41897","targetHints":{"allow":["GET"]}}],"collection":[{"href":"https:\/\/agrozone.ee\/fi\/wp-json\/wp\/v2\/product"}],"about":[{"href":"https:\/\/agrozone.ee\/fi\/wp-json\/wp\/v2\/types\/product"}],"wp:featuredmedia":[{"embeddable":true,"href":"https:\/\/agrozone.ee\/fi\/wp-json\/wp\/v2\/media\/41898"}],"wp:attachment":[{"href":"https:\/\/agrozone.ee\/fi\/wp-json\/wp\/v2\/media?parent=41897"}],"wp:term":[{"taxonomy":"product_brand","embeddable":true,"href":"https:\/\/agrozone.ee\/fi\/wp-json\/wp\/v2\/product_brand?post=41897"},{"taxonomy":"product_cat","embeddable":true,"href":"https:\/\/agrozone.ee\/fi\/wp-json\/wp\/v2\/product_cat?post=41897"},{"taxonomy":"product_tag","embeddable":true,"href":"https:\/\/agrozone.ee\/fi\/wp-json\/wp\/v2\/product_tag?post=41897"}],"curies":[{"name":"wp","href":"https:\/\/api.w.org\/{rel}","templated":true}]}}