{"id":41923,"date":"2024-06-09T16:08:48","date_gmt":"2024-06-09T14:08:48","guid":{"rendered":"https:\/\/agrozone.ee\/toode\/jaasula-kalsiumkloridi-4-kg\/"},"modified":"2024-06-09T16:08:48","modified_gmt":"2024-06-09T14:08:48","slug":"jaasula-kalsiumkloridi-4-kg","status":"publish","type":"product","link":"https:\/\/agrozone.ee\/fi\/tuote\/jaasula-kalsiumkloridi-4-kg\/","title":{"rendered":"J\u00e4\u00e4sula (kalsiumkloridi) 4 kg"},"content":{"rendered":"<p><strong>J\u00e4\u00e4sula Mayeri (kalsiumkloridi)<\/strong><\/p>\n<ul>\n<li>Tehokas ja ymp\u00e4rist\u00f6yst\u00e4v\u00e4llinen aine j\u00e4\u00e4n ja lumen sulatukseen.<\/li>\n<li>Synnytt\u00e4\u00e4 j\u00e4\u00e4n ja lumen kanssa kosketuksiin joutuessaan voimakasta l\u00e4mp\u00f6\u00e4, joka sulattaa j\u00e4\u00e4n ja lumen hetkess\u00e4.<\/li>\n<li>Est\u00e4\u00e4 pintojen uudelleen j\u00e4\u00e4tymisen.<\/li>\n<li>Voidaan k\u00e4ytt\u00e4\u00e4 my\u00f6s j\u00e4\u00e4n muodostumisen est\u00e4miseen.<\/li>\n<li>Ei vahingoita betonia, kivilaatoitusta tai asfalttia.<\/li>\n<li>Toimii jopa -30 \u00b0C:n l\u00e4mp\u00f6tilassa.<\/li>\n<li>Sulattaa j\u00e4\u00e4n ja lumen portailta, jalkak\u00e4yt\u00e4vilt\u00e4 ja ajov\u00e4ylilt\u00e4, lastausrampeilta, r\u00e4nneist\u00e4 ja muilta pinnoilta.<\/li>\n<\/ul>\n<h3>K\u00e4ytt\u00f6ohjeet<\/h3>\n<ul>\n<li>Ripottele tuotetta j\u00e4\u00e4n ja lumen peitt\u00e4m\u00e4lle pinnalle.<\/li>\n<li>Tuotetta voidaan sekoittaa hiekkaan.<\/li>\n<\/ul>\n","protected":false},"excerpt":{"rendered":"<ul>\n<li>Tehokas ja ymp\u00e4rist\u00f6yst\u00e4v\u00e4llinen aine j\u00e4\u00e4n ja lumen sulatukseen.<\/li>\n<li>Synnytt\u00e4\u00e4 j\u00e4\u00e4n ja lumen kanssa kosketuksiin joutuessaan voimakasta l\u00e4mp\u00f6\u00e4, joka sulattaa j\u00e4\u00e4n ja lumen hetkess\u00e4.<\/li>\n<li>Est\u00e4\u00e4 pintojen uudelleen j\u00e4\u00e4tymisen.<\/li>\n<li>Voidaan k\u00e4ytt\u00e4\u00e4 my\u00f6s j\u00e4\u00e4n muodostumisen est\u00e4miseen.<\/li>\n<li>Ei vahingoita betonia, kivilaatoitusta tai asfalttia.<\/li>\n<li>Toimii jopa -30 \u00b0C:n l\u00e4mp\u00f6tilassa.<\/li>\n<\/ul>\n","protected":false},"featured_media":4921,"template":"","meta":{"_acf_changed":false,"_seopress_robots_primary_cat":"","_seopress_titles_title":"","_seopress_titles_desc":"J\u00e4\u00e4sula Mayeri (kalsiumkloridi) Tehokas ja ymp\u00e4rist\u00f6yst\u00e4v\u00e4llinen j\u00e4\u00e4nsulatus- ja lumenpoistoaine. Toimii jopa -30 \u00b0C:n l\u00e4mp\u00f6tilassa.","_seopress_robots_index":"","_gspb_post_css":""},"product_brand":[],"product_cat":[2392,2371,2363],"product_tag":[],"class_list":{"0":"post-41923","1":"product","2":"type-product","3":"status-publish","4":"has-post-thumbnail","6":"product_cat-kaikki-luokat","7":"product_cat-liukkauden-torjunta","8":"product_cat-puutarhatarvikkeet","10":"first","11":"instock","12":"taxable","13":"shipping-taxable","14":"purchasable","15":"product-type-simple"},"ct_brands":[],"acf":[],"_links":{"self":[{"href":"https:\/\/agrozone.ee\/fi\/wp-json\/wp\/v2\/product\/41923","targetHints":{"allow":["GET"]}}],"collection":[{"href":"https:\/\/agrozone.ee\/fi\/wp-json\/wp\/v2\/product"}],"about":[{"href":"https:\/\/agrozone.ee\/fi\/wp-json\/wp\/v2\/types\/product"}],"wp:featuredmedia":[{"embeddable":true,"href":"https:\/\/agrozone.ee\/fi\/wp-json\/wp\/v2\/media\/4921"}],"wp:attachment":[{"href":"https:\/\/agrozone.ee\/fi\/wp-json\/wp\/v2\/media?parent=41923"}],"wp:term":[{"taxonomy":"product_brand","embeddable":true,"href":"https:\/\/agrozone.ee\/fi\/wp-json\/wp\/v2\/product_brand?post=41923"},{"taxonomy":"product_cat","embeddable":true,"href":"https:\/\/agrozone.ee\/fi\/wp-json\/wp\/v2\/product_cat?post=41923"},{"taxonomy":"product_tag","embeddable":true,"href":"https:\/\/agrozone.ee\/fi\/wp-json\/wp\/v2\/product_tag?post=41923"}],"curies":[{"name":"wp","href":"https:\/\/api.w.org\/{rel}","templated":true}]}}