{"id":41927,"date":"2024-06-09T15:56:03","date_gmt":"2024-06-09T13:56:03","guid":{"rendered":"https:\/\/agrozone.ee\/toode\/liukkaudentorjuntaan-graniittihiekkaa-5-kg\/"},"modified":"2024-06-09T15:56:03","modified_gmt":"2024-06-09T13:56:03","slug":"liukkaudentorjuntaan-graniittihiekkaa-5-kg","status":"publish","type":"product","link":"https:\/\/agrozone.ee\/fi\/tuote\/liukkaudentorjuntaan-graniittihiekkaa-5-kg\/","title":{"rendered":"Liukkaudentorjuntaan graniittihiekkaa 5 kg"},"content":{"rendered":"<p>Liukkaudentorjuntaan graniittihiekkaa, raekoko 3\u20136 mm.<\/p>\n<p>&nbsp;<\/p>\n<h3>K\u00e4ytt\u00f6ohjeet<\/h3>\n<p>Helppok\u00e4ytt\u00f6inen ja ymp\u00e4rist\u00f6yst\u00e4v\u00e4llinen.<\/p>\n","protected":false},"excerpt":{"rendered":"<p>Liukkaudentorjuntaan graniittihiekkaa, raekoko 3\u20136 mm.<\/p>\n","protected":false},"featured_media":41928,"template":"","meta":{"_acf_changed":false,"_seopress_robots_primary_cat":"","_seopress_titles_title":"","_seopress_titles_desc":"","_seopress_robots_index":"","_gspb_post_css":""},"product_brand":[],"product_cat":[2392,2371,2363],"product_tag":[],"class_list":{"0":"post-41927","1":"product","2":"type-product","3":"status-publish","4":"has-post-thumbnail","6":"product_cat-kaikki-luokat","7":"product_cat-liukkauden-torjunta","8":"product_cat-puutarhatarvikkeet","10":"first","11":"instock","12":"taxable","13":"shipping-taxable","14":"purchasable","15":"product-type-simple"},"ct_brands":[],"acf":[],"_links":{"self":[{"href":"https:\/\/agrozone.ee\/fi\/wp-json\/wp\/v2\/product\/41927","targetHints":{"allow":["GET"]}}],"collection":[{"href":"https:\/\/agrozone.ee\/fi\/wp-json\/wp\/v2\/product"}],"about":[{"href":"https:\/\/agrozone.ee\/fi\/wp-json\/wp\/v2\/types\/product"}],"wp:featuredmedia":[{"embeddable":true,"href":"https:\/\/agrozone.ee\/fi\/wp-json\/wp\/v2\/media\/41928"}],"wp:attachment":[{"href":"https:\/\/agrozone.ee\/fi\/wp-json\/wp\/v2\/media?parent=41927"}],"wp:term":[{"taxonomy":"product_brand","embeddable":true,"href":"https:\/\/agrozone.ee\/fi\/wp-json\/wp\/v2\/product_brand?post=41927"},{"taxonomy":"product_cat","embeddable":true,"href":"https:\/\/agrozone.ee\/fi\/wp-json\/wp\/v2\/product_cat?post=41927"},{"taxonomy":"product_tag","embeddable":true,"href":"https:\/\/agrozone.ee\/fi\/wp-json\/wp\/v2\/product_tag?post=41927"}],"curies":[{"name":"wp","href":"https:\/\/api.w.org\/{rel}","templated":true}]}}