{"id":41931,"date":"2024-06-09T16:16:10","date_gmt":"2024-06-09T14:16:10","guid":{"rendered":"https:\/\/agrozone.ee\/toode\/rikkakasvien-torjuntaan-taifun-b-1-l\/"},"modified":"2024-06-09T16:16:10","modified_gmt":"2024-06-09T14:16:10","slug":"rikkakasvien-torjuntaan-taifun-b-1-l","status":"publish","type":"product","link":"https:\/\/agrozone.ee\/fi\/tuote\/rikkakasvien-torjuntaan-taifun-b-1-l\/","title":{"rendered":"Rikkakasvien torjuntaan Taifun B 1 l"},"content":{"rendered":"<p>Rikkakasvien torjuntaan Taifun B 1 l<\/p>\n<ul>\n<li>\n<p data-sourcepos=\"5:1-5:15\"><strong>Tehokas ratkaisu rikkakasviongelmiin!<\/strong><\/p>\n<p data-sourcepos=\"7:1-7:70\">Oletko kyll\u00e4stynyt taistelemaan sitkeiden rikkakasvien kanssa puutarhassasi, pellollasi tai muualla? Taifun B on tehokas ja laajakirjoinen rikkakasvien torjunta-aine, joka auttaa sinua saavuttamaan puhtaan ja rikkakasvittoman ymp\u00e4rist\u00f6n. <\/p>\n<p data-sourcepos=\"9:1-9:18\"><strong>Tuotteen edut:<\/strong><\/p>\n<ul data-sourcepos=\"11:1-11:39\">\n<li data-sourcepos=\"11:1-11:39\"><strong>Yleistorjunta:<\/strong> Taifun B torjuu tehokkaasti sek\u00e4 yksi- ett\u00e4 monivuotisia rikkakasveja, mukaan lukien juolavehn\u00e4n ja muita vaikeasti torjuttavia lajeja.<\/li>\n<li data-sourcepos=\"12:1-12:159\"><strong>Laaja k\u00e4ytt\u00f6alue:<\/strong> Sopii k\u00e4ytett\u00e4v\u00e4ksi useissa eri paikoissa, kuten nurmikoilla, hedelm\u00e4tarhoissa, marjapensaikoissa, taimitarhoilla, pelloilla ja muilla kuin maatalousalueilla.<\/li>\n<li data-sourcepos=\"13:1-13:85\"><strong>Nurmikon uudistaminen:<\/strong> K\u00e4yt\u00e4 Taifun B:t\u00e4 ennen uuden nurmikon perustamista h\u00e4vitt\u00e4m\u00e4\u00e4n kaikki olemassa olevat rikkaruohot ja varmistaaksesi uudelle nurmikolle puhtaan kasvuymp\u00e4rist\u00f6n.<\/li>\n<li data-sourcepos=\"14:1-14:86\"><strong>Puiden kantojen hoito:<\/strong> Est\u00e4 ei-toivottujen versojen kasvu kaadettujen puiden kannoissa.<\/li>\n<li data-sourcepos=\"15:1-16:0\"><strong>Suuri pakkaus:<\/strong> 1 litran pakkaus mahdollistaa suurempien alueiden k\u00e4sittelyn.<\/li>\n<\/ul>\n<p data-sourcepos=\"17:1-17:15\"><strong>K\u00e4ytt\u00f6:<\/strong><\/p>\n<p data-sourcepos=\"19:1-19:140\">Laimenna Taifun B pakkauksessa olevien ohjeiden mukaisesti ja ruiskuta rikkakasveille. Tutustu ennen k\u00e4ytt\u00f6\u00e4 tuotteen k\u00e4ytt\u00f6turvallisuustiedotteeseen ja noudata kaikkia turvallisuusohjeita. <\/p>\n<p data-sourcepos=\"21:1-21:137\"><strong>Huomio:<\/strong> Taifun B on ammattik\u00e4ytt\u00f6\u00f6n tarkoitettu kasvinsuojeluaine. Lue ennen k\u00e4ytt\u00f6\u00e4 huolellisesti k\u00e4ytt\u00f6ohjeet ja noudata kaikkia turvallisuusohjeita. <\/p>\n<p data-sourcepos=\"23:1-23:60\"><strong>Tilaa Taifun B jo t\u00e4n\u00e4\u00e4n ja voita taistelu rikkakasveja vastaan!<\/strong><\/p>\n<\/li>\n<\/ul>\n<p><a href=\"https:\/\/agrozone.ee\/wp-content\/uploads\/2024\/10\/pta_taifun_b_vaikepakend_infoleht_ecf77a95.pdf\" target=\"_blank\" rel=\"noopener\">TIETOLEHTI<\/a><\/p>\n<p><a href=\"https:\/\/agrozone.ee\/wp-content\/uploads\/2024\/10\/ohutuskaart_taifun_b_ee_0ecacae9.pdf\">TURVALLISUUSKORTTI<\/a><\/p>\n<h3>K\u00e4ytt\u00f6ohjeet<\/h3>\n<ul>\n<li>100 ml liuotetaan 5\u20137,5 litraan vett\u00e4, riitt\u00e4\u00e4 250 m\u00b2:lle.<\/li>\n<li>Tutustu ennen k\u00e4ytt\u00f6\u00e4 k\u00e4ytt\u00f6ohjeeseen ja k\u00e4ytt\u00f6turvallisuustiedotteeseen.<\/li>\n<li>K\u00e4yt\u00e4 ty\u00f6t\u00e4 tehdess\u00e4si henkil\u00f6nsuojaimia.<\/li>\n<\/ul>\n","protected":false},"excerpt":{"rendered":"<ul>\n<li>Yleistorjunta-aine juolavehn\u00e4n ja muiden vaikeasti torjuttavien rikkakasvien torjuntaan.<\/li>\n<li>K\u00e4ytet\u00e4\u00e4n nurmikon uudistamiseen, hedelm\u00e4- ja marjapuutarhojen sek\u00e4 taimitarhojen riviv\u00e4lien hoitoon, kaadettujen puiden kantojen uusien versojen kasvun est\u00e4miseen.<\/li>\n<li>Rikkakasvien torjuntaan nurmikoilla, kesannoilla, viljan s\u00e4nkipelloilla, siemen- ja luumarjapuiden sek\u00e4 marjapensaiden riviv\u00e4leiss\u00e4, muilla kuin maatalousalueilla, mets\u00e4taimitarhoilla, taimitarhoilla, viljelykasveilla sek\u00e4 ohdakkeen varsien h\u00e4vitt\u00e4miseen ristikosta ja sinimailaksesta, perunan ja sokerijuurikkaan oraiden esikasvatuksessa sek\u00e4 herneen ja h\u00e4rk\u00e4pavun sadonkorjuun edelt\u00e4v\u00e4ss\u00e4 k\u00e4sittelyss\u00e4.<\/li>\n<\/ul>\n","protected":false},"featured_media":41932,"template":"","meta":{"_acf_changed":false,"_seopress_robots_primary_cat":"none","_seopress_titles_title":"","_seopress_titles_desc":"Rikkakasvien torjuntaan Taifun B 1 l - Yleistorjunta-aine juolavehn\u00e4n ja muiden vaikeasti torjuttavien rikkakasvien torjuntaan.","_seopress_robots_index":"","_gspb_post_css":""},"product_brand":[],"product_cat":[2392,2356,2362],"product_tag":[],"class_list":{"0":"post-41931","1":"product","2":"type-product","3":"status-publish","4":"has-post-thumbnail","6":"product_cat-kaikki-luokat","7":"product_cat-puutarhan-ja-kasvien-suojelu","8":"product_cat-rikkaruohojen-torjunta","10":"first","11":"outofstock","12":"featured","13":"taxable","14":"shipping-taxable","15":"purchasable","16":"product-type-simple"},"ct_brands":[],"acf":[],"_links":{"self":[{"href":"https:\/\/agrozone.ee\/fi\/wp-json\/wp\/v2\/product\/41931","targetHints":{"allow":["GET"]}}],"collection":[{"href":"https:\/\/agrozone.ee\/fi\/wp-json\/wp\/v2\/product"}],"about":[{"href":"https:\/\/agrozone.ee\/fi\/wp-json\/wp\/v2\/types\/product"}],"wp:featuredmedia":[{"embeddable":true,"href":"https:\/\/agrozone.ee\/fi\/wp-json\/wp\/v2\/media\/41932"}],"wp:attachment":[{"href":"https:\/\/agrozone.ee\/fi\/wp-json\/wp\/v2\/media?parent=41931"}],"wp:term":[{"taxonomy":"product_brand","embeddable":true,"href":"https:\/\/agrozone.ee\/fi\/wp-json\/wp\/v2\/product_brand?post=41931"},{"taxonomy":"product_cat","embeddable":true,"href":"https:\/\/agrozone.ee\/fi\/wp-json\/wp\/v2\/product_cat?post=41931"},{"taxonomy":"product_tag","embeddable":true,"href":"https:\/\/agrozone.ee\/fi\/wp-json\/wp\/v2\/product_tag?post=41931"}],"curies":[{"name":"wp","href":"https:\/\/api.w.org\/{rel}","templated":true}]}}