{"id":41935,"date":"2024-06-09T15:59:18","date_gmt":"2024-06-09T13:59:18","guid":{"rendered":"https:\/\/agrozone.ee\/toode\/taifun-b-100-ml\/"},"modified":"2024-06-09T15:59:18","modified_gmt":"2024-06-09T13:59:18","slug":"taifun-b-100-ml","status":"publish","type":"product","link":"https:\/\/agrozone.ee\/fi\/tuote\/taifun-b-100-ml\/","title":{"rendered":"Taifun B 100 ml"},"content":{"rendered":"<p><strong>Taifun B 100 ml<\/strong><\/p>\n<ul>\n<li>Yleistorjunta-aine juolavehn\u00e4n ja muiden vaikeasti torjuttavien rikkakasvien torjuntaan.<\/li>\n<li>K\u00e4ytet\u00e4\u00e4n nurmikon uudistamiseen, hedelm\u00e4- ja marjapuutarhojen sek\u00e4 taimitarhojen riviv\u00e4lien hoitoon, kaadettujen puiden kantojen uusien versojen kasvun est\u00e4miseen.<\/li>\n<li>Rikkakasvien torjuntaan nurmikoilla, kesannoilla, viljan s\u00e4nkipelloilla, siemen- ja luumarjapuiden sek\u00e4 marjapensaiden riviv\u00e4leiss\u00e4, muilla kuin maatalousalueilla, mets\u00e4taimitarhoilla, taimitarhoilla, viljelykasveilla sek\u00e4 ohdakkeen varsien h\u00e4vitt\u00e4miseen ristikosta ja sinimailaksesta, perunan ja sokerijuurikkaan oraiden esikasvatuksessa sek\u00e4 herneen ja h\u00e4rk\u00e4pavun sadonkorjuun edelt\u00e4v\u00e4ss\u00e4 k\u00e4sittelyss\u00e4.<\/li>\n<\/ul>\n<p><a href=\"https:\/\/agrozone.ee\/wp-content\/uploads\/2024\/10\/pta_taifun_b_vaikepakend_infoleht_ecf77a95.pdf\" target=\"_blank\" rel=\"noopener\">TIETOLEHTI<\/a><\/p>\n<p><a href=\"https:\/\/agrozone.ee\/wp-content\/uploads\/2024\/10\/ohutuskaart_taifun_b_ee_0ecacae9.pdf\">TURVALLISUUSKORTTI<\/a><\/p>\n<h3>K\u00e4ytt\u00f6ohjeet<\/h3>\n<ul>\n<li>100 ml liuotetaan 5\u20137,5 litraan vett\u00e4, riitt\u00e4\u00e4 250 m\u00b2:lle.<\/li>\n<li>Tutustu ennen k\u00e4ytt\u00f6\u00e4 k\u00e4ytt\u00f6ohjeeseen ja k\u00e4ytt\u00f6turvallisuustiedotteeseen.<\/li>\n<li>K\u00e4yt\u00e4 ty\u00f6t\u00e4 tehdess\u00e4si henkil\u00f6nsuojaimia.<\/li>\n<\/ul>\n","protected":false},"excerpt":{"rendered":"<ul>\n<li>Yleistorjunta-aine juolavehn\u00e4n ja muiden vaikeasti torjuttavien rikkakasvien torjuntaan.<\/li>\n<li>K\u00e4ytet\u00e4\u00e4n nurmikon uudistamiseen, hedelm\u00e4- ja marjapuutarhojen sek\u00e4 taimitarhojen riviv\u00e4lien hoitoon, kaadettujen puiden kantojen uusien versojen kasvun est\u00e4miseen.<\/li>\n<\/ul>\n","protected":false},"featured_media":41936,"template":"","meta":{"_acf_changed":false,"_seopress_robots_primary_cat":"none","_seopress_titles_title":"","_seopress_titles_desc":"Taifun B 100ml - Yleistorjunta-aine juolavehn\u00e4n ja muiden vaikeasti torjuttavien rikkakasvien torjuntaan.","_seopress_robots_index":"","_gspb_post_css":""},"product_brand":[],"product_cat":[2392,2356,2362],"product_tag":[],"class_list":{"0":"post-41935","1":"product","2":"type-product","3":"status-publish","4":"has-post-thumbnail","6":"product_cat-kaikki-luokat","7":"product_cat-puutarhan-ja-kasvien-suojelu","8":"product_cat-rikkaruohojen-torjunta","10":"first","11":"instock","12":"taxable","13":"shipping-taxable","14":"purchasable","15":"product-type-simple"},"ct_brands":[],"acf":[],"_links":{"self":[{"href":"https:\/\/agrozone.ee\/fi\/wp-json\/wp\/v2\/product\/41935","targetHints":{"allow":["GET"]}}],"collection":[{"href":"https:\/\/agrozone.ee\/fi\/wp-json\/wp\/v2\/product"}],"about":[{"href":"https:\/\/agrozone.ee\/fi\/wp-json\/wp\/v2\/types\/product"}],"wp:featuredmedia":[{"embeddable":true,"href":"https:\/\/agrozone.ee\/fi\/wp-json\/wp\/v2\/media\/41936"}],"wp:attachment":[{"href":"https:\/\/agrozone.ee\/fi\/wp-json\/wp\/v2\/media?parent=41935"}],"wp:term":[{"taxonomy":"product_brand","embeddable":true,"href":"https:\/\/agrozone.ee\/fi\/wp-json\/wp\/v2\/product_brand?post=41935"},{"taxonomy":"product_cat","embeddable":true,"href":"https:\/\/agrozone.ee\/fi\/wp-json\/wp\/v2\/product_cat?post=41935"},{"taxonomy":"product_tag","embeddable":true,"href":"https:\/\/agrozone.ee\/fi\/wp-json\/wp\/v2\/product_tag?post=41935"}],"curies":[{"name":"wp","href":"https:\/\/api.w.org\/{rel}","templated":true}]}}