{"id":41965,"date":"2024-06-09T16:07:33","date_gmt":"2024-06-09T14:07:33","guid":{"rendered":"https:\/\/agrozone.ee\/toode\/tomaatti-vilma\/"},"modified":"2026-02-23T13:04:38","modified_gmt":"2026-02-23T11:04:38","slug":"tomaatti-vilma","status":"publish","type":"product","link":"https:\/\/agrozone.ee\/fi\/tuote\/tomaatti-vilma\/","title":{"rendered":"TOMAATTI VILMA"},"content":{"rendered":"<ul>\n<li>TOMAATTI VILMA on puutarhureiden suosima k\u00e4\u00e4pi\u00f6tomaatti, satoisa lajike.<\/li>\n<li>Sopii ruukkukasvatukseen niin sis\u00e4tiloissa kuin parvekkeellakin.<\/li>\n<li>Kasvi kasvaa noin 20\u201325 cm korkeaksi.<\/li>\n<li>Hedelm\u00e4t ovat py\u00f6reit\u00e4, painavat noin 30 g.<\/li>\n<li>K\u00e4ytet\u00e4\u00e4n tuoreena tai s\u00e4il\u00f6ttyn\u00e4.<\/li>\n<\/ul>\n<h3>K\u00e4ytt\u00f6ohjeet<\/h3>\n<ul>\n<li><strong>M\u00e4\u00e4r\u00e4 pakkauksessa:<\/strong> 0,1 g<\/li>\n<li><strong>Sadonkorjuu:<\/strong> VII-VIII<\/li>\n<li><strong>Kylv\u00f6aika maahan:<\/strong> III-IV, 2 cm<\/li>\n<li><strong>Valmistaja:<\/strong> Agronom<\/li>\n<\/ul>\n","protected":false},"excerpt":{"rendered":"<ul>\n<li>TOMAATTI VILMA on puutarhureiden suosima k\u00e4\u00e4pi\u00f6tomaatti, satoisa lajike.<\/li>\n<li>Sopii ruukkukasvatukseen niin sis\u00e4tiloissa kuin parvekkeellakin.<\/li>\n<li>Kasvi kasvaa noin 20\u201325 cm korkeaksi.<\/li>\n<li>Hedelm\u00e4t ovat py\u00f6reit\u00e4, painavat noin 30 g.<\/li>\n<\/ul>\n","protected":false},"featured_media":4845,"template":"","meta":{"_acf_changed":false,"_seopress_robots_primary_cat":"","_seopress_titles_title":"","_seopress_titles_desc":"TOMAATTI VILMA on puutarhureiden suosima k\u00e4\u00e4pi\u00f6tomaatti, satoisa lajike. Sopii ruukkukasvatukseen niin sis\u00e4tiloissa kuin parvekkeellakin. Kasvi kasvaa noin 20\u201325 cm korkeaksi.  ","_seopress_robots_index":"","_gspb_post_css":""},"product_brand":[],"product_cat":[2392,2399,2422,2401],"product_tag":[],"class_list":{"0":"post-41965","1":"product","2":"type-product","3":"status-publish","4":"has-post-thumbnail","6":"product_cat-kaikki-luokat","7":"product_cat-siemenet","8":"product_cat-tomaatti","9":"product_cat-vihanneksien-siemenet","11":"first","12":"instock","13":"sale","14":"taxable","15":"shipping-taxable","16":"purchasable","17":"product-type-simple"},"ct_brands":[],"acf":[],"_links":{"self":[{"href":"https:\/\/agrozone.ee\/fi\/wp-json\/wp\/v2\/product\/41965","targetHints":{"allow":["GET"]}}],"collection":[{"href":"https:\/\/agrozone.ee\/fi\/wp-json\/wp\/v2\/product"}],"about":[{"href":"https:\/\/agrozone.ee\/fi\/wp-json\/wp\/v2\/types\/product"}],"wp:featuredmedia":[{"embeddable":true,"href":"https:\/\/agrozone.ee\/fi\/wp-json\/wp\/v2\/media\/4845"}],"wp:attachment":[{"href":"https:\/\/agrozone.ee\/fi\/wp-json\/wp\/v2\/media?parent=41965"}],"wp:term":[{"taxonomy":"product_brand","embeddable":true,"href":"https:\/\/agrozone.ee\/fi\/wp-json\/wp\/v2\/product_brand?post=41965"},{"taxonomy":"product_cat","embeddable":true,"href":"https:\/\/agrozone.ee\/fi\/wp-json\/wp\/v2\/product_cat?post=41965"},{"taxonomy":"product_tag","embeddable":true,"href":"https:\/\/agrozone.ee\/fi\/wp-json\/wp\/v2\/product_tag?post=41965"}],"curies":[{"name":"wp","href":"https:\/\/api.w.org\/{rel}","templated":true}]}}