{"id":41966,"date":"2024-07-05T10:03:18","date_gmt":"2024-07-05T08:03:18","guid":{"rendered":"https:\/\/agrozone.ee\/toode\/mega-kasvatuspakkaus-puutarhaan\/"},"modified":"2025-07-01T00:00:03","modified_gmt":"2025-06-30T22:00:03","slug":"mega-kasvatuspakkaus-puutarhaan","status":"publish","type":"product","link":"https:\/\/agrozone.ee\/fi\/tuote\/mega-kasvatuspakkaus-puutarhaan\/","title":{"rendered":"MEGA KASVATUSPAKKAUS PUUTARHAAN"},"content":{"rendered":"<p>MEGA KASVATUSPAKKAUS NELLY JELLY PUUTARHAAN<\/p>\n<ul>\n<li>Haluatko tulla oikeaksi puutarhuriksi ja luoda oman Sodomaanisi (Puutarhasi)?<\/li>\n<li>Ota siis perheesi mukaan ja astukaa lumoavaan kasvien maailmaan!<\/li>\n<li>T\u00e4m\u00e4 on leikkis\u00e4 matka ja taattu hyv\u00e4 tulos, jonka aikana viet\u00e4tte yhdess\u00e4 laatuaikaa ja edist\u00e4tte tiimity\u00f6t\u00e4, samalla kasvattaen luovuuttanne, vastuuntuntoanne ja tiet\u00e4myst\u00e4nne kasvien kasvatuksesta.<\/li>\n<li>Kun avaat Sodomaan laatikon, etsi ensin taikavoiman siemenet!<\/li>\n<li>N\u00e4m\u00e4 arvokkaat siemenet ovat valmiita kylvett\u00e4v\u00e4ksi minikasvihuoneessa, jossa voitte todistaa j\u00e4nnitt\u00e4v\u00e4\u00e4 matkaa, kun kasvit murtautuvat mullan l\u00e4pi pyrkiess\u00e4\u00e4n kohti auringonvaloa \u2013 se on todella taianomaista!<\/li>\n<li>Kun kasvit vihertyv\u00e4t ja kukkivat, voit ikuistaa niiden kauneuden v\u00e4rityskirjaan.<\/li>\n<li>Mutta j\u00e4nnitys ei lopu t\u00e4h\u00e4n!<\/li>\n<li>Pakkaukseen kuuluu tarroja, joilla voit koristella it\u00e4vi\u00e4 laatikoita tai kasvien nimikylttej\u00e4, jotka lis\u00e4\u00e4v\u00e4t omanlaista ilmett\u00e4 puutarhaasi.<\/li>\n<\/ul>\n<p><strong>Miten kasvattaa?<\/strong><\/p>\n<ul>\n<li>Aseta kookospelletit kuppeihin ja kaada niihin hitaasti 150\u2013175 ml vett\u00e4 v\u00e4hitellen.<\/li>\n<li>Odota 3\u20135 minuuttia, ett\u00e4 tabletit turpoavat.<\/li>\n<li>Kastele multa ennen siemennauhojen asettamista.<\/li>\n<li>Peit\u00e4 asetetut nauhat mullalla ja kastele sitten uudelleen runsaasti.<\/li>\n<li>Aseta p\u00e4\u00e4lle kasvihuoneen kansi.<\/li>\n<li>Kastele s\u00e4\u00e4nn\u00f6llisesti.<\/li>\n<li>Aloita puutarhaseikkailusi parvekkeella, puutarhassa tai suoraan ikkunalaudalla!<\/li>\n<\/ul>\n<p><strong>Pakkaukseen kuuluu:<\/strong> Erilaisia siemeni\u00e4 6 kpl (tomaatti, retiisi, salaatti, vesikrassi, rucola, kissanminttu), it\u00e4misastiat 6 kpl, bambusetikettej\u00e4 6 kpl, kookospellettej\u00e4 6 kpl, tarroja, v\u00e4rikyni\u00e4, v\u00e4rityskirja.<\/p>\n","protected":false},"excerpt":{"rendered":"<ul>\n<li>T\u00e4m\u00e4 on leikkis\u00e4 matka ja taattu hyv\u00e4 tulos, jonka aikana viet\u00e4tte yhdess\u00e4 laatuaikaa ja edist\u00e4tte tiimity\u00f6t\u00e4, samalla kasvattaen luovuuttanne, vastuuntuntoanne ja tiet\u00e4myst\u00e4nne kasvien kasvatuksesta.<\/li>\n<li>Kun avaat Sodomaan laatikon, etsi ensin taikavoiman siemenet!<\/li>\n<li>N\u00e4m\u00e4 arvokkaat siemenet ovat valmiita kylvett\u00e4v\u00e4ksi minikasvihuoneessa, jossa voitte todistaa j\u00e4nnitt\u00e4v\u00e4\u00e4 matkaa, kun kasvit murtautuvat mullan l\u00e4pi pyrkiess\u00e4\u00e4n kohti auringonvaloa \u2013 se on todella taianomaista!<\/li>\n<li>Kun kasvit vihertyv\u00e4t ja kukkivat, voit ikuistaa niiden kauneuden v\u00e4rityskirjaan.<\/li>\n<li>Mutta j\u00e4nnitys ei lopu t\u00e4h\u00e4n!<\/li>\n<li>Pakkaukseen kuuluu tarroja, joilla voit koristella it\u00e4vi\u00e4 laatikoita tai kasvien nimikylttej\u00e4, jotka lis\u00e4\u00e4v\u00e4t omanlaista ilmett\u00e4 puutarhaasi.<\/li>\n<\/ul>\n","protected":false},"featured_media":41968,"template":"","meta":{"_acf_changed":false,"_seopress_robots_primary_cat":"none","_seopress_titles_title":"","_seopress_titles_desc":"","_seopress_robots_index":"","_gspb_post_css":""},"product_brand":[],"product_cat":[2392,2400,2418,2419,2399,2422,2401],"product_tag":[],"class_list":{"0":"post-41966","1":"product","2":"type-product","3":"status-publish","4":"has-post-thumbnail","6":"product_cat-kaikki-luokat","7":"product_cat-kasvatuspakkaukset","8":"product_cat-retiisi","9":"product_cat-salaatit-ja-muut","10":"product_cat-siemenet","11":"product_cat-tomaatti","12":"product_cat-vihanneksien-siemenet","14":"first","15":"instock","16":"taxable","17":"shipping-taxable","18":"purchasable","19":"product-type-simple"},"ct_brands":[],"acf":[],"_links":{"self":[{"href":"https:\/\/agrozone.ee\/fi\/wp-json\/wp\/v2\/product\/41966","targetHints":{"allow":["GET"]}}],"collection":[{"href":"https:\/\/agrozone.ee\/fi\/wp-json\/wp\/v2\/product"}],"about":[{"href":"https:\/\/agrozone.ee\/fi\/wp-json\/wp\/v2\/types\/product"}],"wp:featuredmedia":[{"embeddable":true,"href":"https:\/\/agrozone.ee\/fi\/wp-json\/wp\/v2\/media\/41968"}],"wp:attachment":[{"href":"https:\/\/agrozone.ee\/fi\/wp-json\/wp\/v2\/media?parent=41966"}],"wp:term":[{"taxonomy":"product_brand","embeddable":true,"href":"https:\/\/agrozone.ee\/fi\/wp-json\/wp\/v2\/product_brand?post=41966"},{"taxonomy":"product_cat","embeddable":true,"href":"https:\/\/agrozone.ee\/fi\/wp-json\/wp\/v2\/product_cat?post=41966"},{"taxonomy":"product_tag","embeddable":true,"href":"https:\/\/agrozone.ee\/fi\/wp-json\/wp\/v2\/product_tag?post=41966"}],"curies":[{"name":"wp","href":"https:\/\/api.w.org\/{rel}","templated":true}]}}