{"id":41980,"date":"2024-06-09T16:07:58","date_gmt":"2024-06-09T14:07:58","guid":{"rendered":"https:\/\/agrozone.ee\/toode\/tomaatti-siive\/"},"modified":"2024-06-09T16:07:58","modified_gmt":"2024-06-09T14:07:58","slug":"tomaatti-siive","status":"publish","type":"product","link":"https:\/\/agrozone.ee\/fi\/tuote\/tomaatti-siive\/","title":{"rendered":"Tomaatti Siive"},"content":{"rendered":"<p><strong>Tomaatti Siive 20s<\/strong><\/p>\n<ul>\n<li>Matalakasvuinen aikainen ja satoisa lajike.<\/li>\n<li>Hedelm\u00e4t ovat oranssinv\u00e4risi\u00e4, py\u00f6reit\u00e4 ja keskikokoisia (paino 70\u201380 g).<\/li>\n<li>Suuren ja aikaisen sadon sek\u00e4 matalan kasvun ansiosta sit\u00e4 voidaan menestyksekk\u00e4\u00e4sti kasvattaa my\u00f6s kasvihuoneessa.<\/li>\n<\/ul>\n<h3>K\u00e4ytt\u00f6ohjeet<\/h3>\n<p><strong>KYLV\u00d6 JA KASVATUS. <\/strong><\/p>\n<ul>\n<li>Kasvihuone- tai tunneliviljelyyn.<\/li>\n<li>Esikylv\u00f6 helmi-huhtikuussa.<\/li>\n<li>Taimien v\u00e4linen et\u00e4isyys 50\u2013100 cm, riviv\u00e4li 40 \u00d7 75 cm.<\/li>\n<\/ul>\n","protected":false},"excerpt":{"rendered":"<ul>\n<li>Matalakasvuinen aikainen ja satoisa lajike.<\/li>\n<li>Hedelm\u00e4t ovat oranssinv\u00e4risi\u00e4, py\u00f6reit\u00e4 ja keskikokoisia (paino 70\u201380 g).<\/li>\n<li>Suuren ja aikaisen sadon sek\u00e4 matalan kasvun ansiosta sit\u00e4 voidaan menestyksekk\u00e4\u00e4sti kasvattaa my\u00f6s kasvihuoneessa.<\/li>\n<\/ul>\n","protected":false},"featured_media":42188,"template":"","meta":{"_acf_changed":false,"_seopress_robots_primary_cat":"","_seopress_titles_title":"","_seopress_titles_desc":"TOMAATTI Siive - Matalakasvuinen aikainen ja satoisa lajike. Hedelm\u00e4t ovat oranssinv\u00e4risi\u00e4, py\u00f6reit\u00e4 ja keskikokoisia. Voidaan kasvattaa menestyksekk\u00e4\u00e4sti my\u00f6s kasvihuoneessa.  ","_seopress_robots_index":"","_gspb_post_css":""},"product_brand":[],"product_cat":[2392,2399,2422,2401],"product_tag":[],"class_list":{"0":"post-41980","1":"product","2":"type-product","3":"status-publish","4":"has-post-thumbnail","6":"product_cat-kaikki-luokat","7":"product_cat-siemenet","8":"product_cat-tomaatti","9":"product_cat-vihanneksien-siemenet","11":"first","12":"instock","13":"taxable","14":"shipping-taxable","15":"purchasable","16":"product-type-simple"},"ct_brands":[],"acf":[],"_links":{"self":[{"href":"https:\/\/agrozone.ee\/fi\/wp-json\/wp\/v2\/product\/41980","targetHints":{"allow":["GET"]}}],"collection":[{"href":"https:\/\/agrozone.ee\/fi\/wp-json\/wp\/v2\/product"}],"about":[{"href":"https:\/\/agrozone.ee\/fi\/wp-json\/wp\/v2\/types\/product"}],"wp:featuredmedia":[{"embeddable":true,"href":"https:\/\/agrozone.ee\/fi\/wp-json\/wp\/v2\/media\/42188"}],"wp:attachment":[{"href":"https:\/\/agrozone.ee\/fi\/wp-json\/wp\/v2\/media?parent=41980"}],"wp:term":[{"taxonomy":"product_brand","embeddable":true,"href":"https:\/\/agrozone.ee\/fi\/wp-json\/wp\/v2\/product_brand?post=41980"},{"taxonomy":"product_cat","embeddable":true,"href":"https:\/\/agrozone.ee\/fi\/wp-json\/wp\/v2\/product_cat?post=41980"},{"taxonomy":"product_tag","embeddable":true,"href":"https:\/\/agrozone.ee\/fi\/wp-json\/wp\/v2\/product_tag?post=41980"}],"curies":[{"name":"wp","href":"https:\/\/api.w.org\/{rel}","templated":true}]}}