{"id":41981,"date":"2024-06-09T16:06:02","date_gmt":"2024-06-09T13:06:02","guid":{"rendered":"https:\/\/agrozone.ee\/toode\/rikkakasvien-torjuntaan-hobby-1-l-kayttovalmis\/"},"modified":"2024-06-09T16:06:02","modified_gmt":"2024-06-09T14:06:02","slug":"rikkakasvien-torjuntaan-hobby-1-l-kayttovalmis","status":"publish","type":"product","link":"https:\/\/agrozone.ee\/fi\/tuote\/rikkakasvien-torjuntaan-hobby-1-l-kayttovalmis\/","title":{"rendered":"Rikkakasvien torjuntaan Hobby 1 l (k\u00e4ytt\u00f6valmis)"},"content":{"rendered":"<p><strong>Rikkakasvien torjuntaan Hobby 1 l (k\u00e4ytt\u00f6valmis)<\/strong><\/p>\n<ul>\n<li>Ei sis\u00e4ll\u00e4 glyfosaattia.<\/li>\n<li>K\u00e4ytt\u00f6valmis rikkakasvien torjunta-aine yksivuotisten kaksikasvuisten rikkakasvien torjuntaan teill\u00e4, poluilla ja alueilla, joissa on vett\u00e4 l\u00e4p\u00e4isev\u00e4 pinta sek\u00e4 koristepuiden ja -pensaiden riviv\u00e4leiss\u00e4, ja sammaleen torjuntaan koristepuiden ja -pensaiden riviv\u00e4leiss\u00e4.<\/li>\n<\/ul>\n<p><a href=\"https:\/\/agrozone.ee\/wp-content\/uploads\/2024\/10\/umbrohutorje-hobby_300000008187_ee_et_1.0_08.02.2022.pdf\">TURVALLISUUSKORTTI<\/a><\/p>\n<h4>K\u00e4ytt\u00f6ohjeet<\/h4>\n<ul>\n<li>Torjuttavat kasvit k\u00e4sitell\u00e4\u00e4n huolellisesti.<\/li>\n<li>K\u00e4yt\u00e4 valmistetta etiketin ohjeiden ja sallittujen k\u00e4ytt\u00f6m\u00e4\u00e4r\u00e4n mukaisesti.<\/li>\n<li>Enimm\u00e4isk\u00e4ytt\u00f6 kasvukaudella: 4 kertaa 7 p\u00e4iv\u00e4n v\u00e4lein.<\/li>\n<li>Kertak\u00e4ytt\u00f6kulutus on 30 ml ainetta 10 m\u00b2:lle.<\/li>\n<li>V\u00e4lt\u00e4 ty\u00f6liuoksen levi\u00e4mist\u00e4\/joutumista ruiskutusalueen ulkopuolelle ja kasveille.<\/li>\n<li>Kasvien ruskettumisen ja kuivumisen j\u00e4lkeen voi aloittaa kylv\u00f6n ja istutuksen.<\/li>\n<li>Kuolleet tai lakastuvat kasvit voi kompostoida tai kaivaa maahan ilman, ett\u00e4 se vaikuttaa my\u00f6hemmin kasvaviin kasveihin.<\/li>\n<\/ul>\n","protected":false},"excerpt":{"rendered":"<ul>\n<li>Ei sis\u00e4ll\u00e4 glyfosaattia.<\/li>\n<li>K\u00e4ytt\u00f6valmis rikkakasvien torjunta-aine yksivuotisten kaksikasvuisten rikkakasvien torjuntaan teill\u00e4, poluilla ja alueilla, joissa on vett\u00e4 l\u00e4p\u00e4isev\u00e4 pinta sek\u00e4 koristepuiden ja -pensaiden riviv\u00e4leiss\u00e4, ja sammaleen torjuntaan koristepuiden ja -pensaiden riviv\u00e4leiss\u00e4.<\/li>\n<\/ul>\n<h4>K\u00e4ytt\u00f6ohjeet<\/h4>\n<ul>\n<li>Torjuttavat kasvit k\u00e4sitell\u00e4\u00e4n huolellisesti.<\/li>\n<li>K\u00e4yt\u00e4 valmistetta etiketin ohjeiden ja sallittujen k\u00e4ytt\u00f6m\u00e4\u00e4r\u00e4n mukaisesti.<\/li>\n<li>Enimm\u00e4isk\u00e4ytt\u00f6 kasvukaudella: 4 kertaa 7 p\u00e4iv\u00e4n v\u00e4lein.<\/li>\n<li>Kertak\u00e4ytt\u00f6kulutus on 30 ml ainetta 10 m\u00b2:lle.<\/li>\n<\/ul>\n","protected":false},"featured_media":41985,"template":"","meta":{"_acf_changed":false,"_seopress_robots_primary_cat":"none","_seopress_titles_title":"","_seopress_titles_desc":"Rikkakasvien torjuntaan Hobby (k\u00e4ytt\u00f6valmis). Ei sis\u00e4ll\u00e4 glyfosaattia. K\u00e4ytt\u00f6valmis rikkakasvien torjunta-aine yksivuotisten kaksikasvuisten rikkakasvien torjuntaan.  ","_seopress_robots_index":"","_gspb_post_css":""},"product_brand":[],"product_cat":[2392,2356,2362],"product_tag":[],"class_list":{"0":"post-41981","1":"product","2":"type-product","3":"status-publish","4":"has-post-thumbnail","6":"product_cat-kaikki-luokat","7":"product_cat-puutarhan-ja-kasvien-suojelu","8":"product_cat-rikkaruohojen-torjunta","10":"first","11":"instock","12":"taxable","13":"shipping-taxable","14":"purchasable","15":"product-type-simple"},"ct_brands":[],"acf":[],"_links":{"self":[{"href":"https:\/\/agrozone.ee\/fi\/wp-json\/wp\/v2\/product\/41981","targetHints":{"allow":["GET"]}}],"collection":[{"href":"https:\/\/agrozone.ee\/fi\/wp-json\/wp\/v2\/product"}],"about":[{"href":"https:\/\/agrozone.ee\/fi\/wp-json\/wp\/v2\/types\/product"}],"wp:featuredmedia":[{"embeddable":true,"href":"https:\/\/agrozone.ee\/fi\/wp-json\/wp\/v2\/media\/41985"}],"wp:attachment":[{"href":"https:\/\/agrozone.ee\/fi\/wp-json\/wp\/v2\/media?parent=41981"}],"wp:term":[{"taxonomy":"product_brand","embeddable":true,"href":"https:\/\/agrozone.ee\/fi\/wp-json\/wp\/v2\/product_brand?post=41981"},{"taxonomy":"product_cat","embeddable":true,"href":"https:\/\/agrozone.ee\/fi\/wp-json\/wp\/v2\/product_cat?post=41981"},{"taxonomy":"product_tag","embeddable":true,"href":"https:\/\/agrozone.ee\/fi\/wp-json\/wp\/v2\/product_tag?post=41981"}],"curies":[{"name":"wp","href":"https:\/\/api.w.org\/{rel}","templated":true}]}}