{"id":41984,"date":"2024-06-09T16:09:13","date_gmt":"2024-06-09T14:09:13","guid":{"rendered":"https:\/\/agrozone.ee\/toode\/porkkana-amsterdam-2-100g\/"},"modified":"2024-06-09T16:09:13","modified_gmt":"2024-06-09T14:09:13","slug":"porkkana-amsterdam-2-100g","status":"publish","type":"product","link":"https:\/\/agrozone.ee\/fi\/tuote\/porkkana-amsterdam-2-100g\/","title":{"rendered":"PORKKANA AMSTERDAM 2 100G"},"content":{"rendered":"<p>PORKKANA AMSTERDAM 2 100G<\/p>\n<ul>\n<li>Aikainen lajike, jota viljell\u00e4\u00e4n tuorek\u00e4ytt\u00f6\u00f6n ja lyhytaikaiseen varastointiin.<\/li>\n<li>Juuret ovat tylp\u00e4t, noin 15-17 cm pitk\u00e4t.<\/li>\n<li>Porkkanat kasvavat parhaiten humuspitoisessa, ei-kosteassa, savisessa tai hiesusavisessa maaper\u00e4ss\u00e4.<\/li>\n<li>Voidaan kylv\u00e4\u00e4 syksyll\u00e4.<\/li>\n<li>Jos maa on raskasta, it\u00e4\u00e4 huonosti, juuret ovat lyhyet, haaroittuneet ja halkeilevat.<\/li>\n<li>T\u00e4ll\u00e4 suositulla porkkanalajikkeella ei ole vain aikainen sato, vaan my\u00f6s erinomainen maku ja ravintoarvo, joka miellytt\u00e4\u00e4 sinua ja perhett\u00e4si.<\/li>\n<\/ul>\n<p>M\u00e4\u00e4r\u00e4 pakkauksessa: 100 g<br \/>\nSiementen lukum\u00e4\u00e4r\u00e4 grammassa: 800-1000<br \/>\nKylv\u00f6aika maahan: III-V, X, 2-3 cm<br \/>\nIstutusv\u00e4li: 25 x 5 cm<br \/>\nSadonkorjuu: VI-VIII<br \/>\nTuotemerkki: Agronom<br \/>\nAurinkoinen paikka: Kyll\u00e4<\/p>\n","protected":false},"excerpt":{"rendered":"<p>Daucus carota L.<\/p>\n<ul>\n<li>Aikainen lajike, jota viljell\u00e4\u00e4n tuorek\u00e4ytt\u00f6\u00f6n ja lyhytaikaiseen varastointiin.<\/li>\n<li>Juuret ovat tylp\u00e4t, noin 15-17 cm pitk\u00e4t.<\/li>\n<li>Porkkanat kasvavat parhaiten humuspitoisessa, ei-kosteassa, savisessa tai hiesusavisessa maaper\u00e4ss\u00e4.<\/li>\n<li>Voidaan kylv\u00e4\u00e4 syksyll\u00e4.<\/li>\n<\/ul>\n","protected":false},"featured_media":41986,"template":"","meta":{"_acf_changed":false,"_seopress_robots_primary_cat":"","_seopress_titles_title":"","_seopress_titles_desc":"PORKKANA AMSTERDAM 2 on aikainen lajike, jota viljell\u00e4\u00e4n tuorek\u00e4ytt\u00f6\u00f6n ja lyhytaikaiseen varastointiin. Juuret ovat tylp\u00e4t, noin 15-17 cm pitk\u00e4t.","_seopress_robots_index":"","_gspb_post_css":""},"product_brand":[],"product_cat":[2392,2417,2399,2401],"product_tag":[],"class_list":{"0":"post-41984","1":"product","2":"type-product","3":"status-publish","4":"has-post-thumbnail","6":"product_cat-kaikki-luokat","7":"product_cat-porkkana","8":"product_cat-siemenet","9":"product_cat-vihanneksien-siemenet","11":"first","12":"instock","13":"taxable","14":"shipping-taxable","15":"purchasable","16":"product-type-simple"},"ct_brands":[],"acf":[],"_links":{"self":[{"href":"https:\/\/agrozone.ee\/fi\/wp-json\/wp\/v2\/product\/41984","targetHints":{"allow":["GET"]}}],"collection":[{"href":"https:\/\/agrozone.ee\/fi\/wp-json\/wp\/v2\/product"}],"about":[{"href":"https:\/\/agrozone.ee\/fi\/wp-json\/wp\/v2\/types\/product"}],"wp:featuredmedia":[{"embeddable":true,"href":"https:\/\/agrozone.ee\/fi\/wp-json\/wp\/v2\/media\/41986"}],"wp:attachment":[{"href":"https:\/\/agrozone.ee\/fi\/wp-json\/wp\/v2\/media?parent=41984"}],"wp:term":[{"taxonomy":"product_brand","embeddable":true,"href":"https:\/\/agrozone.ee\/fi\/wp-json\/wp\/v2\/product_brand?post=41984"},{"taxonomy":"product_cat","embeddable":true,"href":"https:\/\/agrozone.ee\/fi\/wp-json\/wp\/v2\/product_cat?post=41984"},{"taxonomy":"product_tag","embeddable":true,"href":"https:\/\/agrozone.ee\/fi\/wp-json\/wp\/v2\/product_tag?post=41984"}],"curies":[{"name":"wp","href":"https:\/\/api.w.org\/{rel}","templated":true}]}}