{"id":41988,"date":"2024-06-09T16:10:26","date_gmt":"2024-06-09T14:10:26","guid":{"rendered":"https:\/\/agrozone.ee\/toode\/porkkana-rondo\/"},"modified":"2024-06-09T16:10:26","modified_gmt":"2024-06-09T14:10:26","slug":"porkkana-rondo","status":"publish","type":"product","link":"https:\/\/agrozone.ee\/fi\/tuote\/porkkana-rondo\/","title":{"rendered":"Porkkana RONDO"},"content":{"rendered":"<p>Porkkana RONDO<\/p>\n<ul>\n<li>Eritt\u00e4in aikainen lajike.<\/li>\n<li>Kasvuaika on 73\u201378 p\u00e4iv\u00e4\u00e4 kylv\u00f6st\u00e4.<\/li>\n<li>Juuret ovat py\u00f6re\u00e4t, makeat, halkeamisenkest\u00e4v\u00e4t, eiv\u00e4t viherry edes pinnalle noustessaan.<\/li>\n<li>Sopii hyvin tuorek\u00e4ytt\u00f6\u00f6n, s\u00e4il\u00f6nt\u00e4\u00e4n ja pakastukseen.<\/li>\n<li>Py\u00f6re\u00e4t juuret voidaan s\u00e4ilytt\u00e4\u00e4 leikkaamattomina yhdess\u00e4 muiden vihannesten kanssa.<\/li>\n<\/ul>\n<p>M\u00e4\u00e4r\u00e4 pakkauksessa: 2 g<br \/>\nSiementen lukum\u00e4\u00e4r\u00e4 grammassa: Noin 800-1000 siement\u00e4.<br \/>\nKylv\u00f6aika maahan: X, IV-V<br \/>\nIstutusv\u00e4li: 20 x 5 cm<br \/>\nSadonkorjuu: VI-VII<br \/>\nKasvupaikka: Pelto<br \/>\nTuotemerkki: \u017dalia stotel\u0117<br \/>\nAurinkoinen paikka: Kyll\u00e4<br \/>\nValmistusmenetelm\u00e4t: Pakastus, s\u00e4il\u00f6nt\u00e4<\/p>\n","protected":false},"excerpt":{"rendered":"<p><strong>Daucus carota L.<\/strong><\/p>\n<ul>\n<li>Eritt\u00e4in aikainen lajike.<\/li>\n<li>Kasvuaika on 73\u201378 p\u00e4iv\u00e4\u00e4 kylv\u00f6st\u00e4.<\/li>\n<li>Juuret ovat py\u00f6re\u00e4t, makeat, halkeamisenkest\u00e4v\u00e4t, eiv\u00e4t viherry edes pinnalle noustessaan.<\/li>\n<li>Sopii hyvin tuorek\u00e4ytt\u00f6\u00f6n, s\u00e4il\u00f6nt\u00e4\u00e4n ja pakastukseen.<\/li>\n<\/ul>\n","protected":false},"featured_media":41990,"template":"","meta":{"_acf_changed":false,"_seopress_robots_primary_cat":"","_seopress_titles_title":"","_seopress_titles_desc":"Porkkana RONDO - Eritt\u00e4in aikainen lajike. Juuret ovat py\u00f6re\u00e4t, makeat, halkeamisenkest\u00e4v\u00e4t, eiv\u00e4t viherry edes pinnalle noustessaan. ","_seopress_robots_index":"","_gspb_post_css":""},"product_brand":[],"product_cat":[2392,2417,2399,2401],"product_tag":[],"class_list":{"0":"post-41988","1":"product","2":"type-product","3":"status-publish","4":"has-post-thumbnail","6":"product_cat-kaikki-luokat","7":"product_cat-porkkana","8":"product_cat-siemenet","9":"product_cat-vihanneksien-siemenet","11":"first","12":"instock","13":"taxable","14":"shipping-taxable","15":"purchasable","16":"product-type-simple"},"ct_brands":[],"acf":[],"_links":{"self":[{"href":"https:\/\/agrozone.ee\/fi\/wp-json\/wp\/v2\/product\/41988","targetHints":{"allow":["GET"]}}],"collection":[{"href":"https:\/\/agrozone.ee\/fi\/wp-json\/wp\/v2\/product"}],"about":[{"href":"https:\/\/agrozone.ee\/fi\/wp-json\/wp\/v2\/types\/product"}],"wp:featuredmedia":[{"embeddable":true,"href":"https:\/\/agrozone.ee\/fi\/wp-json\/wp\/v2\/media\/41990"}],"wp:attachment":[{"href":"https:\/\/agrozone.ee\/fi\/wp-json\/wp\/v2\/media?parent=41988"}],"wp:term":[{"taxonomy":"product_brand","embeddable":true,"href":"https:\/\/agrozone.ee\/fi\/wp-json\/wp\/v2\/product_brand?post=41988"},{"taxonomy":"product_cat","embeddable":true,"href":"https:\/\/agrozone.ee\/fi\/wp-json\/wp\/v2\/product_cat?post=41988"},{"taxonomy":"product_tag","embeddable":true,"href":"https:\/\/agrozone.ee\/fi\/wp-json\/wp\/v2\/product_tag?post=41988"}],"curies":[{"name":"wp","href":"https:\/\/api.w.org\/{rel}","templated":true}]}}