{"id":41992,"date":"2024-06-09T16:13:26","date_gmt":"2024-06-09T13:13:26","guid":{"rendered":"https:\/\/agrozone.ee\/toode\/rikkakasvien-torjuntaan-roundup-ultra-500-ml\/"},"modified":"2024-06-09T16:13:26","modified_gmt":"2024-06-09T14:13:26","slug":"rikkakasvien-torjuntaan-roundup-ultra-500-ml","status":"publish","type":"product","link":"https:\/\/agrozone.ee\/fi\/tuote\/rikkakasvien-torjuntaan-roundup-ultra-500-ml\/","title":{"rendered":"Rikkakasvien torjuntaan Roundup Ultra 500 ml"},"content":{"rendered":"<p><strong>Rikkakasvien torjuntaan Roundup Ultra 500 ml<\/strong><\/p>\n<ul>\n<li>500 ml &#8211; 217m<sup>2<\/sup><\/li>\n<li>Yksivuotisten kaksikasvuisten rikkakasvien torjuntaan teill\u00e4, poluilla ja alueilla, joissa on vett\u00e4 l\u00e4p\u00e4isev\u00e4 pinta sek\u00e4 koristepuiden ja -pensaiden riviv\u00e4leiss\u00e4, ja sammaleen torjuntaan koristepuiden ja -pensaiden riviv\u00e4leiss\u00e4.<\/li>\n<\/ul>\n<p><a href=\"https:\/\/agrozone.ee\/wp-content\/uploads\/2024\/10\/umbrohutorje_ultra_300000007741_ee_et_10_08022022_ef88f26e.pdf\"><strong>K\u00e4ytt\u00f6turvallisuustiedote<\/strong><\/a><\/p>\n<h4>K\u00e4ytt\u00f6ohjeet<\/h4>\n<ul>\n<li>Torjuttavat kasvit k\u00e4sitell\u00e4\u00e4n huolellisesti.<\/li>\n<li>K\u00e4yt\u00e4 valmistetta etiketin ohjeiden ja sallittujen k\u00e4ytt\u00f6m\u00e4\u00e4r\u00e4n mukaisesti.<\/li>\n<li>Enimm\u00e4isk\u00e4ytt\u00f6 kasvukaudella: 4 kertaa 7\u201321 p\u00e4iv\u00e4n v\u00e4lein.<\/li>\n<li>Kertak\u00e4ytt\u00f6kulutus on 23 ml ainetta 300\u2013500 ml:aan vett\u00e4 10 m<sup>\u00b2<\/sup>:lle.<\/li>\n<li>V\u00e4lt\u00e4 ty\u00f6liuoksen levi\u00e4mist\u00e4\/joutumista ruiskutusalueen ulkopuolelle ja kasveille.<\/li>\n<li>Kasvien ruskettumisen ja kuivumisen j\u00e4lkeen voi aloittaa kylv\u00f6n ja istutuksen.<\/li>\n<li>Kuolleet tai lakastuvat kasvit voi kompostoida tai kaivaa maahan ilman, ett\u00e4 se vaikuttaa my\u00f6hemmin kasvaviin kasveihin.<\/li>\n<\/ul>\n","protected":false},"excerpt":{"rendered":"<ul>\n<li>500 ml &#8211; 217m<sup>2<\/sup><\/li>\n<li>Yksivuotisten kaksikasvuisten rikkakasvien torjuntaan teill\u00e4, poluilla ja alueilla, joissa on vett\u00e4 l\u00e4p\u00e4isev\u00e4 pinta sek\u00e4 koristepuiden ja -pensaiden riviv\u00e4leiss\u00e4, ja sammaleen torjuntaan koristepuiden ja -pensaiden riviv\u00e4leiss\u00e4.<\/li>\n<\/ul>\n<h4>K\u00e4ytt\u00f6ohjeet<\/h4>\n<ul>\n<li>Torjuttavat kasvit k\u00e4sitell\u00e4\u00e4n huolellisesti.<\/li>\n<li>K\u00e4yt\u00e4 valmistetta etiketin ohjeiden ja sallittujen k\u00e4ytt\u00f6m\u00e4\u00e4r\u00e4n mukaisesti.<\/li>\n<li>Enimm\u00e4isk\u00e4ytt\u00f6 kasvukaudella: 4 kertaa 7\u201321 p\u00e4iv\u00e4n v\u00e4lein.<\/li>\n<li>Kertak\u00e4ytt\u00f6kulutus on 23 ml ainetta 300\u2013500 ml:aan vett\u00e4 10 m<sup>\u00b2<\/sup>:lle.<\/li>\n<\/ul>\n","protected":false},"featured_media":41994,"template":"","meta":{"_acf_changed":false,"_seopress_robots_primary_cat":"none","_seopress_titles_title":"","_seopress_titles_desc":"Rikkakasvien torjuntaan Roundup Ultra 500 ml \u2013 217 m\u00b2. Yksivuotisten kaksikasvuisten rikkakasvien torjuntaan teill\u00e4, poluilla ja alueilla. ","_seopress_robots_index":"","_gspb_post_css":""},"product_brand":[],"product_cat":[2392,2356,2362],"product_tag":[],"class_list":{"0":"post-41992","1":"product","2":"type-product","3":"status-publish","4":"has-post-thumbnail","6":"product_cat-kaikki-luokat","7":"product_cat-puutarhan-ja-kasvien-suojelu","8":"product_cat-rikkaruohojen-torjunta","10":"first","11":"instock","12":"taxable","13":"shipping-taxable","14":"purchasable","15":"product-type-simple"},"ct_brands":[],"acf":[],"_links":{"self":[{"href":"https:\/\/agrozone.ee\/fi\/wp-json\/wp\/v2\/product\/41992","targetHints":{"allow":["GET"]}}],"collection":[{"href":"https:\/\/agrozone.ee\/fi\/wp-json\/wp\/v2\/product"}],"about":[{"href":"https:\/\/agrozone.ee\/fi\/wp-json\/wp\/v2\/types\/product"}],"wp:featuredmedia":[{"embeddable":true,"href":"https:\/\/agrozone.ee\/fi\/wp-json\/wp\/v2\/media\/41994"}],"wp:attachment":[{"href":"https:\/\/agrozone.ee\/fi\/wp-json\/wp\/v2\/media?parent=41992"}],"wp:term":[{"taxonomy":"product_brand","embeddable":true,"href":"https:\/\/agrozone.ee\/fi\/wp-json\/wp\/v2\/product_brand?post=41992"},{"taxonomy":"product_cat","embeddable":true,"href":"https:\/\/agrozone.ee\/fi\/wp-json\/wp\/v2\/product_cat?post=41992"},{"taxonomy":"product_tag","embeddable":true,"href":"https:\/\/agrozone.ee\/fi\/wp-json\/wp\/v2\/product_tag?post=41992"}],"curies":[{"name":"wp","href":"https:\/\/api.w.org\/{rel}","templated":true}]}}